{"id":14775,"date":"2025-07-25T11:55:47","date_gmt":"2025-07-25T11:55:47","guid":{"rendered":"https:\/\/boreait.com\/it\/?post_type=product&#038;p=14775"},"modified":"2025-07-25T11:56:40","modified_gmt":"2025-07-25T11:56:40","slug":"cerniere-sinistra-e-destra-originali-dell-latitude-e7270-sostituzione-della-cerniera-dello-schermo-del-laptop","status":"publish","type":"product","link":"https:\/\/boreait.com\/it\/product\/cerniere-sinistra-e-destra-originali-dell-latitude-e7270-sostituzione-della-cerniera-dello-schermo-del-laptop\/","title":{"rendered":"Cerniere sinistra e destra originali Dell Latitude E7270 &#8211; Sostituzione della cerniera dello schermo del laptop"},"content":{"rendered":"<p>Aggiorna e mantieni il tuo laptop Dell Latitude E7270 con le cerniere sinistra e destra originali Dell Latitude E7270. Se riscontri problemi con il movimento dello schermo del tuo laptop o se le cerniere sono danneggiate, questi ricambi originali Dell sono la soluzione perfetta.<\/p>\n<p>Caratteristiche principali:<\/p>\n<ul>\n<li>Cerniere sinistra e destra originali Dell Latitude E7270<\/li>\n<li>Ideali per la sostituzione delle cerniere dello schermo del laptop<\/li>\n<li>Progettate per una perfetta compatibilit\u00e0 con il modello Dell Latitude E7270<\/li>\n<li>Ripristinano la fluidit\u00e0 di apertura e chiusura<\/li>\n<li>Garantiscono la longevit\u00e0 e la resistenza dello schermo del tuo laptop<\/li>\n<\/ul>\n<p>Queste cerniere sono prodotte da Dell, garantendo gli elevati standard di qualit\u00e0 e compatibilit\u00e0 che ti aspetti dai ricambi originali Dell. Sostituendo le cerniere del tuo laptop, non solo risolvi i problemi attuali, ma previeni anche potenziali danni allo schermo e ad altri componenti.<\/p>\n<p>Si prega di notare che questo annuncio include foto reali delle cerniere sinistra e destra originali del Dell Latitude E7270 e non vengono fornite istruzioni di installazione. Per qualsiasi domanda o ulteriore assistenza, non esitate a contattarci. Date nuova vita al vostro Dell Latitude E7270 con queste cerniere di ricambio originali Dell.<\/p>\n","protected":false},"excerpt":{"rendered":"<p>Sostituisci le cerniere sinistra e destra del tuo laptop Dell Latitude E7270 con questi ricambi originali Dell. Progettate per una perfetta aderenza, queste cerniere garantiscono la resistenza e la longevit\u00e0 dello schermo del tuo laptop. Ripristina la fluidit\u00e0 di apertura e chiusura del tuo laptop, prolungandone la durata complessiva. L&#8217;autentica qualit\u00e0 Dell garantisce una sostituzione affidabile delle cerniere per il tuo Latitude E7270.<\/p>\n","protected":false},"featured_media":14833,"template":"","meta":[],"product_brand":[],"product_cat":[20],"product_tag":[18],"class_list":{"0":"post-14775","1":"product","2":"type-product","3":"status-publish","4":"has-post-thumbnail","6":"product_cat-screen-hinge","7":"product_tag-dell","9":"first","10":"instock","11":"taxable","12":"shipping-taxable","13":"purchasable","14":"product-type-simple"},"_links":{"self":[{"href":"https:\/\/boreait.com\/it\/wp-json\/wp\/v2\/product\/14775","targetHints":{"allow":["GET"]}}],"collection":[{"href":"https:\/\/boreait.com\/it\/wp-json\/wp\/v2\/product"}],"about":[{"href":"https:\/\/boreait.com\/it\/wp-json\/wp\/v2\/types\/product"}],"wp:featuredmedia":[{"embeddable":true,"href":"https:\/\/boreait.com\/it\/wp-json\/wp\/v2\/media\/14833"}],"wp:attachment":[{"href":"https:\/\/boreait.com\/it\/wp-json\/wp\/v2\/media?parent=14775"}],"wp:term":[{"taxonomy":"product_brand","embeddable":true,"href":"https:\/\/boreait.com\/it\/wp-json\/wp\/v2\/product_brand?post=14775"},{"taxonomy":"product_cat","embeddable":true,"href":"https:\/\/boreait.com\/it\/wp-json\/wp\/v2\/product_cat?post=14775"},{"taxonomy":"product_tag","embeddable":true,"href":"https:\/\/boreait.com\/it\/wp-json\/wp\/v2\/product_tag?post=14775"}],"curies":[{"name":"wp","href":"https:\/\/api.w.org\/{rel}","templated":true}]}}