{"id":14341,"date":"2025-07-25T11:48:52","date_gmt":"2025-07-25T11:48:52","guid":{"rendered":"https:\/\/boreait.com\/it\/?post_type=product&#038;p=14341"},"modified":"2025-07-25T11:49:53","modified_gmt":"2025-07-25T11:49:53","slug":"toshiba-satellite-pro-c50-a-c50-a-15h-sata-dvr-su-208-lettore-dvd-masterizzatore-originale-e-affidabile","status":"publish","type":"product","link":"https:\/\/boreait.com\/it\/product\/toshiba-satellite-pro-c50-a-c50-a-15h-sata-dvr-su-208-lettore-dvd-masterizzatore-originale-e-affidabile\/","title":{"rendered":"Toshiba Satellite PRO C50-A (C50-A-15H) SATA DVR SU-208 Lettore DVD Masterizzatore &#8211; Originale e affidabile!"},"content":{"rendered":"<p>Aumenta le capacit\u00e0 del tuo laptop Toshiba Satellite PRO C50-A (C50-A-15H) con il masterizzatore DVD SATA DVR SU-208 R\/W originale. Questa unit\u00e0 DVD \u00e8 la sostituzione perfetta per la tua unit\u00e0 attuale, garantendo una lettura e scrittura dei DVD senza interruzioni.<\/p>\n<p>Caratteristiche principali:<\/p>\n<ul>\n<li>Compatibilit\u00e0: Toshiba Satellite PRO C50-A (C50-A-15H)<\/li>\n<li>Tipo: Masterizzatore DVD SATA<\/li>\n<li>Modello: SU-208 R\/W<\/li>\n<li>Prodotto Toshiba originale<\/li>\n<\/ul>\n<p>Questo masterizzatore DVD ti permette di guardare DVD, masterizzare dati e installare software senza problemi. \u00c8 un prodotto Toshiba originale, che garantisce compatibilit\u00e0 e affidabilit\u00e0 per il tuo laptop Satellite PRO C50-A. <\/p>\n<p>Aggiorna le funzionalit\u00e0 multimediali del tuo laptop con la possibilit\u00e0 di leggere e masterizzare DVD. Che tu debba installare software, eseguire il backup dei dati o guardare i tuoi film preferiti, il Toshiba SATA DVR SU-208 \u00e8 la soluzione perfetta.<\/p>\n<p>Si prega di notare che questo annuncio include foto reali del lettore\/masterizzatore DVD R\/W Toshiba Satellite PRO C50-A (C50-A-15H) SATA DVR SU-208. Non sono fornite istruzioni di installazione, ma non esitate a contattarci per qualsiasi domanda o assistenza. Migliora le funzionalit\u00e0 del tuo laptop Toshiba oggi stesso con questo masterizzatore\/lettore DVD Toshiba originale.<\/p>\n","protected":false},"excerpt":{"rendered":"<p>Aggiorna il tuo laptop Toshiba Satellite PRO C50-A (C50-A-15H) con il masterizzatore DVD SATA DVR SU-208 R\/W originale. Questo masterizzatore DVD \u00e8 un sostituto affidabile che ti consente di leggere e scrivere DVD senza problemi. Migliora le funzionalit\u00e0 del tuo laptop con questo masterizzatore DVD Toshiba originale.<\/p>\n","protected":false},"featured_media":14403,"template":"","meta":[],"product_brand":[],"product_cat":[28],"product_tag":[35],"class_list":{"0":"post-14341","1":"product","2":"type-product","3":"status-publish","4":"has-post-thumbnail","6":"product_cat-motherboards-board-parts","7":"product_tag-toshiba","9":"first","10":"instock","11":"taxable","12":"shipping-taxable","13":"purchasable","14":"product-type-simple"},"_links":{"self":[{"href":"https:\/\/boreait.com\/it\/wp-json\/wp\/v2\/product\/14341","targetHints":{"allow":["GET"]}}],"collection":[{"href":"https:\/\/boreait.com\/it\/wp-json\/wp\/v2\/product"}],"about":[{"href":"https:\/\/boreait.com\/it\/wp-json\/wp\/v2\/types\/product"}],"wp:featuredmedia":[{"embeddable":true,"href":"https:\/\/boreait.com\/it\/wp-json\/wp\/v2\/media\/14403"}],"wp:attachment":[{"href":"https:\/\/boreait.com\/it\/wp-json\/wp\/v2\/media?parent=14341"}],"wp:term":[{"taxonomy":"product_brand","embeddable":true,"href":"https:\/\/boreait.com\/it\/wp-json\/wp\/v2\/product_brand?post=14341"},{"taxonomy":"product_cat","embeddable":true,"href":"https:\/\/boreait.com\/it\/wp-json\/wp\/v2\/product_cat?post=14341"},{"taxonomy":"product_tag","embeddable":true,"href":"https:\/\/boreait.com\/it\/wp-json\/wp\/v2\/product_tag?post=14341"}],"curies":[{"name":"wp","href":"https:\/\/api.w.org\/{rel}","templated":true}]}}