{"id":14254,"date":"2025-07-25T11:47:41","date_gmt":"2025-07-25T11:47:41","guid":{"rendered":"https:\/\/boreait.com\/it\/?post_type=product&#038;p=14254"},"modified":"2026-01-18T13:01:49","modified_gmt":"2026-01-18T13:01:49","slug":"modulo-di-memoria-ram-per-laptop-hynix-hmt425s6afr6a-pb-da-2-gb-pc3l-12800s-11-13-c3-ddr3l","status":"publish","type":"product","link":"https:\/\/boreait.com\/it\/product\/modulo-di-memoria-ram-per-laptop-hynix-hmt425s6afr6a-pb-da-2-gb-pc3l-12800s-11-13-c3-ddr3l\/","title":{"rendered":"Modulo di memoria RAM per laptop HYNIX HMT425S6AFR6A-PB da 2 GB PC3L-12800S-11-13-C3 DDR3L"},"content":{"rendered":"<p>Migliora le prestazioni del tuo laptop con il modulo di memoria RAM per laptop HYNIX HMT425S6AFR6A-PB da 2 GB PC3L-12800S-11-13-C3 DDR3L. Questo modulo di memoria DDR3L \u00e8 progettato per offrire al tuo laptop un significativo aumento di velocit\u00e0 e reattivit\u00e0.<\/p>\n<p>Caratteristiche principali:<\/p>\n<ul>\n<li>Capacit\u00e0: 2 GB<\/li>\n<li>Tipo: DDR3L SDRAM<\/li>\n<li>Velocit\u00e0: PC3L-12800S-11-13-C3<\/li>\n<li>Fattore di forma: Laptop SO-DIMM<\/li>\n<ul>\nQuesto modulo di memoria HYNIX \u00e8 progettato per soddisfare le esigenze dell\u2019informatica moderna. Che tu sia un utente occasionale o un professionista multitasking, la capacit\u00e0 di 2 GB garantisce prestazioni pi\u00f9 fluide, un caricamento pi\u00f9 rapido delle applicazioni e una migliore reattivit\u00e0 complessiva del sistema. <\/p>\n<p>Si prega di notare che questo annuncio presenta foto autentiche della RAM DDR3L HYNIX HMT425S6AFR6A-PB da 2 GB PC3L-12800S-11-13-C3 e non vengono fornite istruzioni per l\u2019installazione. Per qualsiasi domanda o per ulteriori informazioni, non esitate a contattarci. Aggiorna il tuo laptop con l\u2019affidabilit\u00e0 HYNIX e scopri un ambiente di elaborazione pi\u00f9 efficiente.<\/p>\n","protected":false},"excerpt":{"rendered":"<p>Migliora le prestazioni del tuo laptop con la RAM DDR3L HYNIX HMT425S6AFR6A-PB da 2 GB PC3L-12800S-11-13-C3. Questo modulo di memoria di alta qualit\u00e0 \u00e8 progettato per migliorare la velocit\u00e0 e la reattivit\u00e0 del tuo laptop. Con 2 GB di memoria DDR3L, \u00e8 la scelta ideale per un multitasking pi\u00f9 fluido e prestazioni complessive del sistema migliorate. Affidati all&#8217;affidabilit\u00e0 HYNIX per un&#8217;esperienza di elaborazione efficiente e senza interruzioni.<\/p>\n","protected":false},"featured_media":14319,"template":"","meta":[],"product_brand":[],"product_cat":[38,37],"product_tag":[],"class_list":{"0":"post-14254","1":"product","2":"type-product","3":"status-publish","4":"has-post-thumbnail","6":"product_cat-ddr3-ddr3l","7":"product_cat-ram-memory","9":"first","10":"instock","11":"taxable","12":"shipping-taxable","13":"purchasable","14":"product-type-simple"},"_links":{"self":[{"href":"https:\/\/boreait.com\/it\/wp-json\/wp\/v2\/product\/14254","targetHints":{"allow":["GET"]}}],"collection":[{"href":"https:\/\/boreait.com\/it\/wp-json\/wp\/v2\/product"}],"about":[{"href":"https:\/\/boreait.com\/it\/wp-json\/wp\/v2\/types\/product"}],"wp:featuredmedia":[{"embeddable":true,"href":"https:\/\/boreait.com\/it\/wp-json\/wp\/v2\/media\/14319"}],"wp:attachment":[{"href":"https:\/\/boreait.com\/it\/wp-json\/wp\/v2\/media?parent=14254"}],"wp:term":[{"taxonomy":"product_brand","embeddable":true,"href":"https:\/\/boreait.com\/it\/wp-json\/wp\/v2\/product_brand?post=14254"},{"taxonomy":"product_cat","embeddable":true,"href":"https:\/\/boreait.com\/it\/wp-json\/wp\/v2\/product_cat?post=14254"},{"taxonomy":"product_tag","embeddable":true,"href":"https:\/\/boreait.com\/it\/wp-json\/wp\/v2\/product_tag?post=14254"}],"curies":[{"name":"wp","href":"https:\/\/api.w.org\/{rel}","templated":true}]}}