{"id":14139,"date":"2025-07-25T11:45:52","date_gmt":"2025-07-25T11:45:52","guid":{"rendered":"https:\/\/boreait.com\/it\/?post_type=product&#038;p=14139"},"modified":"2025-07-25T11:46:37","modified_gmt":"2025-07-25T11:46:37","slug":"scheda-di-i-o-audio-usb-lenovo-thinkpad-x1-carbon-gen-1-55-4rq03-021-04w3912-ricambio-originale","status":"publish","type":"product","link":"https:\/\/boreait.com\/it\/product\/scheda-di-i-o-audio-usb-lenovo-thinkpad-x1-carbon-gen-1-55-4rq03-021-04w3912-ricambio-originale\/","title":{"rendered":"Scheda di I\/O audio USB Lenovo Thinkpad X1 Carbon Gen 1 55.4RQ03.021 04W3912 &#8211; Ricambio originale"},"content":{"rendered":"<p>Rivitalizza il tuo Lenovo Thinkpad X1 Carbon Gen 1 con la scheda IO audio USB Lenovo (codice articolo: 55.4RQ03.021 04W3912). Se le porte USB o i jack audio del tuo laptop sono difettosi o non rispondono, questo ricambio originale \u00e8 la soluzione.<\/p>\n<p>Compatibilit\u00e0:<\/p>\n<ul>\n<li>Compatibile con Lenovo Thinkpad X1 Carbon Gen 1<\/li>\n<li>Codice articolo: 55.4RQ03.021 04W3912<\/li>\n<\/ul>\n<p>Assicurati che le porte USB e audio del tuo laptop funzionino perfettamente sostituendo la scheda IO con questo ricambio originale Lenovo. La scheda \u00e8 stata ispezionata ed \u00e8 in eccellenti condizioni di funzionamento, pronta a ripristinare la piena funzionalit\u00e0 del tuo laptop. <\/p>\n<p>Si prega di notare che questo annuncio include foto reali della scheda IO audio USB Lenovo Thinkpad X1 Carbon Gen 1 (codice articolo: 55.4RQ03.021 04W3912). Non vengono fornite istruzioni di installazione. Per qualsiasi domanda o assistenza, non esitate a contattarci. Rinnova le funzionalit\u00e0 del tuo laptop con questo ricambio originale Lenovo.<\/p>\n<p>Assicurati sempre che il tuo dispositivo sia compatibile con il tuo dispositivo prima di effettuare un acquisto. Per ulteriori informazioni sulla compatibilit\u00e0 o domande tecniche, siamo qui per aiutarti.<\/p>\n","protected":false},"excerpt":{"rendered":"<p>Migliora il tuo Lenovo Thinkpad X1 Carbon Gen 1 con la scheda IO audio USB originale (codice articolo: 55.4RQ03.021 04W3912). Sostituisci la tua scheda IO danneggiata o malfunzionante con questo ricambio originale Lenovo. Goditi il ripristino delle funzionalit\u00e0 USB e audio per garantire il funzionamento ottimale del tuo laptop.<\/p>\n","protected":false},"featured_media":14187,"template":"","meta":[],"product_brand":[],"product_cat":[28],"product_tag":[26],"class_list":{"0":"post-14139","1":"product","2":"type-product","3":"status-publish","4":"has-post-thumbnail","6":"product_cat-motherboards-board-parts","7":"product_tag-hp","9":"first","10":"instock","11":"taxable","12":"shipping-taxable","13":"purchasable","14":"product-type-simple"},"_links":{"self":[{"href":"https:\/\/boreait.com\/it\/wp-json\/wp\/v2\/product\/14139","targetHints":{"allow":["GET"]}}],"collection":[{"href":"https:\/\/boreait.com\/it\/wp-json\/wp\/v2\/product"}],"about":[{"href":"https:\/\/boreait.com\/it\/wp-json\/wp\/v2\/types\/product"}],"wp:featuredmedia":[{"embeddable":true,"href":"https:\/\/boreait.com\/it\/wp-json\/wp\/v2\/media\/14187"}],"wp:attachment":[{"href":"https:\/\/boreait.com\/it\/wp-json\/wp\/v2\/media?parent=14139"}],"wp:term":[{"taxonomy":"product_brand","embeddable":true,"href":"https:\/\/boreait.com\/it\/wp-json\/wp\/v2\/product_brand?post=14139"},{"taxonomy":"product_cat","embeddable":true,"href":"https:\/\/boreait.com\/it\/wp-json\/wp\/v2\/product_cat?post=14139"},{"taxonomy":"product_tag","embeddable":true,"href":"https:\/\/boreait.com\/it\/wp-json\/wp\/v2\/product_tag?post=14139"}],"curies":[{"name":"wp","href":"https:\/\/api.w.org\/{rel}","templated":true}]}}