{"id":14117,"date":"2025-07-25T11:45:29","date_gmt":"2025-07-25T11:45:29","guid":{"rendered":"https:\/\/boreait.com\/it\/?post_type=product&#038;p=14117"},"modified":"2025-07-25T11:46:29","modified_gmt":"2025-07-25T11:46:29","slug":"unita-disco-rigido-atg-per-laptop-dell-latitude-e6410-e6510-cg4r9","status":"publish","type":"product","link":"https:\/\/boreait.com\/it\/product\/unita-disco-rigido-atg-per-laptop-dell-latitude-e6410-e6510-cg4r9\/","title":{"rendered":"Unit\u00e0 disco rigido ATG per laptop Dell Latitude E6410 E6510 CG4R9"},"content":{"rendered":"<p>Rivitalizza il tuo laptop Dell Latitude E6410, E6510 o E6410 ATG con l\u2019unit\u00e0 Dell CG4R9. Questa unit\u00e0, priva di cornice, \u00e8 stata accuratamente testata.<\/p>\n<p>Progettata specificamente per i modelli Dell Latitude, questa unit\u00e0 \u00e8 un sostituto affidabile, che garantisce il funzionamento ottimale del tuo laptop. \u00c8 la soluzione perfetta per chi cerca un\u2019unit\u00e0 testata e affidabile che garantisca affidabilit\u00e0 e prestazioni.<\/p>\n<p>Caratteristiche principali:<\/p>\n<ul>\n<li>Compatibile con i laptop Dell Latitude E6410, E6510, E6410 ATG<\/li>\n<li>L\u2019unit\u00e0 non include la cornice<\/li>\n<\/ul>\n<p>Questa inserzione per l\u2019unit\u00e0 CG4R9 per laptop Dell Latitude E6410 E6510 ATG fornisce foto reali del prodotto. Si prega di notare che non sono incluse istruzioni di installazione. Per ulteriori dettagli o domande, non esitate a contattarci. Rendi nuovamente fluido il tuo portatile Dell con questa unit\u00e0 testata e affidabile.<\/p>\n","protected":false},"excerpt":{"rendered":"<p>Riporta in funzione il tuo laptop Dell Latitude E6410, E6510 o E6410 ATG con l&#8217;unit\u00e0 Dell CG4R9. Questa unit\u00e0 \u00e8 la soluzione ideale per sostituire il vecchio modello senza cornice. Dai nuova vita al tuo dispositivo con un&#8217;unit\u00e0 affidabile e testata che garantisce affidabilit\u00e0 e prestazioni ottimali per il tuo laptop.<\/p>\n","protected":false},"featured_media":14181,"template":"","meta":[],"product_brand":[],"product_cat":[28],"product_tag":[18],"class_list":{"0":"post-14117","1":"product","2":"type-product","3":"status-publish","4":"has-post-thumbnail","6":"product_cat-motherboards-board-parts","7":"product_tag-dell","9":"first","10":"instock","11":"taxable","12":"shipping-taxable","13":"purchasable","14":"product-type-simple"},"_links":{"self":[{"href":"https:\/\/boreait.com\/it\/wp-json\/wp\/v2\/product\/14117","targetHints":{"allow":["GET"]}}],"collection":[{"href":"https:\/\/boreait.com\/it\/wp-json\/wp\/v2\/product"}],"about":[{"href":"https:\/\/boreait.com\/it\/wp-json\/wp\/v2\/types\/product"}],"wp:featuredmedia":[{"embeddable":true,"href":"https:\/\/boreait.com\/it\/wp-json\/wp\/v2\/media\/14181"}],"wp:attachment":[{"href":"https:\/\/boreait.com\/it\/wp-json\/wp\/v2\/media?parent=14117"}],"wp:term":[{"taxonomy":"product_brand","embeddable":true,"href":"https:\/\/boreait.com\/it\/wp-json\/wp\/v2\/product_brand?post=14117"},{"taxonomy":"product_cat","embeddable":true,"href":"https:\/\/boreait.com\/it\/wp-json\/wp\/v2\/product_cat?post=14117"},{"taxonomy":"product_tag","embeddable":true,"href":"https:\/\/boreait.com\/it\/wp-json\/wp\/v2\/product_tag?post=14117"}],"curies":[{"name":"wp","href":"https:\/\/api.w.org\/{rel}","templated":true}]}}