{"id":14108,"date":"2025-07-25T11:45:29","date_gmt":"2025-07-25T11:45:29","guid":{"rendered":"https:\/\/boreait.com\/it\/?post_type=product&#038;p=14108"},"modified":"2025-07-25T11:46:11","modified_gmt":"2025-07-25T11:46:11","slug":"scheda-usb-type-c-per-macbook-pro-13-15-retina-a1706-a1707-fine-2016-meta-2017","status":"publish","type":"product","link":"https:\/\/boreait.com\/it\/product\/scheda-usb-type-c-per-macbook-pro-13-15-retina-a1706-a1707-fine-2016-meta-2017\/","title":{"rendered":"Scheda USB Type-C per MacBook Pro 13&#8243;\/15&#8243; Retina A1706\/A1707\/fine 2016\/met\u00e0 2017"},"content":{"rendered":"<p>Il tuo MacBook Pro 13\u2033 o 15\u2033 Retina A1706\/A1707 (da fine 2016 a met\u00e0 2017) riscontra problemi di connettivit\u00e0 USB Type-C? Ripristina la connettivit\u00e0 e la funzionalit\u00e0 del tuo laptop con questa scheda USB Type-C sostitutiva di alta qualit\u00e0.<\/p>\n<p><strong>Caratteristiche principali:<\/strong><\/p>\n<ul>\n<li><strong>Compatibilit\u00e0:<\/strong> Questa scheda USB Type-C \u00e8 compatibile con i modelli MacBook Pro 13\u2033 e 15\u2033 Retina A1706\/A1707 da fine 2016 a met\u00e0 2017.<\/li>\n<li><strong>Sostituzione di alta qualit\u00e0:<\/strong> Progettata per soddisfare o superare le specifiche originali, questa parte di ricambio garantisce prestazioni affidabili.<\/li>\n<li><strong>Installazione semplice:<\/strong> La sostituzione della scheda USB Type-C \u00e8 semplice e pu\u00f2 essere eseguita con strumenti standard. Non sono richieste competenze tecniche avanzate.<\/li>\n<li><strong>Ripristina connettivit\u00e0:<\/strong> risolvi i problemi di connettivit\u00e0 e ripristina la piena funzionalit\u00e0 del tuo MacBook Pro.<\/li>\n<\/ul>\n<p>Sostituisci la scheda USB Type-C del tuo MacBook Pro 13\u2033 o 15\u2033 Retina A1706\/A1707 (da fine 2016 a met\u00e0 2017) e goditi connettivit\u00e0 e funzionalit\u00e0 ripristinate. Aggiorna il tuo MacBook con questo ricambio di alta qualit\u00e0.<\/p>\n<p>Se hai altri prodotti da elencare o hai bisogno di ulteriori informazioni, contattami e ti assister\u00f2 ulteriormente.<\/p>\n","protected":false},"excerpt":{"rendered":"<p>Sostituisci la scheda USB Type-C del tuo MacBook Pro 13&#8243; o 15&#8243; Retina A1706\/A1707 da fine 2016 a met\u00e0 2017 con questo ricambio di alta qualit\u00e0. Ripristina la connettivit\u00e0 e le funzionalit\u00e0 del tuo laptop.<\/p>\n","protected":false},"featured_media":14157,"template":"","meta":[],"product_brand":[],"product_cat":[28],"product_tag":[52],"class_list":{"0":"post-14108","1":"product","2":"type-product","3":"status-publish","4":"has-post-thumbnail","6":"product_cat-motherboards-board-parts","7":"product_tag-apple","9":"first","10":"instock","11":"taxable","12":"shipping-taxable","13":"purchasable","14":"product-type-simple"},"_links":{"self":[{"href":"https:\/\/boreait.com\/it\/wp-json\/wp\/v2\/product\/14108","targetHints":{"allow":["GET"]}}],"collection":[{"href":"https:\/\/boreait.com\/it\/wp-json\/wp\/v2\/product"}],"about":[{"href":"https:\/\/boreait.com\/it\/wp-json\/wp\/v2\/types\/product"}],"wp:featuredmedia":[{"embeddable":true,"href":"https:\/\/boreait.com\/it\/wp-json\/wp\/v2\/media\/14157"}],"wp:attachment":[{"href":"https:\/\/boreait.com\/it\/wp-json\/wp\/v2\/media?parent=14108"}],"wp:term":[{"taxonomy":"product_brand","embeddable":true,"href":"https:\/\/boreait.com\/it\/wp-json\/wp\/v2\/product_brand?post=14108"},{"taxonomy":"product_cat","embeddable":true,"href":"https:\/\/boreait.com\/it\/wp-json\/wp\/v2\/product_cat?post=14108"},{"taxonomy":"product_tag","embeddable":true,"href":"https:\/\/boreait.com\/it\/wp-json\/wp\/v2\/product_tag?post=14108"}],"curies":[{"name":"wp","href":"https:\/\/api.w.org\/{rel}","templated":true}]}}