{"id":13828,"date":"2025-07-25T11:41:10","date_gmt":"2025-07-25T11:41:10","guid":{"rendered":"https:\/\/boreait.com\/it\/?post_type=product&#038;p=13828"},"modified":"2025-07-25T11:41:55","modified_gmt":"2025-07-25T11:41:55","slug":"set-di-staffe-per-cerniere-lenovo-ideapad-g700-13n0-b5m0101-13n0-ricambio-di-alta-qualita","status":"publish","type":"product","link":"https:\/\/boreait.com\/it\/product\/set-di-staffe-per-cerniere-lenovo-ideapad-g700-13n0-b5m0101-13n0-ricambio-di-alta-qualita\/","title":{"rendered":"Set di staffe per cerniere Lenovo IdeaPad G700 13N0-B5M0101 13N0 &#8211; Ricambio di alta qualit\u00e0"},"content":{"rendered":"<p>Investi nella longevit\u00e0 e nella stabilit\u00e0 del tuo Lenovo IdeaPad G700 con il set di staffe per cerniere. Questo set \u00e8 meticolosamente realizzato per sostituire in modo affidabile le staffe delle cerniere del tuo laptop, garantendo un\u2019apertura e una chiusura fluide dello schermo.<\/p>\n<p>Caratteristiche principali:<\/p>\n<ul>\n<li>Set di staffe per cerniere sostitutive di alta qualit\u00e0<\/li>\n<li>Compatibile con i modelli Lenovo IdeaPad G700<\/li>\n<li>Codici articolo: 13N0-B5M0101 e 13N0-<\/li>\n<li>Resistente e di precisione<\/li>\n<\/ul>\n<p>Che le staffe delle cerniere del tuo laptop si siano allentate, danneggiate o usurate nel tempo, questo set \u00e8 progettato per ripristinarne l\u2019integrit\u00e0. \u00c8 realizzato secondo i pi\u00f9 elevati standard di qualit\u00e0, offrendoti una soluzione affidabile e duratura. <\/p>\n<p>Si prega di notare che questa inserzione presenta foto reali del prodotto e non include istruzioni di installazione. Per ulteriori informazioni o assistenza, non esitate a contattarci. Migliorate le prestazioni e la funzionalit\u00e0 del vostro Lenovo IdeaPad G700 con questo set di staffe per cerniere.<\/p>\n","protected":false},"excerpt":{"rendered":"<p>Migliora la funzionalit\u00e0 del tuo Lenovo IdeaPad G700 con questo set di staffe per cerniere di alta qualit\u00e0. Si tratta di un ricambio affidabile per il componente originale, progettato per garantire il corretto funzionamento del sistema di cerniere del tuo laptop. Realizzato con precisione, questo set \u00e8 compatibile con i modelli Lenovo IdeaPad G700 con codici 13N0-B5M0101 e 13N0-.<\/p>\n","protected":false},"featured_media":13874,"template":"","meta":[],"product_brand":[],"product_cat":[20],"product_tag":[27],"class_list":{"0":"post-13828","1":"product","2":"type-product","3":"status-publish","4":"has-post-thumbnail","6":"product_cat-screen-hinge","7":"product_tag-lenovo","9":"first","10":"instock","11":"taxable","12":"shipping-taxable","13":"purchasable","14":"product-type-simple"},"_links":{"self":[{"href":"https:\/\/boreait.com\/it\/wp-json\/wp\/v2\/product\/13828","targetHints":{"allow":["GET"]}}],"collection":[{"href":"https:\/\/boreait.com\/it\/wp-json\/wp\/v2\/product"}],"about":[{"href":"https:\/\/boreait.com\/it\/wp-json\/wp\/v2\/types\/product"}],"wp:featuredmedia":[{"embeddable":true,"href":"https:\/\/boreait.com\/it\/wp-json\/wp\/v2\/media\/13874"}],"wp:attachment":[{"href":"https:\/\/boreait.com\/it\/wp-json\/wp\/v2\/media?parent=13828"}],"wp:term":[{"taxonomy":"product_brand","embeddable":true,"href":"https:\/\/boreait.com\/it\/wp-json\/wp\/v2\/product_brand?post=13828"},{"taxonomy":"product_cat","embeddable":true,"href":"https:\/\/boreait.com\/it\/wp-json\/wp\/v2\/product_cat?post=13828"},{"taxonomy":"product_tag","embeddable":true,"href":"https:\/\/boreait.com\/it\/wp-json\/wp\/v2\/product_tag?post=13828"}],"curies":[{"name":"wp","href":"https:\/\/api.w.org\/{rel}","templated":true}]}}