{"id":13681,"date":"2025-07-25T11:38:48","date_gmt":"2025-07-25T11:38:48","guid":{"rendered":"https:\/\/boreait.com\/it\/?post_type=product&#038;p=13681"},"modified":"2025-07-25T11:39:32","modified_gmt":"2025-07-25T11:39:32","slug":"sostituzione-dello-schermo-lcd-led-asus-b101xan02-0-asus-t100-t100ta-da-101","status":"publish","type":"product","link":"https:\/\/boreait.com\/it\/product\/sostituzione-dello-schermo-lcd-led-asus-b101xan02-0-asus-t100-t100ta-da-101\/","title":{"rendered":"Sostituzione dello schermo LCD LED ASUS B101XAN02.0 ASUS T100 T100TA da 10,1&#8243;"},"content":{"rendered":"<p>Rivitalizza il tuo laptop ASUS T100 o T100TA con questo schermo LCD LED sostitutivo da 10,1\u2033 (codice articolo: B101XAN02.0). Se lo schermo del tuo laptop \u00e8 rotto, danneggiato o non funziona correttamente, questo schermo sostitutivo di alta qualit\u00e0 ripristiner\u00e0 l\u2019esperienza visiva del tuo laptop allo stato originale.<\/p>\n<p><strong>Caratteristiche principali:<\/strong><\/p>\n<ul>\n<li><strong>Compatibilit\u00e0:<\/strong> Progettato specificamente per i laptop ASUS T100 e T100TA, garantendo una perfetta vestibilit\u00e0 e compatibilit\u00e0.<\/li>\n<li><strong>Display LCD da 10,1\u2033:<\/strong> Goditi immagini vivide e una qualit\u00e0 nitida delle immagini su questo schermo LCD da 10,1\u2033.<\/li>\n<li><strong>Ricambio di alta qualit\u00e0:<\/strong> Questo schermo LCD LED sostitutivo \u00e8 realizzato con materiali di alta qualit\u00e0 per garantire durata e prestazioni durature.<\/li>\n<li><strong>Installazione semplice:<\/strong> Sostituzione del tuo La sostituzione dello schermo del laptop \u00e8 semplice e non richiede competenze tecniche avanzate. Istruzioni dettagliate sono disponibili su richiesta.<\/li>\n<li><strong>Visualizzazione ripristinata:<\/strong> dite addio agli schermi rotti o malfunzionanti e godetevi di nuovo immagini nitide e brillanti sul vostro laptop.<\/li>\n<li><strong>Garanzia di qualit\u00e0:<\/strong> questo schermo sostitutivo viene sottoposto a controlli di qualit\u00e0 per garantirne l\u2019affidabilit\u00e0 e le prestazioni.<\/li>\n<\/ul>\n<p>Sostituite lo schermo del vostro laptop danneggiato o malfunzionante con questo schermo LCD LED da 10,1\u2033 (codice articolo: B101XAN02.0) per laptop ASUS T100 e T100TA. Godetevi immagini nitide e vivide e ripristinate la piena funzionalit\u00e0 del display del vostro laptop.<\/p>\n<p>Se avete altri prodotti da elencare o avete bisogno di ulteriori informazioni, non esitate a contattarmi e vi assister\u00f2 ulteriormente.<\/p>\n","protected":false},"excerpt":{"rendered":"<p>Sostituisci lo schermo LCD del tuo laptop ASUS T100 o T100TA con questo schermo LCD LED da 10,1&#8243; di alta qualit\u00e0 (codice articolo: B101XAN02.0). Goditi immagini vivide e riporta il display del tuo laptop al suo pieno splendore.<\/p>\n","protected":false},"featured_media":13732,"template":"","meta":[],"product_brand":[],"product_cat":[22],"product_tag":[31],"class_list":{"0":"post-13681","1":"product","2":"type-product","3":"status-publish","4":"has-post-thumbnail","6":"product_cat-laptop-screens-lcd-panels","7":"product_tag-asus","9":"first","10":"instock","11":"taxable","12":"shipping-taxable","13":"purchasable","14":"product-type-simple"},"_links":{"self":[{"href":"https:\/\/boreait.com\/it\/wp-json\/wp\/v2\/product\/13681","targetHints":{"allow":["GET"]}}],"collection":[{"href":"https:\/\/boreait.com\/it\/wp-json\/wp\/v2\/product"}],"about":[{"href":"https:\/\/boreait.com\/it\/wp-json\/wp\/v2\/types\/product"}],"wp:featuredmedia":[{"embeddable":true,"href":"https:\/\/boreait.com\/it\/wp-json\/wp\/v2\/media\/13732"}],"wp:attachment":[{"href":"https:\/\/boreait.com\/it\/wp-json\/wp\/v2\/media?parent=13681"}],"wp:term":[{"taxonomy":"product_brand","embeddable":true,"href":"https:\/\/boreait.com\/it\/wp-json\/wp\/v2\/product_brand?post=13681"},{"taxonomy":"product_cat","embeddable":true,"href":"https:\/\/boreait.com\/it\/wp-json\/wp\/v2\/product_cat?post=13681"},{"taxonomy":"product_tag","embeddable":true,"href":"https:\/\/boreait.com\/it\/wp-json\/wp\/v2\/product_tag?post=13681"}],"curies":[{"name":"wp","href":"https:\/\/api.w.org\/{rel}","templated":true}]}}