{"id":13654,"date":"2025-07-25T11:38:26","date_gmt":"2025-07-25T11:38:26","guid":{"rendered":"https:\/\/boreait.com\/it\/?post_type=product&#038;p=13654"},"modified":"2026-01-14T08:59:45","modified_gmt":"2026-01-14T08:59:45","slug":"memoria-ram-per-laptop-hymp112s64cp6-y5-1gb-ddr2-migliora-le-prestazioni-del-tuo-laptop","status":"publish","type":"product","link":"https:\/\/boreait.com\/it\/product\/memoria-ram-per-laptop-hymp112s64cp6-y5-1gb-ddr2-migliora-le-prestazioni-del-tuo-laptop\/","title":{"rendered":"Memoria Ram per laptop HYMP112S64CP6-Y5 1GB DDR2: migliora le prestazioni del tuo laptop!"},"content":{"rendered":"<p>Vi presentiamo la memoria RAM HYMP112S64CP6-Y5 da 1 GB DDR2 per laptop, la soluzione ideale per migliorare le capacit\u00e0 del vostro laptop. Se riscontrate prestazioni lente o desiderate svolgere pi\u00f9 attivit\u00e0 contemporaneamente, l\u2019aggiornamento della memoria del vostro laptop \u00e8 la soluzione ideale.<\/p>\n<p>Caratteristiche principali:<\/p>\n<ul>\n<li>Dimensione memoria: 1 GB<\/li>\n<li>Tipo di memoria: DDR2<\/li>\n<li>Modello: HYMP112S64CP6-Y5<\/li>\n<li>Installazione semplice per laptop compatibili<\/li>\n<\/ul>\n<p>Questo modulo di memoria DDR2 da 1 GB \u00e8 progettato per una facile integrazione nel vostro laptop. Una volta installato, noterete un significativo miglioramento della velocit\u00e0 e della reattivit\u00e0 del vostro laptop. I tempi di avvio saranno pi\u00f9 rapidi, le applicazioni si caricheranno pi\u00f9 rapidamente e il multitasking diventer\u00e0 un gioco da ragazzi. <\/p>\n<p>Con la sua conveniente capacit\u00e0 di 1 GB, questo modulo di memoria \u00e8 la scelta ideale per chi desidera migliorare le prestazioni del proprio laptop senza spendere una fortuna. Che siate professionisti che lavorano su pi\u00f9 attivit\u00e0, studenti che utilizzano diverse applicazioni o utenti occasionali in cerca di un\u2019esperienza pi\u00f9 fluida, questo modulo di memoria pu\u00f2 essere utile a tutti.<\/p>\n<p>Si prega di notare che questo annuncio include foto reali del prodotto della memoria RAM HYMP112S64CP6-Y5 da 1 GB DDR2 per laptop e non vengono fornite istruzioni per l\u2019installazione. Per qualsiasi domanda o per ulteriori informazioni, non esitate a contattarci. Aggiornate il vostro laptop con questo modulo di memoria DDR2 e scoprite la differenza in termini di velocit\u00e0 ed efficienza di elaborazione.<\/p>\n","protected":false},"excerpt":{"rendered":"<p>Migliora la velocit\u00e0 e le capacit\u00e0 multitasking del tuo laptop con la memoria RAM per laptop HYMP112S64CP6-Y5 da 1 GB DDR2. Questo modulo di memoria DDR2 \u00e8 progettato per un&#8217;integrazione perfetta, garantendo prestazioni migliori per il tuo laptop. Aggiorna la memoria del tuo sistema per gestire pi\u00f9 attivit\u00e0 contemporaneamente, velocizzare l&#8217;elaborazione dei dati e godere di un&#8217;esperienza di elaborazione pi\u00f9 reattiva. Questo modulo DDR2 da 1 GB \u00e8 una soluzione conveniente per aumentare le prestazioni del tuo laptop.<\/p>\n","protected":false},"featured_media":13701,"template":"","meta":[],"product_brand":[],"product_cat":[42,37],"product_tag":[],"class_list":{"0":"post-13654","1":"product","2":"type-product","3":"status-publish","4":"has-post-thumbnail","6":"product_cat-ddr2","7":"product_cat-ram-memory","9":"first","10":"instock","11":"taxable","12":"shipping-taxable","13":"purchasable","14":"product-type-simple"},"_links":{"self":[{"href":"https:\/\/boreait.com\/it\/wp-json\/wp\/v2\/product\/13654","targetHints":{"allow":["GET"]}}],"collection":[{"href":"https:\/\/boreait.com\/it\/wp-json\/wp\/v2\/product"}],"about":[{"href":"https:\/\/boreait.com\/it\/wp-json\/wp\/v2\/types\/product"}],"wp:featuredmedia":[{"embeddable":true,"href":"https:\/\/boreait.com\/it\/wp-json\/wp\/v2\/media\/13701"}],"wp:attachment":[{"href":"https:\/\/boreait.com\/it\/wp-json\/wp\/v2\/media?parent=13654"}],"wp:term":[{"taxonomy":"product_brand","embeddable":true,"href":"https:\/\/boreait.com\/it\/wp-json\/wp\/v2\/product_brand?post=13654"},{"taxonomy":"product_cat","embeddable":true,"href":"https:\/\/boreait.com\/it\/wp-json\/wp\/v2\/product_cat?post=13654"},{"taxonomy":"product_tag","embeddable":true,"href":"https:\/\/boreait.com\/it\/wp-json\/wp\/v2\/product_tag?post=13654"}],"curies":[{"name":"wp","href":"https:\/\/api.w.org\/{rel}","templated":true}]}}