{"id":13652,"date":"2025-07-25T11:38:26","date_gmt":"2025-07-25T11:38:26","guid":{"rendered":"https:\/\/boreait.com\/it\/?post_type=product&#038;p=13652"},"modified":"2026-01-14T08:59:09","modified_gmt":"2026-01-14T08:59:09","slug":"modulo-di-memoria-per-laptop-samsung-ram-da-4-gb-pc3l-12800-ddr3-1600-mhz-a-204-pin-da-4-gb","status":"publish","type":"product","link":"https:\/\/boreait.com\/it\/product\/modulo-di-memoria-per-laptop-samsung-ram-da-4-gb-pc3l-12800-ddr3-1600-mhz-a-204-pin-da-4-gb\/","title":{"rendered":"Modulo di memoria per laptop Samsung RAM da 4 GB PC3L-12800 DDR3-1600 MHz a 204 pin da 4 GB"},"content":{"rendered":"<div class=\"flex-1 overflow-hidden\">\n<div class=\"react-scroll-to-bottom--css-kihzf-79elbk h-full dark:bg-gray-800\">\n<div class=\"react-scroll-to-bottom--css-kihzf-1n7m0yu\">\n<div class=\"flex flex-col text-sm dark:bg-gray-800\">\n<div class=\"group final-completion w-full text-token-text-primary border-b border-black\/10 gizmo:border-0 dark:border-gray-900\/50 gizmo:dark:border-0 bg-gray-50 gizmo:bg-transparent dark:bg-[#444654] gizmo:dark:bg-transparent\" data-testid=\"conversation-turn-13\">\n<div class=\"p-4 justify-center text-base md:gap-6 md:py-6 m-auto\">\n<div class=\"flex flex-1 gap-4 text-base mx-auto md:gap-6 gizmo:gap-3 gizmo:md:px-5 gizmo:lg:px-1 gizmo:xl:px-5 md:max-w-2xl lg:max-w-[38rem] gizmo:md:max-w-3xl gizmo:lg:max-w-[40rem] gizmo:xl:max-w-[48rem] xl:max-w-3xl }\">\n<div class=\"relative flex w-[calc(100%-50px)] flex-col gizmo:w-full lg:w-[calc(100%-115px)] agent-turn\">\n<div class=\"flex-col gap-1 md:gap-3\">\n<div class=\"flex flex-grow flex-col gap-3 max-w-full\">\n<div class=\"min-h-[20px] flex flex-col items-start gap-3 whitespace-pre-wrap break-words overflow-x-auto\">\n<div class=\"markdown prose w-full break-words dark:prose-invert dark\">\n<p>Aggiorna la memoria del tuo laptop con il modulo RAM Samsung da 4 GB PC3L-12800 DDR3-1600 MHz a 204 pin. Questo modulo di memoria affidabile ed efficiente \u00e8 progettato per fornire un significativo aumento delle prestazioni del tuo laptop, consentendoti di gestire pi\u00f9 attivit\u00e0 e applicazioni con facilit\u00e0. <\/p>\n<p>Caratteristiche principali:<\/p>\n<ul>\n<li>Tipo: DDR3 SODIMM<\/li>\n<li>Capacit\u00e0: 4 GB<\/li>\n<li>Velocit\u00e0: 1600 MHz (PC3L-12800)<\/li>\n<li>Pin: 204 pin<\/li>\n<li>Tensione: 1,35 V (bassa tensione)<\/li>\n<li>Compatibilit\u00e0: progettata per laptop e notebook<\/li>\n<\/ul>\n<p>Con una capacit\u00e0 di 4 GB, questo modulo RAM \u00e8 adatto a diverse attivit\u00e0 di elaborazione, dall\u2019uso quotidiano al gaming leggero e alla creazione di contenuti. \u00c8 perfetto per aggiornare la memoria del tuo laptop e soddisfare le esigenze dei software e delle applicazioni moderne.<\/p>\n<p>Di\u2019 addio ai tempi di caricamento lenti e ai ritardi del sistema. Questo modulo RAM Samsung funziona alla velocit\u00e0 di 1600 MHz, garantendo al tuo laptop un funzionamento fluido ed efficiente. Inoltre, il suo design a bassa tensione di 1,35 V contribuisce al risparmio energetico, rendendolo una scelta pi\u00f9 ecologica.<\/p>\n<p>Si prega di notare che questo annuncio include foto reali del modulo RAM Samsung da 4 GB PC3L-12800 DDR3-1600 MHz a 204 pin e non vengono fornite istruzioni per l\u2019installazione. Per qualsiasi domanda o per ulteriori informazioni, non esitate a contattarci. Migliora le prestazioni del tuo laptop con questo modulo RAM Samsung e scopri un multitasking e una reattivit\u00e0 migliorati. <\/p>\n<\/div>\n<\/div>\n<\/div>\n<div class=\"flex justify-between empty:hidden gizmo:justify-start gizmo:gap-3 lg:block\">\n<div class=\"text-gray-400 flex self-end lg:self-center justify-center gizmo:lg:justify-start mt-2 gizmo:mt-0 visible lg:gap-1 lg:absolute lg:top-0 lg:translate-x-full lg:right-0 lg:mt-0 lg:pl-2 gap-2 md:gap-3\">\n<p>\u00a0 <\/p>\n<div class=\"flex gap-1 gizmo:gap-3\"><\/div>\n<\/div>\n<\/div>\n<\/div>\n<\/div>\n<\/div>\n<\/div>\n<\/div>\n<div class=\"h-32 md:h-48 flex-shrink-0\"><\/div>\n<p>\u00a0<\/p>\n<\/div>\n<\/div>\n<\/div>\n<\/div>\n<div class=\"w-full pt-2 border-t md:border-t-0 dark:border-white\/20 md:border-transparent md:dark:border-transparent md:pl-2 md:w-[calc(100%-.5rem)] absolute bottom-0 left-0 md:bg-vert-light-gradient bg-white dark:bg-gray-800 md:!bg-transparent dark:md:bg-vert-dark-gradient\">\n<div class=\"relative flex h-full flex-1 items-stretch md:flex-col\">\n<div>\n<div class=\"h-full flex ml-1 md:w-full md:m-auto md:mb-4 gap-0 md:gap-2 giustifica-centro\"><\/div>\n<\/div>\n<\/div>\n<\/div>\n","protected":false},"excerpt":{"rendered":"<p>Migliora le prestazioni del tuo laptop con il modulo RAM Samsung da 4 GB PC3L-12800 DDR3-1600 MHz a 204 pin. Questo upgrade di memoria di alta qualit\u00e0 \u00e8 progettato per aumentare la velocit\u00e0 e le capacit\u00e0 multitasking del tuo laptop. Con una capacit\u00e0 di 4 GB, offre ampia memoria per le tue applicazioni e attivit\u00e0, rendendolo una scelta eccellente per gli upgrade del tuo laptop. Scopri tempi di caricamento pi\u00f9 rapidi e un funzionamento pi\u00f9 fluido con questo modulo RAM Samsung.<\/p>\n","protected":false},"featured_media":13699,"template":"","meta":[],"product_brand":[],"product_cat":[38,37],"product_tag":[],"class_list":{"0":"post-13652","1":"product","2":"type-product","3":"status-publish","4":"has-post-thumbnail","6":"product_cat-ddr3-ddr3l","7":"product_cat-ram-memory","9":"first","10":"instock","11":"taxable","12":"shipping-taxable","13":"purchasable","14":"product-type-simple"},"_links":{"self":[{"href":"https:\/\/boreait.com\/it\/wp-json\/wp\/v2\/product\/13652","targetHints":{"allow":["GET"]}}],"collection":[{"href":"https:\/\/boreait.com\/it\/wp-json\/wp\/v2\/product"}],"about":[{"href":"https:\/\/boreait.com\/it\/wp-json\/wp\/v2\/types\/product"}],"wp:featuredmedia":[{"embeddable":true,"href":"https:\/\/boreait.com\/it\/wp-json\/wp\/v2\/media\/13699"}],"wp:attachment":[{"href":"https:\/\/boreait.com\/it\/wp-json\/wp\/v2\/media?parent=13652"}],"wp:term":[{"taxonomy":"product_brand","embeddable":true,"href":"https:\/\/boreait.com\/it\/wp-json\/wp\/v2\/product_brand?post=13652"},{"taxonomy":"product_cat","embeddable":true,"href":"https:\/\/boreait.com\/it\/wp-json\/wp\/v2\/product_cat?post=13652"},{"taxonomy":"product_tag","embeddable":true,"href":"https:\/\/boreait.com\/it\/wp-json\/wp\/v2\/product_tag?post=13652"}],"curies":[{"name":"wp","href":"https:\/\/api.w.org\/{rel}","templated":true}]}}