{"id":13627,"date":"2025-07-25T11:38:03","date_gmt":"2025-07-25T11:38:03","guid":{"rendered":"https:\/\/boreait.com\/it\/?post_type=product&#038;p=13627"},"modified":"2025-07-25T11:38:45","modified_gmt":"2025-07-25T11:38:45","slug":"scheda-bluetooth-toshiba-originale-eytfxcs-pa3608u-1btm-ricambio-originale","status":"publish","type":"product","link":"https:\/\/boreait.com\/it\/product\/scheda-bluetooth-toshiba-originale-eytfxcs-pa3608u-1btm-ricambio-originale\/","title":{"rendered":"Scheda Bluetooth Toshiba originale EYTFXCS PA3608U-1BTM &#8211; Ricambio originale"},"content":{"rendered":"<p>La scheda Bluetooth originale Toshiba EYTFXCS PA3608U-1BTM \u00e8 una scheda sostitutiva originale progettata per migliorare le capacit\u00e0 di connettivit\u00e0 del tuo laptop. Che tu stia sostituendo una scheda Bluetooth malfunzionante o desideri aggiornare il tuo laptop, questa scheda Toshiba \u00e8 la scelta perfetta.<\/p>\n<p>Caratteristiche principali:<\/p>\n<ul>\n<li>Sostituzione originale Toshiba<\/li>\n<li>Connettivit\u00e0 Bluetooth affidabile<\/li>\n<li>Modello: EYTFXCS PA3608U-1BTM<\/li>\n<\/ul>\n<p>Questa scheda Bluetooth garantisce connessioni wireless impeccabili, semplificando l\u2019associazione del tuo laptop a diversi dispositivi Bluetooth. Dalle cuffie e altoparlanti agli smartphone e alle periferiche, godrai di un\u2019esperienza senza fili e senza problemi.<\/p>\n<p>Si prega di notare che questo annuncio presenta foto reali del prodotto e non vengono fornite istruzioni di installazione. Per qualsiasi domanda o per ulteriori informazioni, non esitate a contattarci. Aggiornate la connettivit\u00e0 del vostro laptop con la scheda Bluetooth originale Toshiba EYTFXCS PA3608U-1BTM e godetevi i vantaggi di un\u2019affidabile tecnologia Bluetooth.<\/p>\n","protected":false},"excerpt":{"rendered":"<p>Aggiorna il tuo laptop con la scheda Bluetooth originale Toshiba EYTFXCS PA3608U-1BTM. Questa scheda sostitutiva originale \u00e8 progettata per migliorare la connettivit\u00e0 del tuo laptop. Che tu debba sostituire una scheda Bluetooth difettosa o aggiornare il tuo sistema, questa scheda Toshiba \u00e8 la soluzione perfetta. Goditi connessioni wireless impeccabili con questo componente di alta qualit\u00e0.<\/p>\n","protected":false},"featured_media":13678,"template":"","meta":[],"product_brand":[],"product_cat":[28],"product_tag":[],"class_list":{"0":"post-13627","1":"product","2":"type-product","3":"status-publish","4":"has-post-thumbnail","6":"product_cat-motherboards-board-parts","8":"first","9":"instock","10":"taxable","11":"shipping-taxable","12":"purchasable","13":"product-type-simple"},"_links":{"self":[{"href":"https:\/\/boreait.com\/it\/wp-json\/wp\/v2\/product\/13627","targetHints":{"allow":["GET"]}}],"collection":[{"href":"https:\/\/boreait.com\/it\/wp-json\/wp\/v2\/product"}],"about":[{"href":"https:\/\/boreait.com\/it\/wp-json\/wp\/v2\/types\/product"}],"wp:featuredmedia":[{"embeddable":true,"href":"https:\/\/boreait.com\/it\/wp-json\/wp\/v2\/media\/13678"}],"wp:attachment":[{"href":"https:\/\/boreait.com\/it\/wp-json\/wp\/v2\/media?parent=13627"}],"wp:term":[{"taxonomy":"product_brand","embeddable":true,"href":"https:\/\/boreait.com\/it\/wp-json\/wp\/v2\/product_brand?post=13627"},{"taxonomy":"product_cat","embeddable":true,"href":"https:\/\/boreait.com\/it\/wp-json\/wp\/v2\/product_cat?post=13627"},{"taxonomy":"product_tag","embeddable":true,"href":"https:\/\/boreait.com\/it\/wp-json\/wp\/v2\/product_tag?post=13627"}],"curies":[{"name":"wp","href":"https:\/\/api.w.org\/{rel}","templated":true}]}}