{"id":13626,"date":"2025-07-25T11:38:03","date_gmt":"2025-07-25T11:38:03","guid":{"rendered":"https:\/\/boreait.com\/it\/?post_type=product&#038;p=13626"},"modified":"2025-07-25T11:38:44","modified_gmt":"2025-07-25T11:38:44","slug":"cornice-lcd-originale-dell-latitude-e6540-precision-m2800-pn-ap0v1000b10-dell-pn-0t0g05","status":"publish","type":"product","link":"https:\/\/boreait.com\/it\/product\/cornice-lcd-originale-dell-latitude-e6540-precision-m2800-pn-ap0v1000b10-dell-pn-0t0g05\/","title":{"rendered":"Cornice LCD originale Dell Latitude E6540 Precision M2800 PN-AP0V1000B10 Dell PN-0T0G05"},"content":{"rendered":"<p>Dona al tuo laptop Dell Latitude E6540 o Precision M2800 un aspetto fresco e raffinato con la cornice LCD Dell Latitude E6540 Precision M2800, codice prodotto P\/N-AP0V1000B10 Dell P\/N-0T0G05. Realizzata con precisione e realizzata secondo i rigorosi standard Dell, questa cornice LCD \u00e8 un ricambio originale, che garantisce una vestibilit\u00e0 e una finitura perfette.<\/p>\n<p>Caratteristiche principali:<\/p>\n<ul>\n<li>Compatibilit\u00e0: progettata per laptop Dell Latitude E6540 e Precision M2800.<\/li>\n<li>Autenticit\u00e0: ricambio originale Dell.<\/li>\n<li>Estetica migliorata: ravviva l\u2019aspetto del tuo laptop con una nuova cornice.<\/li>\n<\/ul>\n<p>Che la cornice del tuo laptop sia danneggiata o mostri segni di usura, questa cornice sostitutiva ne ripristiner\u00e0 l\u2019aspetto elegante originale. Migliora l\u2019estetica del tuo laptop e proteggine lo schermo con questo componente Dell di alta qualit\u00e0.<\/p>\n<p>Nota: l\u2019annuncio include foto reali della cornice LCD del Dell Latitude E6540 Precision M2800 e non include le istruzioni di installazione. Per qualsiasi domanda o assistenza, non esitare a contattarci. Rinnova il tuo laptop con questa cornice LCD originale Dell.<\/p>\n","protected":false},"excerpt":{"rendered":"<p>Migliora l&#8217;aspetto del tuo laptop Dell Latitude E6540 o Precision M2800 con questa cornice LCD originale Dell. Progettata con precisione e qualit\u00e0 in mente, questa cornice \u00e8 un ricambio autentico per il tuo laptop, garantendo una vestibilit\u00e0 e una finitura perfette. Fai tornare il tuo laptop come nuovo con la cornice LCD Dell Latitude E6540 Precision M2800.<\/p>\n","protected":false},"featured_media":13675,"template":"","meta":[],"product_brand":[],"product_cat":[17],"product_tag":[18],"class_list":{"0":"post-13626","1":"product","2":"type-product","3":"status-publish","4":"has-post-thumbnail","6":"product_cat-laptop-housing","7":"product_tag-dell","9":"first","10":"instock","11":"taxable","12":"shipping-taxable","13":"purchasable","14":"product-type-simple"},"_links":{"self":[{"href":"https:\/\/boreait.com\/it\/wp-json\/wp\/v2\/product\/13626","targetHints":{"allow":["GET"]}}],"collection":[{"href":"https:\/\/boreait.com\/it\/wp-json\/wp\/v2\/product"}],"about":[{"href":"https:\/\/boreait.com\/it\/wp-json\/wp\/v2\/types\/product"}],"wp:featuredmedia":[{"embeddable":true,"href":"https:\/\/boreait.com\/it\/wp-json\/wp\/v2\/media\/13675"}],"wp:attachment":[{"href":"https:\/\/boreait.com\/it\/wp-json\/wp\/v2\/media?parent=13626"}],"wp:term":[{"taxonomy":"product_brand","embeddable":true,"href":"https:\/\/boreait.com\/it\/wp-json\/wp\/v2\/product_brand?post=13626"},{"taxonomy":"product_cat","embeddable":true,"href":"https:\/\/boreait.com\/it\/wp-json\/wp\/v2\/product_cat?post=13626"},{"taxonomy":"product_tag","embeddable":true,"href":"https:\/\/boreait.com\/it\/wp-json\/wp\/v2\/product_tag?post=13626"}],"curies":[{"name":"wp","href":"https:\/\/api.w.org\/{rel}","templated":true}]}}