{"id":13593,"date":"2025-07-25T11:37:39","date_gmt":"2025-07-25T11:37:39","guid":{"rendered":"https:\/\/boreait.com\/it\/?post_type=product&#038;p=13593"},"modified":"2025-07-25T11:38:11","modified_gmt":"2025-07-25T11:38:11","slug":"dissipatore-di-calore-e-condotto-della-ventola-per-lenovo-thinkcentre-m700-m800-m900-00kt156-soluzione-di-raffreddamento","status":"publish","type":"product","link":"https:\/\/boreait.com\/it\/product\/dissipatore-di-calore-e-condotto-della-ventola-per-lenovo-thinkcentre-m700-m800-m900-00kt156-soluzione-di-raffreddamento\/","title":{"rendered":"Dissipatore di calore e condotto della ventola per Lenovo ThinkCentre M700 M800 M900 00KT156 &#8211; Soluzione di raffreddamento"},"content":{"rendered":"<p>Il dissipatore di calore e il condotto ventola per Lenovo ThinkCentre M700\/M800\/M900, identificati dal codice prodotto 00KT156, sono componenti essenziali per il mantenimento delle prestazioni di raffreddamento del computer desktop.<\/p>\n<p>Caratteristiche principali:<\/p>\n<ul>\n<li>Compatibilit\u00e0: Lenovo ThinkCentre M700, M800, M900\n<li>Ricambio originale Lenovo<\/li>\n<li>Soluzione di raffreddamento affidabile<\/li>\n<\/ul>\n<p>Durante il funzionamento, il desktop ThinkCentre genera calore. Per evitare il surriscaldamento e garantire la longevit\u00e0 del sistema, \u00e8 essenziale un sistema di raffreddamento efficiente. Questo dissipatore di calore e ventola originale Lenovo \u00e8 progettato specificamente per la compatibilit\u00e0 con i modelli ThinkCentre M700, M800 e M900. <\/p>\n<p>Che tu stia sostituendo un componente difettoso o aggiornando il tuo sistema, puoi contare sulla qualit\u00e0 e la compatibilit\u00e0 di questo componente Lenovo. L\u2019efficiente soluzione di raffreddamento mantiene il tuo desktop operativo a temperature ottimali, riducendo al minimo il rischio di problemi di prestazioni o danni hardware dovuti al surriscaldamento.<\/p>\n<p>Si prega di notare che questo annuncio include foto reali del gruppo dissipatore e ventola per Lenovo ThinkCentre M700\/M800\/M900 (00KT156) e non include le istruzioni di installazione. Per qualsiasi domanda o per ulteriori informazioni, non esitare a contattarci. Garantisci le prestazioni di raffreddamento e l\u2019affidabilit\u00e0 del tuo desktop ThinkCentre con questo gruppo dissipatore e ventola originale Lenovo.<\/p>\n","protected":false},"excerpt":{"rendered":"<p>Migliora le prestazioni di raffreddamento del tuo desktop Lenovo ThinkCentre M700, M800 o M900 con il dissipatore e ventola Lenovo 00KT156. Questo gruppo \u00e8 una soluzione di raffreddamento affidabile, progettata per mantenere temperature operative ottimali per il tuo desktop. Mantieni il tuo sistema sempre fluido e prolungane la durata con questo dissipatore e ventola Lenovo originali.<\/p>\n","protected":false},"featured_media":13639,"template":"","meta":[],"product_brand":[],"product_cat":[17],"product_tag":[27],"class_list":{"0":"post-13593","1":"product","2":"type-product","3":"status-publish","4":"has-post-thumbnail","6":"product_cat-laptop-housing","7":"product_tag-lenovo","9":"first","10":"instock","11":"taxable","12":"shipping-taxable","13":"purchasable","14":"product-type-simple"},"_links":{"self":[{"href":"https:\/\/boreait.com\/it\/wp-json\/wp\/v2\/product\/13593","targetHints":{"allow":["GET"]}}],"collection":[{"href":"https:\/\/boreait.com\/it\/wp-json\/wp\/v2\/product"}],"about":[{"href":"https:\/\/boreait.com\/it\/wp-json\/wp\/v2\/types\/product"}],"wp:featuredmedia":[{"embeddable":true,"href":"https:\/\/boreait.com\/it\/wp-json\/wp\/v2\/media\/13639"}],"wp:attachment":[{"href":"https:\/\/boreait.com\/it\/wp-json\/wp\/v2\/media?parent=13593"}],"wp:term":[{"taxonomy":"product_brand","embeddable":true,"href":"https:\/\/boreait.com\/it\/wp-json\/wp\/v2\/product_brand?post=13593"},{"taxonomy":"product_cat","embeddable":true,"href":"https:\/\/boreait.com\/it\/wp-json\/wp\/v2\/product_cat?post=13593"},{"taxonomy":"product_tag","embeddable":true,"href":"https:\/\/boreait.com\/it\/wp-json\/wp\/v2\/product_tag?post=13593"}],"curies":[{"name":"wp","href":"https:\/\/api.w.org\/{rel}","templated":true}]}}