{"id":13393,"date":"2025-07-25T11:34:34","date_gmt":"2025-07-25T11:34:34","guid":{"rendered":"https:\/\/boreait.com\/it\/?post_type=product&#038;p=13393"},"modified":"2025-07-25T11:35:35","modified_gmt":"2025-07-25T11:35:35","slug":"cerniere-dello-schermo-hp-probook-6560b-6570b-647677-001-1a01kh100-ggs-g","status":"publish","type":"product","link":"https:\/\/boreait.com\/it\/product\/cerniere-dello-schermo-hp-probook-6560b-6570b-647677-001-1a01kh100-ggs-g\/","title":{"rendered":"Cerniere dello schermo HP ProBook 6560b 6570b &#8211; 647677-001 1A01KH100-GGS-G"},"content":{"rendered":"<p>Migliora la durata e la funzionalit\u00e0 del tuo laptop HP ProBook 6560b 6570b con queste cerniere di ricambio per schermo di alta qualit\u00e0. Realizzate per soddisfare i rigorosi standard di HP, un nome affidabile nel settore della tecnologia informatica, queste cerniere garantiscono un meccanismo di chiusura sicuro e affidabile per il display del tuo laptop. Codici prodotto: 647677-001 1A01KH100-GGS-G<\/p>\n<p>Nel tempo, l\u2019usura pu\u00f2 danneggiare le cerniere dello schermo del tuo laptop, causando oscillazioni, allentamenti del display o persino guasti. Sostituendole con queste cerniere originali per schermo HP ProBook 6560b puoi ripristinare la stabilit\u00e0 del tuo laptop e prolungarne la durata.<\/p>\n<p>Progettate per una vestibilit\u00e0 precisa, queste cerniere garantiscono un\u2019apertura e una chiusura fluide del display del laptop, mantenendo angoli di visione ottimali. Che tu sia un professionista che utilizza il tuo laptop per lavoro o uno studente che lo utilizza per studio, queste cerniere miglioreranno l\u2019usabilit\u00e0 del tuo laptop. <\/p>\n<p>L\u2019installazione \u00e8 semplice, grazie al design OEM che si abbina alle cerniere originali del tuo HP ProBook 6560b 6570b. Scegliendo ricambi originali HP, garantisci la longevit\u00e0 e l\u2019affidabilit\u00e0 del tuo laptop.<\/p>\n<p>Aggiorna le cerniere dello schermo del tuo laptop con le cerniere dello schermo per HP ProBook 6560b 6570b e goditi un meccanismo di visualizzazione pi\u00f9 stabile e durevole. Ripristina le prestazioni del tuo laptop e prolunga la sua usabilit\u00e0 con queste affidabili cerniere sostitutive.<\/p>\n<p>Verifica la compatibilit\u00e0 con il tuo modello di laptop specifico prima di effettuare l\u2019acquisto.<\/p>\n","protected":false},"excerpt":{"rendered":"<p>Migliora la durata e la funzionalit\u00e0 del display del tuo laptop HP ProBook 6560b e 6570b con cerniere di ricambio originali. Ripristina la stabilit\u00e0 e prolunga la durata del tuo laptop con queste cerniere di alta qualit\u00e0.<\/p>\n","protected":false},"featured_media":13458,"template":"","meta":[],"product_brand":[],"product_cat":[20],"product_tag":[26],"class_list":{"0":"post-13393","1":"product","2":"type-product","3":"status-publish","4":"has-post-thumbnail","6":"product_cat-screen-hinge","7":"product_tag-hp","9":"first","10":"instock","11":"taxable","12":"shipping-taxable","13":"purchasable","14":"product-type-simple"},"_links":{"self":[{"href":"https:\/\/boreait.com\/it\/wp-json\/wp\/v2\/product\/13393","targetHints":{"allow":["GET"]}}],"collection":[{"href":"https:\/\/boreait.com\/it\/wp-json\/wp\/v2\/product"}],"about":[{"href":"https:\/\/boreait.com\/it\/wp-json\/wp\/v2\/types\/product"}],"wp:featuredmedia":[{"embeddable":true,"href":"https:\/\/boreait.com\/it\/wp-json\/wp\/v2\/media\/13458"}],"wp:attachment":[{"href":"https:\/\/boreait.com\/it\/wp-json\/wp\/v2\/media?parent=13393"}],"wp:term":[{"taxonomy":"product_brand","embeddable":true,"href":"https:\/\/boreait.com\/it\/wp-json\/wp\/v2\/product_brand?post=13393"},{"taxonomy":"product_cat","embeddable":true,"href":"https:\/\/boreait.com\/it\/wp-json\/wp\/v2\/product_cat?post=13393"},{"taxonomy":"product_tag","embeddable":true,"href":"https:\/\/boreait.com\/it\/wp-json\/wp\/v2\/product_tag?post=13393"}],"curies":[{"name":"wp","href":"https:\/\/api.w.org\/{rel}","templated":true}]}}