{"id":13384,"date":"2025-07-25T11:34:33","date_gmt":"2025-07-25T11:34:33","guid":{"rendered":"https:\/\/boreait.com\/it\/?post_type=product&#038;p=13384"},"modified":"2025-07-25T11:35:15","modified_gmt":"2025-07-25T11:35:15","slug":"coperchio-posteriore-hp-compaq-6820s-6070b0212201","status":"publish","type":"product","link":"https:\/\/boreait.com\/it\/product\/coperchio-posteriore-hp-compaq-6820s-6070b0212201\/","title":{"rendered":"Coperchio posteriore HP Compaq 6820S 6070B0212201"},"content":{"rendered":"<p>Migliora la resistenza e l\u2019estetica del tuo laptop HP Compaq 6820S con la cover posteriore sostitutiva per HP Compaq 6820S \u2013 6070B0212201. Questa cover sostitutiva originale \u00e8 progettata per offrire una vestibilit\u00e0 perfetta e ripristinare l\u2019aspetto elegante e professionale del tuo laptop.<\/p>\n<p>Prodotta da HP, un nome affidabile nel settore della tecnologia informatica, la cover posteriore sostitutiva per HP Compaq 6820S \u00e8 realizzata con precisione e attenzione ai dettagli. Offre una protezione affidabile per i delicati componenti interni del tuo laptop, migliorandone al contempo l\u2019aspetto generale.<\/p>\n<p>Se la tua cover posteriore attuale \u00e8 crepata, graffiata o danneggiata in qualsiasi modo, sostituirla con questo ricambio originale HP \u00e8 una scelta intelligente. La cover \u00e8 realizzata con materiali di alta qualit\u00e0 per garantirne la longevit\u00e0 e il suo design riproduce quello originale, garantendo una perfetta aderenza.<\/p>\n<p>L\u2019installazione \u00e8 semplice, rendendola un progetto fai da te senza problemi. Che tu sia un professionista che necessita di un laptop impeccabile per lavoro o uno studente che desidera mantenere l\u2019aspetto del proprio dispositivo, questa cover sostitutiva fa al caso tuo.<\/p>\n<p>Migliora l\u2019aspetto e la protezione del tuo laptop HP Compaq 6820S con la cover posteriore sostitutiva per HP Compaq 6820S. Goditi un laptop che non solo funziona perfettamente, ma ha anche un aspetto come nuovo.<\/p>\n<p>Verifica la compatibilit\u00e0 con il tuo modello di laptop prima di effettuare l\u2019acquisto.<\/p>\n","protected":false},"excerpt":{"rendered":"<p>Migliora l&#8217;aspetto e la protezione del tuo laptop HP Compaq 6820S con la cover posteriore sostitutiva per HP Compaq 6820S. Ripristina il suo aspetto elegante e professionale con questa cover sostitutiva originale.<\/p>\n","protected":false},"featured_media":13435,"template":"","meta":[],"product_brand":[],"product_cat":[17],"product_tag":[26],"class_list":{"0":"post-13384","1":"product","2":"type-product","3":"status-publish","4":"has-post-thumbnail","6":"product_cat-laptop-housing","7":"product_tag-hp","9":"first","10":"instock","11":"taxable","12":"shipping-taxable","13":"purchasable","14":"product-type-simple"},"_links":{"self":[{"href":"https:\/\/boreait.com\/it\/wp-json\/wp\/v2\/product\/13384","targetHints":{"allow":["GET"]}}],"collection":[{"href":"https:\/\/boreait.com\/it\/wp-json\/wp\/v2\/product"}],"about":[{"href":"https:\/\/boreait.com\/it\/wp-json\/wp\/v2\/types\/product"}],"wp:featuredmedia":[{"embeddable":true,"href":"https:\/\/boreait.com\/it\/wp-json\/wp\/v2\/media\/13435"}],"wp:attachment":[{"href":"https:\/\/boreait.com\/it\/wp-json\/wp\/v2\/media?parent=13384"}],"wp:term":[{"taxonomy":"product_brand","embeddable":true,"href":"https:\/\/boreait.com\/it\/wp-json\/wp\/v2\/product_brand?post=13384"},{"taxonomy":"product_cat","embeddable":true,"href":"https:\/\/boreait.com\/it\/wp-json\/wp\/v2\/product_cat?post=13384"},{"taxonomy":"product_tag","embeddable":true,"href":"https:\/\/boreait.com\/it\/wp-json\/wp\/v2\/product_tag?post=13384"}],"curies":[{"name":"wp","href":"https:\/\/api.w.org\/{rel}","templated":true}]}}