{"id":13361,"date":"2025-07-25T11:34:09","date_gmt":"2025-07-25T11:34:09","guid":{"rendered":"https:\/\/boreait.com\/it\/?post_type=product&#038;p=13361"},"modified":"2025-07-25T11:34:55","modified_gmt":"2025-07-25T11:34:55","slug":"809328-001-su-208-originale-hp-unita-dvd-con-cornice-pavilion15-ab-15-ab165us","status":"publish","type":"product","link":"https:\/\/boreait.com\/it\/product\/809328-001-su-208-originale-hp-unita-dvd-con-cornice-pavilion15-ab-15-ab165us\/","title":{"rendered":"809328-001 SU-208 ORIGINALE HP UNIT\u00c0 DVD CON CORNICE PAVILION15-AB 15-AB165US"},"content":{"rendered":"<p>Migliora le capacit\u00e0 del tuo laptop HP Pavilion 15-AB 15-AB165US con l\u2019unit\u00e0 DVD originale HP SU-208 con cornice 809328-001. Progettata per offrire un\u2019affidabile funzionalit\u00e0 di supporto ottico, questa unit\u00e0 DVD originale HP con cornice garantisce una perfetta integrazione e un\u2019esperienza di elaborazione migliorata.<\/p>\n<p>Progettata da HP, un nome affidabile nel settore della tecnologia informatica, l\u2019unit\u00e0 DVD SU-208 809328-001 offre un supporto ottico affidabile. Che tu debba leggere, scrivere o masterizzare CD e DVD, questa unit\u00e0 offre la praticit\u00e0 e l\u2019efficienza di cui hai bisogno per attivit\u00e0 come l\u2019installazione di software, la visione di film o il backup dei dati.<\/p>\n<p>La cornice inclusa aggiunge un tocco finale all\u2019estetica del tuo laptop, assicurando che l\u2019unit\u00e0 DVD si abbini perfettamente al design del tuo laptop Pavilion 15-AB. Questo set di unit\u00e0 ottica con cornice \u00e8 una sostituzione o un aggiornamento perfetto, che ti consente di mantenere o migliorare le funzionalit\u00e0 del tuo laptop. <\/p>\n<p>L\u2019installazione \u00e8 semplice grazie al design OEM che si allinea ai componenti originali del tuo laptop. Scegliendo ricambi HP originali, investi nella qualit\u00e0 e nell\u2019affidabilit\u00e0 delle capacit\u00e0 ottiche del tuo laptop.<\/p>\n<p>Aggiorna le funzionalit\u00e0 del tuo laptop con l\u2019unit\u00e0 DVD originale HP SU-208 con cornice 809328-001 per Pavilion 15-AB 15-AB165US. Goditi un supporto ottico affidabile, funzionalit\u00e0 versatili e un\u2019esperienza di elaborazione migliorata sul tuo laptop HP. Aumenta le capacit\u00e0 dei tuoi supporti ottici con questo set affidabile ed efficiente di unit\u00e0 DVD e cornice.<\/p>\n<p>Verifica la compatibilit\u00e0 con il tuo modello di laptop specifico prima di effettuare l\u2019acquisto.<\/p>\n","protected":false},"excerpt":{"rendered":"<p>Potenzia il tuo laptop HP Pavilion 15-AB 15-AB165US con l&#8217;unit\u00e0 DVD originale HP SU-208 con cornice 809328-001. Goditi un supporto ottico affidabile e funzionalit\u00e0 versatili.<\/p>\n","protected":false},"featured_media":13414,"template":"","meta":[],"product_brand":[],"product_cat":[28],"product_tag":[26],"class_list":{"0":"post-13361","1":"product","2":"type-product","3":"status-publish","4":"has-post-thumbnail","6":"product_cat-motherboards-board-parts","7":"product_tag-hp","9":"first","10":"instock","11":"taxable","12":"shipping-taxable","13":"purchasable","14":"product-type-simple"},"_links":{"self":[{"href":"https:\/\/boreait.com\/it\/wp-json\/wp\/v2\/product\/13361","targetHints":{"allow":["GET"]}}],"collection":[{"href":"https:\/\/boreait.com\/it\/wp-json\/wp\/v2\/product"}],"about":[{"href":"https:\/\/boreait.com\/it\/wp-json\/wp\/v2\/types\/product"}],"wp:featuredmedia":[{"embeddable":true,"href":"https:\/\/boreait.com\/it\/wp-json\/wp\/v2\/media\/13414"}],"wp:attachment":[{"href":"https:\/\/boreait.com\/it\/wp-json\/wp\/v2\/media?parent=13361"}],"wp:term":[{"taxonomy":"product_brand","embeddable":true,"href":"https:\/\/boreait.com\/it\/wp-json\/wp\/v2\/product_brand?post=13361"},{"taxonomy":"product_cat","embeddable":true,"href":"https:\/\/boreait.com\/it\/wp-json\/wp\/v2\/product_cat?post=13361"},{"taxonomy":"product_tag","embeddable":true,"href":"https:\/\/boreait.com\/it\/wp-json\/wp\/v2\/product_tag?post=13361"}],"curies":[{"name":"wp","href":"https:\/\/api.w.org\/{rel}","templated":true}]}}