{"id":13306,"date":"2025-07-25T11:33:21","date_gmt":"2025-07-25T11:33:21","guid":{"rendered":"https:\/\/boreait.com\/it\/?post_type=product&#038;p=13306"},"modified":"2025-07-25T11:34:13","modified_gmt":"2025-07-25T11:34:13","slug":"processore-intel-core-i5-sr14f-i5-4440-310-ghz-6-m-socket-1150-quad-core-cpu","status":"publish","type":"product","link":"https:\/\/boreait.com\/it\/product\/processore-intel-core-i5-sr14f-i5-4440-310-ghz-6-m-socket-1150-quad-core-cpu\/","title":{"rendered":"Processore Intel Core i5 SR14F i5-4440 3,10 GHz 6 M Socket 1150 Quad Core CPU"},"content":{"rendered":"<div>Migliora le prestazioni del tuo computer con il processore (CPU) Intel Core i5 SR14F i5-4440 Quad-Core da 3,10 GHz. Progettata per offrire un\u2019elaborazione potente ed efficiente, questa CPU quad-core migliora la tua esperienza di elaborazione sia per il lavoro che per il tempo libero.<\/div>\n<div><\/div>\n<div>L\u2019Intel Core i5-4440 vanta una velocit\u00e0 di clock di base di 3,10 GHz, che lo rende in grado di gestire un\u2019ampia gamma di attivit\u00e0 con facilit\u00e0. Che tu stia eseguendo applicazioni, eseguendo multitasking o giocando ai tuoi giochi preferiti, questa CPU garantisce prestazioni fluide e reattive.<\/div>\n<div><\/div>\n<div>Grazie alla sua architettura quad-core, questo processore \u00e8 in grado di affrontare attivit\u00e0 impegnative, come l\u2019editing video e il rendering 3D, mantenendo un\u2019efficienza eccellente. \u00c8 inoltre dotato della tecnologia Hyper-Threading di Intel, che consente a ciascun core di gestire due thread, potenziando ulteriormente le capacit\u00e0 multitasking.<\/p>\n<p>La compatibilit\u00e0 con il Socket 1150 garantisce una perfetta integrazione con una variet\u00e0 di schede madri, rendendolo una scelta versatile per l\u2019aggiornamento o la creazione di un nuovo sistema. Che tu sia un professionista alla ricerca di una maggiore produttivit\u00e0 o un gamer alla ricerca di un gameplay pi\u00f9 fluido, la CPU Intel Core i5-4440 offre le prestazioni di cui hai bisogno.<br \/>\n\u2026 Goditi prestazioni pi\u00f9 veloci, un multitasking pi\u00f9 fluido e una maggiore efficienza per tutte le tue attivit\u00e0 di elaborazione.<\/p>\n<div><\/div>\n<div>Si prega di verificare la compatibilit\u00e0 con la scheda madre prima dell\u2019acquisto.<\/div>\n","protected":false},"excerpt":{"rendered":"<p>Migliora le prestazioni del tuo computer con il processore (CPU) Intel Core i5 SR14F i5-4440 quad-core da 3,10 GHz. Con una velocit\u00e0 di clock di base di 3,10 GHz e un&#8217;architettura quad-core, offre un&#8217;elaborazione potente ed efficiente per il lavoro e il tempo libero.<\/p>\n","protected":false},"featured_media":13369,"template":"","meta":[],"product_brand":[],"product_cat":[40],"product_tag":[],"class_list":{"0":"post-13306","1":"product","2":"type-product","3":"status-publish","4":"has-post-thumbnail","6":"product_cat-processors-cpu","8":"first","9":"instock","10":"taxable","11":"shipping-taxable","12":"purchasable","13":"product-type-simple"},"_links":{"self":[{"href":"https:\/\/boreait.com\/it\/wp-json\/wp\/v2\/product\/13306","targetHints":{"allow":["GET"]}}],"collection":[{"href":"https:\/\/boreait.com\/it\/wp-json\/wp\/v2\/product"}],"about":[{"href":"https:\/\/boreait.com\/it\/wp-json\/wp\/v2\/types\/product"}],"wp:featuredmedia":[{"embeddable":true,"href":"https:\/\/boreait.com\/it\/wp-json\/wp\/v2\/media\/13369"}],"wp:attachment":[{"href":"https:\/\/boreait.com\/it\/wp-json\/wp\/v2\/media?parent=13306"}],"wp:term":[{"taxonomy":"product_brand","embeddable":true,"href":"https:\/\/boreait.com\/it\/wp-json\/wp\/v2\/product_brand?post=13306"},{"taxonomy":"product_cat","embeddable":true,"href":"https:\/\/boreait.com\/it\/wp-json\/wp\/v2\/product_cat?post=13306"},{"taxonomy":"product_tag","embeddable":true,"href":"https:\/\/boreait.com\/it\/wp-json\/wp\/v2\/product_tag?post=13306"}],"curies":[{"name":"wp","href":"https:\/\/api.w.org\/{rel}","templated":true}]}}