{"id":13196,"date":"2025-07-25T11:31:43","date_gmt":"2025-07-25T11:31:43","guid":{"rendered":"https:\/\/boreait.com\/it\/?post_type=product&#038;p=13196"},"modified":"2026-01-15T06:43:04","modified_gmt":"2026-01-15T06:43:04","slug":"nuovo-ssd-nvme-lexar-nm610-250-gb-m-2-pcie","status":"publish","type":"product","link":"https:\/\/boreait.com\/it\/product\/nuovo-ssd-nvme-lexar-nm610-250-gb-m-2-pcie\/","title":{"rendered":"NUOVO SSD NVME Lexar NM610 250 GB M.2 PCIE"},"content":{"rendered":"<p>Cerchi la prossima grande novit\u00e0 nel settore dei componenti per laptop? L\u2019SSD Lexar NM610 M.2 NVMe da 250 GB potrebbe essere la risposta che fa per te. \u00c8 progettato non solo per stare al passo con l\u2019era digitale, ma anche per portarti avanti. Ecco perch\u00e9 questo SSD dovrebbe essere sul tuo radar:<\/p>\n<ul>\n<li><strong>Prestazioni eccezionali<\/strong>: niente pi\u00f9 tamburellare con le dita in attesa che i file vengano trasferiti o le applicazioni caricate. Con velocit\u00e0 di lettura sequenziale fino a 2100 MB\/s, potrai gestire le tue attivit\u00e0 a velocit\u00e0 incredibile.<\/li>\n<li><strong>Migliora la tua esperienza<\/strong>: Grazie alla tecnologia PCIe Gen3x4 NVMe 1.3 e all\u2019integrazione con memoria flash 3D NAND, questo SSD garantisce un\u2019esperienza di elaborazione fluida ed efficiente dall\u2019accensione fino allo spegnimento.<\/li>\n<li><strong>Abbandona SATA<\/strong>: Passa a Lexar NM610 e scopri una velocit\u00e0 fino a 3,5 volte superiore a quella degli SSD SATA standard. Scopri il cambiamento in ogni aspetto del tuo computing, da avvii pi\u00f9 rapidi a tempi di caricamento software pi\u00f9 rapidi.<\/li>\n<li><strong>Costruito per durare<\/strong>: Dimentica la preoccupazione che i tradizionali hard disk ti deludano. L\u2019SSD NM610, non avendo parti mobili, non solo \u00e8 meno soggetto a guasti, ma \u00e8 anche resistente a urti e vibrazioni, offrendo robustezza in un formato compatto.<\/li>\n<li><strong>Efficienza energetica<\/strong>: Goditi una maggiore durata della batteria grazie al consumo energetico ridotto e al funzionamento a basse temperature, che lo rendono un passo avanti rispetto agli HDD.<\/li>\n<li><strong>Specifiche in breve<\/strong>:\n<ul>\n<li>Fattore di forma: M.2 2280<\/li>\n<li>Interfaccia: PCIe Gen3x4<\/li>\n<li>Temperatura di funzionamento: da 0 \u00b0C a 70 \u00b0C<\/li>\n<li>Dimensioni: 80 mm x 22 mm x 2,25 mm<\/li>\n<li>Peso: solo 9 g<\/li>\n<li>Resistenza: resistente agli urti fino a 1500 G e alle vibrazioni da 10~2000Hz\n<li>NAND Flash: NAND 3D avanzata\n<li>Longevit\u00e0: con un MTBF di 1.500.000 ore, \u00e8 progettato per durare a lungo.\n<\/ul>\n<\/li>\n<\/ul>\n<p>Quando si tratta di componenti per laptop, l\u2019SSD Lexar NM610 M.2 NVMe da 250 GB si distingue come la combinazione perfetta di velocit\u00e0, affidabilit\u00e0 ed efficienza. Non \u00e8 solo una soluzione di archiviazione; \u00e8 un upgrade che trasforma l\u2019intera esperienza di elaborazione.<\/p>\n","protected":false},"excerpt":{"rendered":"<p>Porta le prestazioni del tuo laptop a un livello superiore con l&#8217;SSD Lexar NM610 M.2 NVMe! Scopri tempi di caricamento fulminei, avvii efficienti e trasferimenti rapidi con velocit\u00e0 di lettura fino a 2100 MB\/s. Realizzato con tecnologia 3D NAND all&#8217;avanguardia, \u00e8 un upgrade affidabile per qualsiasi laptop o PC!<\/p>\n","protected":false},"featured_media":13258,"template":"","meta":[],"product_brand":[],"product_cat":[33,32],"product_tag":[],"class_list":{"0":"post-13196","1":"product","2":"type-product","3":"status-publish","4":"has-post-thumbnail","6":"product_cat-nvme","7":"product_cat-ssd-hdd-drives","9":"first","10":"instock","11":"taxable","12":"shipping-taxable","13":"purchasable","14":"product-type-simple"},"_links":{"self":[{"href":"https:\/\/boreait.com\/it\/wp-json\/wp\/v2\/product\/13196","targetHints":{"allow":["GET"]}}],"collection":[{"href":"https:\/\/boreait.com\/it\/wp-json\/wp\/v2\/product"}],"about":[{"href":"https:\/\/boreait.com\/it\/wp-json\/wp\/v2\/types\/product"}],"wp:featuredmedia":[{"embeddable":true,"href":"https:\/\/boreait.com\/it\/wp-json\/wp\/v2\/media\/13258"}],"wp:attachment":[{"href":"https:\/\/boreait.com\/it\/wp-json\/wp\/v2\/media?parent=13196"}],"wp:term":[{"taxonomy":"product_brand","embeddable":true,"href":"https:\/\/boreait.com\/it\/wp-json\/wp\/v2\/product_brand?post=13196"},{"taxonomy":"product_cat","embeddable":true,"href":"https:\/\/boreait.com\/it\/wp-json\/wp\/v2\/product_cat?post=13196"},{"taxonomy":"product_tag","embeddable":true,"href":"https:\/\/boreait.com\/it\/wp-json\/wp\/v2\/product_tag?post=13196"}],"curies":[{"name":"wp","href":"https:\/\/api.w.org\/{rel}","templated":true}]}}