{"id":13020,"date":"2025-07-25T11:29:13","date_gmt":"2025-07-25T11:29:13","guid":{"rendered":"https:\/\/boreait.com\/it\/?post_type=product&#038;p=13020"},"modified":"2025-07-25T11:29:47","modified_gmt":"2025-07-25T11:29:47","slug":"copertura-posteriore-toshiba-satellite-a300d-13r-tsa33bl5lc","status":"publish","type":"product","link":"https:\/\/boreait.com\/it\/product\/copertura-posteriore-toshiba-satellite-a300d-13r-tsa33bl5lc\/","title":{"rendered":"Copertura posteriore Toshiba Satellite A300D-13R TSA33BL5LC"},"content":{"rendered":"<p>Migliora l\u2019estetica e la protezione del tuo laptop Toshiba Satellite A300D-13R con la cover posteriore TSA33BL5LC. Realizzata per adattarsi perfettamente al tuo laptop, questa cover posteriore originale Toshiba non solo aggiunge un tocco di stile, ma protegge anche i componenti interni del tuo laptop da polvere e piccoli urti.<\/p>\n<p>Prodotta da Toshiba, un nome affidabile nella tecnologia per laptop, questa cover posteriore \u00e8 progettata per soddisfare gli elevati standard di qualit\u00e0 che ti aspetti. \u00c8 progettata con precisione per garantire una perfetta aderenza al tuo Toshiba Satellite A300D-13R, offrendo un aspetto elegante e uniforme.<\/p>\n<p>L\u2019installazione della cover posteriore \u00e8 semplice. Scegliendo questo prodotto originale Toshiba, investi nell\u2019estetica e nella protezione del tuo laptop.<\/p>\n<p>Migliora l\u2019aspetto e la protezione del tuo Toshiba Satellite A300D-13R con la cover posteriore TSA33BL5LC. Goditi un aspetto rinnovato e una maggiore protezione per i componenti interni del tuo laptop.<\/p>\n<p>Verifica la compatibilit\u00e0 con il tuo modello di laptop specifico prima di effettuare l\u2019acquisto.<\/p>\n","protected":false},"excerpt":{"rendered":"<p>Migliora l&#8217;aspetto e la protezione del tuo Toshiba Satellite A300D-13R con la cover posteriore TSA33BL5LC. Goditi un look rinnovato e una maggiore protezione da polvere e piccoli urti.<\/p>\n","protected":false},"featured_media":13072,"template":"","meta":[],"product_brand":[],"product_cat":[17],"product_tag":[35],"class_list":{"0":"post-13020","1":"product","2":"type-product","3":"status-publish","4":"has-post-thumbnail","6":"product_cat-laptop-housing","7":"product_tag-toshiba","9":"first","10":"instock","11":"taxable","12":"shipping-taxable","13":"purchasable","14":"product-type-simple"},"_links":{"self":[{"href":"https:\/\/boreait.com\/it\/wp-json\/wp\/v2\/product\/13020","targetHints":{"allow":["GET"]}}],"collection":[{"href":"https:\/\/boreait.com\/it\/wp-json\/wp\/v2\/product"}],"about":[{"href":"https:\/\/boreait.com\/it\/wp-json\/wp\/v2\/types\/product"}],"wp:featuredmedia":[{"embeddable":true,"href":"https:\/\/boreait.com\/it\/wp-json\/wp\/v2\/media\/13072"}],"wp:attachment":[{"href":"https:\/\/boreait.com\/it\/wp-json\/wp\/v2\/media?parent=13020"}],"wp:term":[{"taxonomy":"product_brand","embeddable":true,"href":"https:\/\/boreait.com\/it\/wp-json\/wp\/v2\/product_brand?post=13020"},{"taxonomy":"product_cat","embeddable":true,"href":"https:\/\/boreait.com\/it\/wp-json\/wp\/v2\/product_cat?post=13020"},{"taxonomy":"product_tag","embeddable":true,"href":"https:\/\/boreait.com\/it\/wp-json\/wp\/v2\/product_tag?post=13020"}],"curies":[{"name":"wp","href":"https:\/\/api.w.org\/{rel}","templated":true}]}}