{"id":12960,"date":"2025-07-25T11:28:26","date_gmt":"2025-07-25T11:28:26","guid":{"rendered":"https:\/\/boreait.com\/it\/?post_type=product&#038;p=12960"},"modified":"2025-07-25T11:29:04","modified_gmt":"2025-07-25T11:29:04","slug":"kit-da-8-gb-micron-mt18jsf25672pdz-1g4f1dd-pc3-10600r-ddr3-2rx8","status":"publish","type":"product","link":"https:\/\/boreait.com\/it\/product\/kit-da-8-gb-micron-mt18jsf25672pdz-1g4f1dd-pc3-10600r-ddr3-2rx8\/","title":{"rendered":"Kit da 8 GB Micron MT18JSF25672PDZ-1G4F1DD PC3-10600R DDR3 2Rx8"},"content":{"rendered":"<p>Migliora le prestazioni del tuo desktop con il kit di memoria RAM Micron MT18JSF25672PDZ-1G4F1DD PC3-10600R DDR3 2Rx8 da 8 GB. Progettato per migliorare la velocit\u00e0 e la reattivit\u00e0 del tuo desktop, questo kit di RAM Micron originale offre un multitasking fluido e un&#8217;esperienza di elaborazione pi\u00f9 fluida.<\/p>\n<p>Prodotto da Micron, un nome affidabile nella tecnologia delle memorie, questo kit di RAM \u00e8 composto da due moduli da 4 GB, conformi allo standard PC3-10600R DDR3. Con una capacit\u00e0 totale di 8 GB, questo kit offre un notevole aumento delle prestazioni, consentendo di eseguire le applicazioni in modo pi\u00f9 efficiente e gestire il multitasking con facilit\u00e0.<\/p>\n<p>L&#8217;installazione \u00e8 semplice, grazie al fattore di forma DIMM standard. Passando a questo kit di RAM Micron originale, investi in una migliore reattivit\u00e0 del sistema, un accesso ai dati pi\u00f9 rapido e funzionalit\u00e0 multitasking avanzate. <\/p>\n<p>Migliora le prestazioni del tuo desktop con la memoria RAM Micron MT18JSF25672PDZ-1G4F1DD PC3-10600R DDR3 2Rx8 da 8 GB. Scopri un nuovo livello di velocit\u00e0 e affidabilit\u00e0 per le tue attivit\u00e0 di elaborazione. Aumenta la produttivit\u00e0, semplifica i flussi di lavoro e goditi i vantaggi della moderna tecnologia di memoria sul tuo desktop.<\/p>\n<p>Verifica la compatibilit\u00e0 con il modello specifico della scheda madre del tuo desktop prima di effettuare l&#8217;acquisto.<\/p>\n","protected":false},"excerpt":{"rendered":"<p>Migliora le prestazioni del tuo desktop con la memoria RAM Micron MT18JSF25672PDZ-1G4F1DD PC3-10600R DDR3 2Rx8 da 8 GB. Goditi un accesso ai dati pi\u00f9 rapido e funzionalit\u00e0 multitasking migliorate.<\/p>\n","protected":false},"featured_media":13006,"template":"","meta":[],"product_brand":[],"product_cat":[38,37],"product_tag":[],"class_list":{"0":"post-12960","1":"product","2":"type-product","3":"status-publish","4":"has-post-thumbnail","6":"product_cat-ddr3-ddr3l","7":"product_cat-ram-memory","9":"first","10":"instock","11":"taxable","12":"shipping-taxable","13":"purchasable","14":"product-type-simple"},"_links":{"self":[{"href":"https:\/\/boreait.com\/it\/wp-json\/wp\/v2\/product\/12960","targetHints":{"allow":["GET"]}}],"collection":[{"href":"https:\/\/boreait.com\/it\/wp-json\/wp\/v2\/product"}],"about":[{"href":"https:\/\/boreait.com\/it\/wp-json\/wp\/v2\/types\/product"}],"wp:featuredmedia":[{"embeddable":true,"href":"https:\/\/boreait.com\/it\/wp-json\/wp\/v2\/media\/13006"}],"wp:attachment":[{"href":"https:\/\/boreait.com\/it\/wp-json\/wp\/v2\/media?parent=12960"}],"wp:term":[{"taxonomy":"product_brand","embeddable":true,"href":"https:\/\/boreait.com\/it\/wp-json\/wp\/v2\/product_brand?post=12960"},{"taxonomy":"product_cat","embeddable":true,"href":"https:\/\/boreait.com\/it\/wp-json\/wp\/v2\/product_cat?post=12960"},{"taxonomy":"product_tag","embeddable":true,"href":"https:\/\/boreait.com\/it\/wp-json\/wp\/v2\/product_tag?post=12960"}],"curies":[{"name":"wp","href":"https:\/\/api.w.org\/{rel}","templated":true}]}}