{"id":12957,"date":"2025-07-25T11:28:26","date_gmt":"2025-07-25T11:28:26","guid":{"rendered":"https:\/\/boreait.com\/it\/?post_type=product&#038;p=12957"},"modified":"2026-01-09T12:43:44","modified_gmt":"2026-01-09T12:43:44","slug":"barra-di-memoria-ddr-samsung-2-gb-2-gb-ddr3-m471b5773dh0-ch9-sodimm-pc3-10600","status":"publish","type":"product","link":"https:\/\/boreait.com\/it\/product\/barra-di-memoria-ddr-samsung-2-gb-2-gb-ddr3-m471b5773dh0-ch9-sodimm-pc3-10600\/","title":{"rendered":"Barra di memoria DDR Samsung 2 GB 2 GB DDR3 M471B5773DH0-CH9 SODIMM PC3-10600"},"content":{"rendered":"<p>Migliora le prestazioni del tuo laptop con la memoria Samsung DDR3 M471B5773DH0-CH9 SODIMM PC3-10600 da 2 GB. Progettata per aumentare la velocit\u00e0 e la reattivit\u00e0 del tuo laptop, questa memoria Samsung originale offre un\u2019esperienza di elaborazione fluida con un accesso ai dati pi\u00f9 rapido e funzionalit\u00e0 multitasking migliorate.<\/p>\n<p>Prodotta da Samsung, un nome affidabile nella tecnologia delle memorie, la memoria SODIMM M471B5773DH0-CH9 aderisce allo standard PC3-10600 DDR, offrendo velocit\u00e0 di trasferimento dati impressionanti e garantendo la compatibilit\u00e0 con un\u2019ampia gamma di laptop.<\/p>\n<p>Con una capacit\u00e0 di 2 GB, questa memoria offre un significativo aumento delle prestazioni del tuo laptop, consentendoti di eseguire le applicazioni in modo pi\u00f9 fluido e gestire il multitasking con facilit\u00e0. Che tu sia un professionista alla ricerca di flussi di lavoro pi\u00f9 rapidi o un utente occasionale che desidera ottimizzare l\u2019elaborazione quotidiana, questa memoria offre le prestazioni di cui hai bisogno. <\/p>\n<p>L\u2019installazione \u00e8 semplice grazie al formato SODIMM standard. Passando a questa barra di memoria, investirai in una migliore reattivit\u00e0 del sistema, un accesso ai dati pi\u00f9 rapido e funzionalit\u00e0 multitasking avanzate.<\/p>\n<p>Aumenta le prestazioni del tuo laptop con la barra di memoria Samsung DDR3 M471B5773DH0-CH9 SODIMM PC3-10600 da 2 GB. Sperimenta un nuovo livello di velocit\u00e0 e affidabilit\u00e0 per le tue attivit\u00e0 di elaborazione. Aumenta la produttivit\u00e0, semplifica i flussi di lavoro e goditi i vantaggi della moderna tecnologia di memoria del tuo laptop.<\/p>\n<p>Verifica la compatibilit\u00e0 con il tuo modello di laptop specifico prima di effettuare l\u2019acquisto.<\/p>\n","protected":false},"excerpt":{"rendered":"<p>Migliora le prestazioni del tuo laptop con la memoria Samsung DDR3 M471B5773DH0-CH9 SODIMM PC3-10600 da 2 GB. Goditi un accesso ai dati pi\u00f9 rapido e funzionalit\u00e0 multitasking migliorate.<\/p>\n","protected":false},"featured_media":13003,"template":"","meta":[],"product_brand":[],"product_cat":[38,37],"product_tag":[],"class_list":{"0":"post-12957","1":"product","2":"type-product","3":"status-publish","4":"has-post-thumbnail","6":"product_cat-ddr3-ddr3l","7":"product_cat-ram-memory","9":"first","10":"instock","11":"taxable","12":"shipping-taxable","13":"purchasable","14":"product-type-simple"},"_links":{"self":[{"href":"https:\/\/boreait.com\/it\/wp-json\/wp\/v2\/product\/12957","targetHints":{"allow":["GET"]}}],"collection":[{"href":"https:\/\/boreait.com\/it\/wp-json\/wp\/v2\/product"}],"about":[{"href":"https:\/\/boreait.com\/it\/wp-json\/wp\/v2\/types\/product"}],"wp:featuredmedia":[{"embeddable":true,"href":"https:\/\/boreait.com\/it\/wp-json\/wp\/v2\/media\/13003"}],"wp:attachment":[{"href":"https:\/\/boreait.com\/it\/wp-json\/wp\/v2\/media?parent=12957"}],"wp:term":[{"taxonomy":"product_brand","embeddable":true,"href":"https:\/\/boreait.com\/it\/wp-json\/wp\/v2\/product_brand?post=12957"},{"taxonomy":"product_cat","embeddable":true,"href":"https:\/\/boreait.com\/it\/wp-json\/wp\/v2\/product_cat?post=12957"},{"taxonomy":"product_tag","embeddable":true,"href":"https:\/\/boreait.com\/it\/wp-json\/wp\/v2\/product_tag?post=12957"}],"curies":[{"name":"wp","href":"https:\/\/api.w.org\/{rel}","templated":true}]}}