{"id":12955,"date":"2025-07-25T11:28:26","date_gmt":"2025-07-25T11:28:26","guid":{"rendered":"https:\/\/boreait.com\/it\/?post_type=product&#038;p=12955"},"modified":"2025-07-25T11:29:00","modified_gmt":"2025-07-25T11:29:00","slug":"bulk-2-x-samsung-2-gb-ram-ddr3-pc3-10600u-1333-mhz-non-ecc-dimm-memoria-m378b5673fh0-ch9","status":"publish","type":"product","link":"https:\/\/boreait.com\/it\/product\/bulk-2-x-samsung-2-gb-ram-ddr3-pc3-10600u-1333-mhz-non-ecc-dimm-memoria-m378b5673fh0-ch9\/","title":{"rendered":"BULK 2 x Samsung 2 GB RAM DDR3 PC3-10600U 1333 MHz non ECC DIMM Memoria M378B5673FH0-CH9"},"content":{"rendered":"<p>Migliora le prestazioni del tuo computer desktop con la memoria Samsung DDR3 RAM PC3-10600U 1333 MHz non ECC DIMM da 2 GB (M378B5673FH0-CH9). Progettato per aumentare la velocit\u00e0 e la reattivit\u00e0 del tuo computer, questo modulo RAM DDR3 originale Samsung offre un\u2019esperienza di elaborazione fluida con un accesso ai dati pi\u00f9 rapido e funzionalit\u00e0 multitasking migliorate.<\/p>\n<p>Prodotto da Samsung, un nome rinomato nella tecnologia delle memorie, il modulo RAM M378B5673FH0-CH9 \u00e8 progettato per fornire memoria di alta qualit\u00e0 per il tuo computer desktop. Operando a una velocit\u00e0 di clock di 1333 MHz, aderisce allo standard PC3-10600U, offrendo velocit\u00e0 di trasferimento dati impressionanti e garantendo la compatibilit\u00e0 con un\u2019ampia gamma di sistemi desktop.<\/p>\n<p>Con una capacit\u00e0 di 2 GB, questo modulo RAM DDR3 offre un notevole aumento delle prestazioni del tuo computer, consentendoti di eseguire le applicazioni in modo pi\u00f9 fluido e di gestire il multitasking con facilit\u00e0. Che tu sia un professionista alla ricerca di flussi di lavoro pi\u00f9 rapidi o un utente occasionale che desidera ottimizzare le attivit\u00e0 quotidiane, questo modulo RAM offre le prestazioni di cui hai bisogno.<\/p>\n<p>L\u2019installazione \u00e8 semplice grazie al formato DIMM standard. Passando a questo modulo RAM DDR3, investi in una migliore reattivit\u00e0 del sistema, un accesso ai dati pi\u00f9 rapido e funzionalit\u00e0 multitasking avanzate.<\/p>\n<p>Migliora le prestazioni del tuo computer desktop con la memoria Samsung DDR3 RAM PC3-10600U 1333 MHz non ECC DIMM (M378B5673FH0-CH9). Sperimenta un nuovo livello di velocit\u00e0 e affidabilit\u00e0 per le tue attivit\u00e0 di elaborazione. Aumenta la produttivit\u00e0, semplifica i flussi di lavoro e goditi i vantaggi della moderna tecnologia di memoria nel tuo sistema desktop.<\/p>\n<p>Verifica la compatibilit\u00e0 con il tuo modello di desktop specifico prima di effettuare l\u2019acquisto.<\/p>\n","protected":false},"excerpt":{"rendered":"<p>Migliora le prestazioni del tuo computer desktop con la memoria RAM Samsung DDR3 PC3-10600U 1333 MHz non ECC DIMM da 2 GB (M378B5673FH0-CH9). Goditi un accesso ai dati pi\u00f9 rapido e funzionalit\u00e0 multitasking migliorate.<\/p>\n","protected":false},"featured_media":13001,"template":"","meta":[],"product_brand":[],"product_cat":[38,37],"product_tag":[],"class_list":{"0":"post-12955","1":"product","2":"type-product","3":"status-publish","4":"has-post-thumbnail","6":"product_cat-ddr3-ddr3l","7":"product_cat-ram-memory","9":"first","10":"instock","11":"taxable","12":"shipping-taxable","13":"purchasable","14":"product-type-simple"},"_links":{"self":[{"href":"https:\/\/boreait.com\/it\/wp-json\/wp\/v2\/product\/12955","targetHints":{"allow":["GET"]}}],"collection":[{"href":"https:\/\/boreait.com\/it\/wp-json\/wp\/v2\/product"}],"about":[{"href":"https:\/\/boreait.com\/it\/wp-json\/wp\/v2\/types\/product"}],"wp:featuredmedia":[{"embeddable":true,"href":"https:\/\/boreait.com\/it\/wp-json\/wp\/v2\/media\/13001"}],"wp:attachment":[{"href":"https:\/\/boreait.com\/it\/wp-json\/wp\/v2\/media?parent=12955"}],"wp:term":[{"taxonomy":"product_brand","embeddable":true,"href":"https:\/\/boreait.com\/it\/wp-json\/wp\/v2\/product_brand?post=12955"},{"taxonomy":"product_cat","embeddable":true,"href":"https:\/\/boreait.com\/it\/wp-json\/wp\/v2\/product_cat?post=12955"},{"taxonomy":"product_tag","embeddable":true,"href":"https:\/\/boreait.com\/it\/wp-json\/wp\/v2\/product_tag?post=12955"}],"curies":[{"name":"wp","href":"https:\/\/api.w.org\/{rel}","templated":true}]}}