{"id":12893,"date":"2025-07-25T11:27:38","date_gmt":"2025-07-25T11:27:38","guid":{"rendered":"https:\/\/boreait.com\/it\/?post_type=product&#038;p=12893"},"modified":"2025-07-25T11:28:22","modified_gmt":"2025-07-25T11:28:22","slug":"slb3p-intel-pentium-dual-core-mobile-cpu-da-2167-ghz-processore-667-mhz-1-mb-slb3p-t3400","status":"publish","type":"product","link":"https:\/\/boreait.com\/it\/product\/slb3p-intel-pentium-dual-core-mobile-cpu-da-2167-ghz-processore-667-mhz-1-mb-slb3p-t3400\/","title":{"rendered":"slb3p Intel Pentium Dual-Core Mobile, CPU da 2,167 GHz (processore) 667 MHz, 1 MB, SLB3P, T3400"},"content":{"rendered":"<p>Preparati a sperimentare un\u2019impennata nelle prestazioni del tuo laptop con la CPU SLB3P, colloquialmente nota come Intel Core 2 Duo T9900. Con la sua configurazione dual-core e una velocit\u00e0 di clock di 3,06 GHz, questo processore offre un mix equilibrato di velocit\u00e0 ed efficienza, rendendolo l\u2019aggiornamento perfetto per il tuo laptop obsoleto.<\/p>\n<h4>Velocit\u00e0 senza pari:<\/h4>\n<p>Una velocit\u00e0 di clock di 3,06 GHz consente a questa CPU di gestire pi\u00f9 attivit\u00e0 con facilit\u00e0. Che tu stia navigando sul web con pi\u00f9 schede aperte, utilizzando un software di fotoritocco di base o dedicandoti a un gioco moderato, la SLB3P garantisce un\u2019esperienza senza ritardi.<\/p>\n<h4>Efficienza energetica:<\/h4>\n<p>Progettata per essere efficiente dal punto di vista energetico, questa CPU non solo aumenta le capacit\u00e0 del tuo laptop, ma massimizza anche la durata della batteria. Ora puoi affrontare la tua giornata lavorativa senza preoccuparti di ricariche frequenti. Affidabilit\u00e0 garantita:<\/p>\n<p>L\u2019Intel Core 2 Duo T9900 \u00e8 progettato per garantire la massima affidabilit\u00e0. Nota per le sue prestazioni durature, questa CPU rappresenta una soluzione conveniente per prolungare la vita dei laptop compatibili.<\/p>\n<p>Installazione semplice:<\/p>\n<p>SLB3P \u00e8 dotato di linee guida di installazione facili da seguire, che garantiscono un processo di aggiornamento senza problemi. Non sono necessarie competenze tecniche approfondite; \u00e8 sufficiente una semplice operazione plug-and-play! Elenco dei laptop compatibili:<br \/>\n\u2026 Versatile e affidabile, \u00e8 la soluzione perfetta per chiunque voglia dare nuova vita al proprio laptop compatibile.<\/p>\n","protected":false},"excerpt":{"rendered":"<p>Rinnova il tuo vecchio laptop e libera tutto il suo potenziale con la CPU SLB3P (Intel Core 2 Duo T9900)! Noto per le sue prestazioni bilanciate e la sua efficienza, questo processore \u00e8 l&#8217;ingrediente segreto per dare nuova vita ai modelli compatibili. Ideale per il multitasking e il gaming moderato.<\/p>\n","protected":false},"featured_media":12946,"template":"","meta":[],"product_brand":[],"product_cat":[40],"product_tag":[35],"class_list":{"0":"post-12893","1":"product","2":"type-product","3":"status-publish","4":"has-post-thumbnail","6":"product_cat-processors-cpu","7":"product_tag-toshiba","9":"first","10":"instock","11":"taxable","12":"shipping-taxable","13":"purchasable","14":"product-type-simple"},"_links":{"self":[{"href":"https:\/\/boreait.com\/it\/wp-json\/wp\/v2\/product\/12893","targetHints":{"allow":["GET"]}}],"collection":[{"href":"https:\/\/boreait.com\/it\/wp-json\/wp\/v2\/product"}],"about":[{"href":"https:\/\/boreait.com\/it\/wp-json\/wp\/v2\/types\/product"}],"wp:featuredmedia":[{"embeddable":true,"href":"https:\/\/boreait.com\/it\/wp-json\/wp\/v2\/media\/12946"}],"wp:attachment":[{"href":"https:\/\/boreait.com\/it\/wp-json\/wp\/v2\/media?parent=12893"}],"wp:term":[{"taxonomy":"product_brand","embeddable":true,"href":"https:\/\/boreait.com\/it\/wp-json\/wp\/v2\/product_brand?post=12893"},{"taxonomy":"product_cat","embeddable":true,"href":"https:\/\/boreait.com\/it\/wp-json\/wp\/v2\/product_cat?post=12893"},{"taxonomy":"product_tag","embeddable":true,"href":"https:\/\/boreait.com\/it\/wp-json\/wp\/v2\/product_tag?post=12893"}],"curies":[{"name":"wp","href":"https:\/\/api.w.org\/{rel}","templated":true}]}}