{"id":12868,"date":"2025-07-25T11:27:14","date_gmt":"2025-07-25T11:27:14","guid":{"rendered":"https:\/\/boreait.com\/it\/?post_type=product&#038;p=12868"},"modified":"2025-07-25T11:28:12","modified_gmt":"2025-07-25T11:28:12","slug":"cp633788-01-unita-dvd-rw-sata-uj8e2","status":"publish","type":"product","link":"https:\/\/boreait.com\/it\/product\/cp633788-01-unita-dvd-rw-sata-uj8e2\/","title":{"rendered":"cp633788-01 Unit\u00e0 DVD RW SATA UJ8E2"},"content":{"rendered":"<p>Aggiorna le capacit\u00e0 di archiviazione ottica del tuo laptop con l\u2019unit\u00e0 DVD RW SATA cp633788-01 UJ8E2. Progettata per ottimizzare la capacit\u00e0 del tuo laptop di leggere e scrivere DVD, questa unit\u00e0 DVD RW originale garantisce una perfetta integrazione e funzionalit\u00e0 migliorate per un\u2019esperienza di elaborazione superiore.<\/p>\n<p>Prodotta da Panasonic, leader affidabile nella tecnologia informatica, l\u2019unit\u00e0 DVD RW SATA cp633788-01 UJ8E2 \u00e8 progettata per offrire funzionalit\u00e0 di archiviazione ottica affidabili. Componente essenziale dei sistemi interni del tuo laptop, questa unit\u00e0 svolge un ruolo fondamentale nel consentirti di accedere, creare e archiviare dati su DVD con facilit\u00e0.<\/p>\n<p>Che tu debba guardare DVD, creare dischi di backup o installare software, questa unit\u00e0 DVD RW offre la praticit\u00e0 e l\u2019efficienza di cui hai bisogno. Legge e scrive vari formati DVD, offrendoti opzioni versatili per la gestione dei tuoi contenuti digitali.<\/p>\n","protected":false},"excerpt":{"rendered":"<p>Migliora le capacit\u00e0 di archiviazione ottica del tuo laptop con l&#8217;unit\u00e0 DVD RW SATA cp633788-01 UJ8E2. Sfrutta la versatile funzionalit\u00e0 DVD per guardare, creare e archiviare dati.<\/p>\n","protected":false},"featured_media":12936,"template":"","meta":[],"product_brand":[],"product_cat":[28],"product_tag":[],"class_list":{"0":"post-12868","1":"product","2":"type-product","3":"status-publish","4":"has-post-thumbnail","6":"product_cat-motherboards-board-parts","8":"first","9":"instock","10":"taxable","11":"shipping-taxable","12":"purchasable","13":"product-type-simple"},"_links":{"self":[{"href":"https:\/\/boreait.com\/it\/wp-json\/wp\/v2\/product\/12868","targetHints":{"allow":["GET"]}}],"collection":[{"href":"https:\/\/boreait.com\/it\/wp-json\/wp\/v2\/product"}],"about":[{"href":"https:\/\/boreait.com\/it\/wp-json\/wp\/v2\/types\/product"}],"wp:featuredmedia":[{"embeddable":true,"href":"https:\/\/boreait.com\/it\/wp-json\/wp\/v2\/media\/12936"}],"wp:attachment":[{"href":"https:\/\/boreait.com\/it\/wp-json\/wp\/v2\/media?parent=12868"}],"wp:term":[{"taxonomy":"product_brand","embeddable":true,"href":"https:\/\/boreait.com\/it\/wp-json\/wp\/v2\/product_brand?post=12868"},{"taxonomy":"product_cat","embeddable":true,"href":"https:\/\/boreait.com\/it\/wp-json\/wp\/v2\/product_cat?post=12868"},{"taxonomy":"product_tag","embeddable":true,"href":"https:\/\/boreait.com\/it\/wp-json\/wp\/v2\/product_tag?post=12868"}],"curies":[{"name":"wp","href":"https:\/\/api.w.org\/{rel}","templated":true}]}}