{"id":12692,"date":"2025-07-25T11:24:27","date_gmt":"2025-07-25T11:24:27","guid":{"rendered":"https:\/\/boreait.com\/it\/?post_type=product&#038;p=12692"},"modified":"2026-01-08T06:56:11","modified_gmt":"2026-01-08T06:56:11","slug":"scheda-wifi-modulo-wireless-intel-8260ngw-806722-001-h70224-001","status":"publish","type":"product","link":"https:\/\/boreait.com\/it\/product\/scheda-wifi-modulo-wireless-intel-8260ngw-806722-001-h70224-001\/","title":{"rendered":"Scheda WIFI modulo wireless INTEL 8260NGW 806722-001 H70224-001"},"content":{"rendered":"<p>Aggiorna la connettivit\u00e0 wireless del tuo dispositivo con la scheda WiFi INTEL 8260NGW Wireless Module 806722-001 H70224-001. Progettato per ottimizzare le funzionalit\u00e0 wireless del tuo dispositivo, questo modulo WiFi originale offre un&#8217;integrazione perfetta e prestazioni migliorate per un&#8217;esperienza di connettivit\u00e0 ottimizzata.<\/p>\n<p>Prodotta da INTEL, leader affidabile nella tecnologia wireless, la scheda WiFi INTEL 8260NGW Wireless Module 806722-001 H70224-001 \u00e8 progettata per fornire una connettivit\u00e0 wireless affidabile ed efficiente. Componente essenziale dei sistemi interni del tuo dispositivo, questo modulo svolge un ruolo fondamentale nell&#8217;espansione delle tue capacit\u00e0 wireless.<\/p>\n<p>Che tu abbia bisogno di connessioni WiFi veloci e affidabili per la navigazione in Internet, lo streaming o il gaming online, questo modulo WiFi offre la velocit\u00e0 e l&#8217;efficienza di cui hai bisogno. Grazie al supporto per standard e tecnologie WiFi avanzati, potrai vivere esperienze online pi\u00f9 fluide e una maggiore portata di connettivit\u00e0. <\/p>\n<p>L&#8217;installazione \u00e8 semplice grazie al design che si allinea ai componenti originali del tuo dispositivo. Scegliendo componenti INTEL originali, investi nella qualit\u00e0 e nell&#8217;affidabilit\u00e0 della connettivit\u00e0 wireless del tuo dispositivo.<\/p>\n<p>Aggiorna le funzionalit\u00e0 wireless del tuo dispositivo con la scheda WiFi con modulo wireless INTEL 8260NGW 806722-001 H70224-001. Goditi connessioni WiFi pi\u00f9 veloci e affidabili, esperienze online pi\u00f9 fluide e una portata di connettivit\u00e0 estesa sul tuo dispositivo. Migliora la tua esperienza di connettivit\u00e0 con questo modulo WiFi affidabile ed efficiente.<\/p>\n<p>Verifica la compatibilit\u00e0 con il tuo modello di dispositivo specifico prima di effettuare l&#8217;acquisto.<\/p>\n","protected":false},"excerpt":{"rendered":"<p>Aggiorna la connettivit\u00e0 wireless del tuo dispositivo con la scheda WiFi INTEL 8260NGW Wireless Module 806722-001 H70224-001. Goditi connessioni WiFi pi\u00f9 veloci e affidabili per la navigazione internet, lo streaming e il gaming online.<\/p>\n","protected":false},"featured_media":12750,"template":"","meta":[],"product_brand":[],"product_cat":[28],"product_tag":[],"class_list":{"0":"post-12692","1":"product","2":"type-product","3":"status-publish","4":"has-post-thumbnail","6":"product_cat-motherboards-board-parts","8":"first","9":"instock","10":"taxable","11":"shipping-taxable","12":"purchasable","13":"product-type-simple"},"_links":{"self":[{"href":"https:\/\/boreait.com\/it\/wp-json\/wp\/v2\/product\/12692","targetHints":{"allow":["GET"]}}],"collection":[{"href":"https:\/\/boreait.com\/it\/wp-json\/wp\/v2\/product"}],"about":[{"href":"https:\/\/boreait.com\/it\/wp-json\/wp\/v2\/types\/product"}],"wp:featuredmedia":[{"embeddable":true,"href":"https:\/\/boreait.com\/it\/wp-json\/wp\/v2\/media\/12750"}],"wp:attachment":[{"href":"https:\/\/boreait.com\/it\/wp-json\/wp\/v2\/media?parent=12692"}],"wp:term":[{"taxonomy":"product_brand","embeddable":true,"href":"https:\/\/boreait.com\/it\/wp-json\/wp\/v2\/product_brand?post=12692"},{"taxonomy":"product_cat","embeddable":true,"href":"https:\/\/boreait.com\/it\/wp-json\/wp\/v2\/product_cat?post=12692"},{"taxonomy":"product_tag","embeddable":true,"href":"https:\/\/boreait.com\/it\/wp-json\/wp\/v2\/product_tag?post=12692"}],"curies":[{"name":"wp","href":"https:\/\/api.w.org\/{rel}","templated":true}]}}