{"id":12618,"date":"2025-07-25T11:22:55","date_gmt":"2025-07-25T11:22:55","guid":{"rendered":"https:\/\/boreait.com\/it\/?post_type=product&#038;p=12618"},"modified":"2025-07-25T11:24:31","modified_gmt":"2025-07-25T11:24:31","slug":"modulo-webcam-per-hp-pavilion-17-f080no-708230-1d2","status":"publish","type":"product","link":"https:\/\/boreait.com\/it\/product\/modulo-webcam-per-hp-pavilion-17-f080no-708230-1d2\/","title":{"rendered":"Modulo webcam per HP Pavilion 17-f080no 708230-1D2"},"content":{"rendered":"<p>Migliora l\u2019esperienza multimediale del tuo laptop HP Pavilion 17-f080no con il modulo webcam per HP Pavilion 17-f080no 708230-1D2. Progettato per ottimizzare le funzionalit\u00e0 di comunicazione video e multimediali del tuo laptop, questo modulo webcam originale garantisce una perfetta integrazione e prestazioni visive migliorate per un\u2019esperienza di elaborazione ottimizzata.<\/p>\n<p>Prodotto da HP, leader affidabile nella tecnologia informatica, il modulo webcam per HP Pavilion 17-f080no 708230-1D2 \u00e8 progettato per fornire funzionalit\u00e0 di comunicazione video e multimediali affidabili. Componente essenziale dei sistemi interni del tuo laptop, questo modulo webcam svolge un ruolo fondamentale nel migliorare sia la comunicazione video che gli aspetti visivi.<\/p>\n<p>Che tu stia partecipando a videoconferenze, catturando momenti memorabili o registrando video, questo modulo webcam offre la praticit\u00e0 e l\u2019efficienza di cui hai bisogno. Grazie alle sue capacit\u00e0 di acquisizione di immagini di alta qualit\u00e0, puoi sperimentare immagini nitide e vivide durante le tue attivit\u00e0 di comunicazione video e multimediali. <\/p>\n<p>L\u2019installazione \u00e8 semplice grazie al design che si allinea ai componenti originali del tuo laptop. Scegliendo ricambi HP originali, investi nella qualit\u00e0 e nell\u2019affidabilit\u00e0 delle funzionalit\u00e0 di comunicazione video e multimediali del tuo laptop.<\/p>\n<p>Aggiorna le funzionalit\u00e0 di comunicazione video e multimediali del tuo laptop con il modulo webcam per HP Pavilion 17-f080no 708230-1D2. Goditi una qualit\u00e0 video migliorata, una comunicazione video fluida e un\u2019esperienza multimediale migliorata sul tuo Pavilion 17-f080no. Migliora la tua esperienza di elaborazione con questo modulo affidabile ed efficiente.<\/p>\n<p>Verifica la compatibilit\u00e0 con il tuo modello di laptop prima di effettuare l\u2019acquisto.<\/p>\n","protected":false},"excerpt":{"rendered":"<p>Migliora la comunicazione video e multimediale sul tuo laptop HP Pavilion 17-f080no con il modulo webcam per HP Pavilion 17-f080no 708230-1D2. Goditi una qualit\u00e0 video migliorata e una comunicazione video fluida.<\/p>\n","protected":false},"featured_media":12698,"template":"","meta":[],"product_brand":[],"product_cat":[24],"product_tag":[26],"class_list":{"0":"post-12618","1":"product","2":"type-product","3":"status-publish","4":"has-post-thumbnail","6":"product_cat-laptop-camera","7":"product_tag-hp","9":"first","10":"instock","11":"taxable","12":"shipping-taxable","13":"purchasable","14":"product-type-simple"},"_links":{"self":[{"href":"https:\/\/boreait.com\/it\/wp-json\/wp\/v2\/product\/12618","targetHints":{"allow":["GET"]}}],"collection":[{"href":"https:\/\/boreait.com\/it\/wp-json\/wp\/v2\/product"}],"about":[{"href":"https:\/\/boreait.com\/it\/wp-json\/wp\/v2\/types\/product"}],"wp:featuredmedia":[{"embeddable":true,"href":"https:\/\/boreait.com\/it\/wp-json\/wp\/v2\/media\/12698"}],"wp:attachment":[{"href":"https:\/\/boreait.com\/it\/wp-json\/wp\/v2\/media?parent=12618"}],"wp:term":[{"taxonomy":"product_brand","embeddable":true,"href":"https:\/\/boreait.com\/it\/wp-json\/wp\/v2\/product_brand?post=12618"},{"taxonomy":"product_cat","embeddable":true,"href":"https:\/\/boreait.com\/it\/wp-json\/wp\/v2\/product_cat?post=12618"},{"taxonomy":"product_tag","embeddable":true,"href":"https:\/\/boreait.com\/it\/wp-json\/wp\/v2\/product_tag?post=12618"}],"curies":[{"name":"wp","href":"https:\/\/api.w.org\/{rel}","templated":true}]}}