{"id":12545,"date":"2025-07-25T11:21:23","date_gmt":"2025-07-25T11:21:23","guid":{"rendered":"https:\/\/boreait.com\/it\/?post_type=product&#038;p=12545"},"modified":"2025-07-25T11:22:44","modified_gmt":"2025-07-25T11:22:44","slug":"scheda-pulsanti-touchpad-hp-15-r006nl-con-mouse-con-pulsanti-a-scheda-piatta-zso51-ls-a992p","status":"publish","type":"product","link":"https:\/\/boreait.com\/it\/product\/scheda-pulsanti-touchpad-hp-15-r006nl-con-mouse-con-pulsanti-a-scheda-piatta-zso51-ls-a992p\/","title":{"rendered":"Scheda pulsanti touchpad HP 15-R006nl con mouse con pulsanti a scheda piatta ZSO51 LS-A992P"},"content":{"rendered":"<p>Rivitalizza la funzionalit\u00e0 del touchpad del tuo laptop HP 15-R006nl con la scheda pulsanti touchpad HP 15-R006nl con mouse a scheda piatta. Questo ricambio originale HP garantisce che la navigazione tramite touchpad e le funzioni dei pulsanti del tuo laptop vengano ripristinate alle prestazioni ottimali.<\/p>\n<p>Progettata per integrarsi perfettamente con il modello HP 15-R006nl, questa scheda pulsanti touchpad offre un\u2019esperienza utente fluida e reattiva. Il design del mouse a scheda piatta garantisce che ogni clic sia preciso e affidabile, rendendo le tue attivit\u00e0 quotidiane pi\u00f9 fluide ed efficienti.<\/p>\n<p>Sostituire la scheda pulsanti touchpad HP 15-R006nl con mouse a scheda piatta \u00e8 un processo semplice che non richiede conoscenze tecniche approfondite. Con il codice prodotto LS-A992P, questa scheda sostitutiva \u00e8 perfetta per il gruppo touchpad del tuo laptop. <\/p>\n<p>Siate certi che questa scheda pulsanti touchpad \u00e8 un prodotto originale HP, che soddisfa gli elevati standard di qualit\u00e0 e prestazioni stabiliti dal marchio. \u00c8 stata testata rigorosamente per garantire un funzionamento affidabile, dandovi la tranquillit\u00e0 di sapere che il touchpad del vostro laptop funzioner\u00e0 in modo impeccabile.<\/p>\n<p>Che i pulsanti del touchpad siano malfunzionanti o usurati, la scheda pulsanti touchpad HP 15-R006nl con mouse a pulsanti piatti \u00e8 la soluzione che fa per voi. Ripristinate la piena funzionalit\u00e0 del touchpad del vostro laptop e godetevi un\u2019esperienza di elaborazione pi\u00f9 comoda e produttiva.<\/p>\n<p>Aggiornate il touchpad del vostro laptop HP 15-R006nl con la scheda pulsanti touchpad HP 15-R006nl con mouse a pulsanti piatti e godetevi una navigazione pi\u00f9 fluida e una risposta dei pulsanti migliorata.<\/p>\n","protected":false},"excerpt":{"rendered":"<p>Ripristina la funzionalit\u00e0 del touchpad del tuo laptop HP 15-R006nl con la scheda pulsanti touchpad originale HP 15-R006nl con mouse a scheda piatta. Migliora la navigazione e goditi un clic preciso sui pulsanti per un&#8217;esperienza di elaborazione pi\u00f9 efficiente.<\/p>\n<p>Sostituisci la scheda pulsanti touchpad con questo ricambio HP di alta qualit\u00e0.<\/p>\n","protected":false},"featured_media":12609,"template":"","meta":[],"product_brand":[],"product_cat":[28],"product_tag":[26],"class_list":{"0":"post-12545","1":"product","2":"type-product","3":"status-publish","4":"has-post-thumbnail","6":"product_cat-motherboards-board-parts","7":"product_tag-hp","9":"first","10":"instock","11":"taxable","12":"shipping-taxable","13":"purchasable","14":"product-type-simple"},"_links":{"self":[{"href":"https:\/\/boreait.com\/it\/wp-json\/wp\/v2\/product\/12545","targetHints":{"allow":["GET"]}}],"collection":[{"href":"https:\/\/boreait.com\/it\/wp-json\/wp\/v2\/product"}],"about":[{"href":"https:\/\/boreait.com\/it\/wp-json\/wp\/v2\/types\/product"}],"wp:featuredmedia":[{"embeddable":true,"href":"https:\/\/boreait.com\/it\/wp-json\/wp\/v2\/media\/12609"}],"wp:attachment":[{"href":"https:\/\/boreait.com\/it\/wp-json\/wp\/v2\/media?parent=12545"}],"wp:term":[{"taxonomy":"product_brand","embeddable":true,"href":"https:\/\/boreait.com\/it\/wp-json\/wp\/v2\/product_brand?post=12545"},{"taxonomy":"product_cat","embeddable":true,"href":"https:\/\/boreait.com\/it\/wp-json\/wp\/v2\/product_cat?post=12545"},{"taxonomy":"product_tag","embeddable":true,"href":"https:\/\/boreait.com\/it\/wp-json\/wp\/v2\/product_tag?post=12545"}],"curies":[{"name":"wp","href":"https:\/\/api.w.org\/{rel}","templated":true}]}}