{"id":12399,"date":"2025-07-25T11:18:14","date_gmt":"2025-07-25T11:18:14","guid":{"rendered":"https:\/\/boreait.com\/it\/?post_type=product&#038;p=12399"},"modified":"2026-01-07T08:36:17","modified_gmt":"2026-01-07T08:36:17","slug":"scheda-bluetooth-wireless-originale-hp-15-cs0053cl-915620-001-u98h132","status":"publish","type":"product","link":"https:\/\/boreait.com\/it\/product\/scheda-bluetooth-wireless-originale-hp-15-cs0053cl-915620-001-u98h132\/","title":{"rendered":"Scheda Bluetooth wireless originale Hp 15-CS0053CL 915620-001 U98H132"},"content":{"rendered":"<p>Migliora la connettivit\u00e0 wireless e Bluetooth del tuo laptop con la scheda wireless Bluetooth originale HP 15-CS0053CL, codice prodotto 915620-001 U98H132. Progettata per offrire funzionalit\u00e0 di comunicazione wireless migliorate, questa scheda offre una soluzione autentica e affidabile per un accesso a Internet senza interruzioni e una connettivit\u00e0 avanzata.<\/p>\n<p>Prodotta da HP, un nome affidabile nel settore informatico e tecnologico, la scheda wireless Bluetooth originale HP 15-CS0053CL \u00e8 progettata con cura per integrarsi perfettamente con il tuo laptop. Questa scheda svolge un ruolo fondamentale nel mantenere connessioni wireless e Bluetooth stabili, offrendo vantaggi pratici e una migliore usabilit\u00e0.<\/p>\n<p>Che tu sia a casa, al lavoro o in viaggio, questa scheda garantisce una connettivit\u00e0 affidabile e un trasferimento dati fluido sulle reti wireless e Bluetooth. Grazie al supporto per gli standard Wi-Fi e Bluetooth, offre una soluzione affidabile per diverse esigenze di comunicazione. <\/p>\n<p>L\u2019installazione \u00e8 semplice, poich\u00e9 la scheda wireless Bluetooth originale HP 15-CS0053CL \u00e8 progettata per essere inserita nell\u2019apposito slot del tuo laptop. Scegliendo componenti HP originali, investi nella qualit\u00e0, nell\u2019affidabilit\u00e0 e nelle funzionalit\u00e0 wireless e Bluetooth avanzate del tuo laptop.<\/p>\n<p>Aggiorna la connettivit\u00e0 wireless e Bluetooth del tuo laptop con la scheda wireless Bluetooth originale HP 15-CS0053CL. Goditi una comunicazione wireless stabile ed efficiente e una connettivit\u00e0 Bluetooth per un\u2019esperienza online migliorata.<\/p>\n<p>Verifica la compatibilit\u00e0 con il tuo modello di laptop prima di effettuare l\u2019acquisto.<\/p>\n","protected":false},"excerpt":{"rendered":"<p>Aggiorna la connettivit\u00e0 wireless e Bluetooth del tuo laptop con la scheda wireless Bluetooth originale HP 15-CS0053CL, codice prodotto 915620-001 U98H132. Goditi una comunicazione wireless stabile ed efficiente e una connettivit\u00e0 Bluetooth per un&#8217;esperienza online migliorata.<\/p>\n","protected":false},"featured_media":12451,"template":"","meta":[],"product_brand":[],"product_cat":[28],"product_tag":[26],"class_list":{"0":"post-12399","1":"product","2":"type-product","3":"status-publish","4":"has-post-thumbnail","6":"product_cat-motherboards-board-parts","7":"product_tag-hp","9":"first","10":"instock","11":"taxable","12":"shipping-taxable","13":"purchasable","14":"product-type-simple"},"_links":{"self":[{"href":"https:\/\/boreait.com\/it\/wp-json\/wp\/v2\/product\/12399","targetHints":{"allow":["GET"]}}],"collection":[{"href":"https:\/\/boreait.com\/it\/wp-json\/wp\/v2\/product"}],"about":[{"href":"https:\/\/boreait.com\/it\/wp-json\/wp\/v2\/types\/product"}],"wp:featuredmedia":[{"embeddable":true,"href":"https:\/\/boreait.com\/it\/wp-json\/wp\/v2\/media\/12451"}],"wp:attachment":[{"href":"https:\/\/boreait.com\/it\/wp-json\/wp\/v2\/media?parent=12399"}],"wp:term":[{"taxonomy":"product_brand","embeddable":true,"href":"https:\/\/boreait.com\/it\/wp-json\/wp\/v2\/product_brand?post=12399"},{"taxonomy":"product_cat","embeddable":true,"href":"https:\/\/boreait.com\/it\/wp-json\/wp\/v2\/product_cat?post=12399"},{"taxonomy":"product_tag","embeddable":true,"href":"https:\/\/boreait.com\/it\/wp-json\/wp\/v2\/product_tag?post=12399"}],"curies":[{"name":"wp","href":"https:\/\/api.w.org\/{rel}","templated":true}]}}