{"id":12383,"date":"2025-07-25T11:17:49","date_gmt":"2025-07-25T11:17:49","guid":{"rendered":"https:\/\/boreait.com\/it\/?post_type=product&#038;p=12383"},"modified":"2026-01-07T08:35:37","modified_gmt":"2026-01-07T08:35:37","slug":"atheros-ar5bxb63-mini-pci-e-wireless-wifi-g-scheda","status":"publish","type":"product","link":"https:\/\/boreait.com\/it\/product\/atheros-ar5bxb63-mini-pci-e-wireless-wifi-g-scheda\/","title":{"rendered":"ATHEROS AR5BXB63 MINI PCI-E WIRELESS WIFI G SCHEDA"},"content":{"rendered":"<p>Migliora la connettivit\u00e0 wireless del tuo laptop con la scheda Atheros AR5BXB63 Mini PCI-E Wireless WiFi G. Progettata per offrire funzionalit\u00e0 di rete wireless migliorate, questa scheda Mini PCI-E offre una soluzione autentica e affidabile per un accesso a Internet migliorato e una connettivit\u00e0 senza interruzioni.<\/p>\n<p>Prodotta da Atheros, un nome affidabile nella tecnologia delle comunicazioni wireless, la scheda Atheros AR5BXB63 Mini PCI-E Wireless WiFi G \u00e8 progettata meticolosamente per integrarsi perfettamente con il design del tuo laptop. Componente fondamentale per connessioni wireless stabili, questa scheda offre vantaggi pratici e una migliore usabilit\u00e0.<\/p>\n<p>Che tu sia a casa, in ufficio o in viaggio, questa scheda WiFi G garantisce una connettivit\u00e0 affidabile e un trasferimento dati fluido sulla rete wireless. Grazie al supporto per gli standard WiFi G (802.11g), offre una soluzione affidabile per diverse esigenze di comunicazione.<\/p>\n<p>L\u2019installazione \u00e8 semplice poich\u00e9 questa scheda Mini PCI-E \u00e8 progettata per essere inserita nell\u2019apposito slot del tuo laptop. Scegliendo componenti Atheros originali, investi nella qualit\u00e0, nell\u2019affidabilit\u00e0 e nelle migliori capacit\u00e0 di connettivit\u00e0 wireless del tuo laptop.<\/p>\n<p>Aggiorna la connettivit\u00e0 wireless del tuo laptop con la scheda Atheros AR5BXB63 Mini PCI-E Wireless WiFi G. Goditi una comunicazione wireless stabile ed efficiente per un\u2019esperienza online migliorata.<\/p>\n<p>Verifica la compatibilit\u00e0 con il tuo modello di laptop prima di effettuare l\u2019acquisto.<\/p>\n","protected":false},"excerpt":{"rendered":"<p>Aggiorna la connettivit\u00e0 wireless del tuo laptop con la scheda Atheros AR5BXB63 Mini PCI-E Wireless WiFi G. Goditi una comunicazione wireless stabile ed efficiente per un&#8217;esperienza online migliorata.<\/p>\n","protected":false},"featured_media":12448,"template":"","meta":[],"product_brand":[],"product_cat":[28],"product_tag":[],"class_list":{"0":"post-12383","1":"product","2":"type-product","3":"status-publish","4":"has-post-thumbnail","6":"product_cat-motherboards-board-parts","8":"first","9":"instock","10":"taxable","11":"shipping-taxable","12":"purchasable","13":"product-type-simple"},"_links":{"self":[{"href":"https:\/\/boreait.com\/it\/wp-json\/wp\/v2\/product\/12383","targetHints":{"allow":["GET"]}}],"collection":[{"href":"https:\/\/boreait.com\/it\/wp-json\/wp\/v2\/product"}],"about":[{"href":"https:\/\/boreait.com\/it\/wp-json\/wp\/v2\/types\/product"}],"wp:featuredmedia":[{"embeddable":true,"href":"https:\/\/boreait.com\/it\/wp-json\/wp\/v2\/media\/12448"}],"wp:attachment":[{"href":"https:\/\/boreait.com\/it\/wp-json\/wp\/v2\/media?parent=12383"}],"wp:term":[{"taxonomy":"product_brand","embeddable":true,"href":"https:\/\/boreait.com\/it\/wp-json\/wp\/v2\/product_brand?post=12383"},{"taxonomy":"product_cat","embeddable":true,"href":"https:\/\/boreait.com\/it\/wp-json\/wp\/v2\/product_cat?post=12383"},{"taxonomy":"product_tag","embeddable":true,"href":"https:\/\/boreait.com\/it\/wp-json\/wp\/v2\/product_tag?post=12383"}],"curies":[{"name":"wp","href":"https:\/\/api.w.org\/{rel}","templated":true}]}}