{"id":12106,"date":"2025-07-25T11:12:42","date_gmt":"2025-07-25T11:12:42","guid":{"rendered":"https:\/\/boreait.com\/it\/?post_type=product&#038;p=12106"},"modified":"2026-01-07T08:39:36","modified_gmt":"2026-01-07T08:39:36","slug":"sk-hynix-sc311-ssd-sata-da-128-gb-m-2-06hg72","status":"publish","type":"product","link":"https:\/\/boreait.com\/it\/product\/sk-hynix-sc311-ssd-sata-da-128-gb-m-2-06hg72\/","title":{"rendered":"Sk Hynix SC311 SSD SATA da 128 GB M.2 06HG72"},"content":{"rendered":"<p>Aggiorna lo spazio di archiviazione e le prestazioni del tuo dispositivo con l\u2019SSD SATA M.2 SK Hynix SC311 da 128 GB (codice articolo: 06HG72). Questa unit\u00e0 a stato solido offre una soluzione di archiviazione ad alta velocit\u00e0 che migliora le prestazioni e la reattivit\u00e0 complessive del tuo dispositivo.<\/p>\n<p>Con una capacit\u00e0 di archiviazione di 128 GB, l\u2019SSD SC311 offre ampio spazio per il sistema operativo, le applicazioni e i file, migliorando la velocit\u00e0 e l\u2019efficienza del tuo dispositivo. Che tu lo utilizzi per lavoro, intrattenimento o produttivit\u00e0, la maggiore capacit\u00e0 di archiviazione garantisce un multitasking pi\u00f9 fluido e un accesso pi\u00f9 rapido ai tuoi dati.<\/p>\n<p>Il formato M.2 dell\u2019SSD SK Hynix SC311 \u00e8 progettato per adattarsi perfettamente a laptop, ultrabook e desktop compatti che supportano unit\u00e0 M.2. Il suo design compatto non solo consente di risparmiare spazio, ma contribuisce anche a ridurre il consumo energetico, contribuendo a una maggiore durata della batteria dei dispositivi portatili. <\/p>\n<p>Grazie alla compatibilit\u00e0 con l\u2019interfaccia SATA III, l\u2019SSD SK Hynix SC311 offre elevate velocit\u00e0 di trasferimento dati e riduce significativamente i tempi di avvio e di caricamento delle applicazioni. Questo si traduce in una migliore reattivit\u00e0 del sistema e in un\u2019esperienza di elaborazione complessiva superiore.<\/p>\n<p>Aggiorna lo spazio di archiviazione e le prestazioni del tuo dispositivo con l\u2019SSD SATA M.2 SK Hynix SC311 da 128 GB (codice prodotto: 06HG72). Scopri i vantaggi di un accesso ai dati pi\u00f9 rapido, funzionalit\u00e0 multitasking migliorate e una maggiore reattivit\u00e0 complessiva del sistema. Che tu sia un utente professionista o occasionale, questo SSD \u00e8 la scelta ideale per aumentare le prestazioni e la capacit\u00e0 di archiviazione del tuo dispositivo.<\/p>\n","protected":false},"excerpt":{"rendered":"<p>L&#8217;SSD SATA M.2 SK Hynix SC311 da 128 GB (codice articolo: 06HG72) \u00e8 una soluzione di archiviazione ad alte prestazioni che migliora la velocit\u00e0 e la reattivit\u00e0 del tuo dispositivo. Con un fattore di forma M.2 compatto, questo SSD \u00e8 ideale per laptop, ultrabook e desktop di piccole dimensioni, offrendo maggiore capacit\u00e0 di archiviazione e prestazioni di sistema migliorate.<\/p>\n","protected":false},"featured_media":12159,"template":"","meta":[],"product_brand":[],"product_cat":[32,44],"product_tag":[],"class_list":{"0":"post-12106","1":"product","2":"type-product","3":"status-publish","4":"has-post-thumbnail","6":"product_cat-ssd-hdd-drives","7":"product_cat-m-2-sata","9":"first","10":"instock","11":"taxable","12":"shipping-taxable","13":"purchasable","14":"product-type-simple"},"_links":{"self":[{"href":"https:\/\/boreait.com\/it\/wp-json\/wp\/v2\/product\/12106","targetHints":{"allow":["GET"]}}],"collection":[{"href":"https:\/\/boreait.com\/it\/wp-json\/wp\/v2\/product"}],"about":[{"href":"https:\/\/boreait.com\/it\/wp-json\/wp\/v2\/types\/product"}],"wp:featuredmedia":[{"embeddable":true,"href":"https:\/\/boreait.com\/it\/wp-json\/wp\/v2\/media\/12159"}],"wp:attachment":[{"href":"https:\/\/boreait.com\/it\/wp-json\/wp\/v2\/media?parent=12106"}],"wp:term":[{"taxonomy":"product_brand","embeddable":true,"href":"https:\/\/boreait.com\/it\/wp-json\/wp\/v2\/product_brand?post=12106"},{"taxonomy":"product_cat","embeddable":true,"href":"https:\/\/boreait.com\/it\/wp-json\/wp\/v2\/product_cat?post=12106"},{"taxonomy":"product_tag","embeddable":true,"href":"https:\/\/boreait.com\/it\/wp-json\/wp\/v2\/product_tag?post=12106"}],"curies":[{"name":"wp","href":"https:\/\/api.w.org\/{rel}","templated":true}]}}