{"id":12034,"date":"2025-07-25T11:11:03","date_gmt":"2025-07-25T11:11:03","guid":{"rendered":"https:\/\/boreait.com\/it\/?post_type=product&#038;p=12034"},"modified":"2025-07-25T11:12:34","modified_gmt":"2025-07-25T11:12:34","slug":"modulo-a-banda-larga-mobile-ericsson-h5321-3g-gps-hspa-wwan-originale","status":"publish","type":"product","link":"https:\/\/boreait.com\/it\/product\/modulo-a-banda-larga-mobile-ericsson-h5321-3g-gps-hspa-wwan-originale\/","title":{"rendered":"Modulo a banda larga mobile Ericsson H5321 3G\/GPS\/HSPA+ WWAN originale"},"content":{"rendered":"<div class=\"flex-1 overflow-hidden\">\n<div class=\"react-scroll-to-bottom--css-savyy-79elbk h-full dark:bg-gray-800\">\n<div class=\"react-scroll-to-bottom--css-savyy-1n7m0yu\">\n<div class=\"flex flex-col text-sm dark:bg-gray-800\">\n<div class=\"group w-full text-token-text-primary border-b border-black\/10 dark:border-gray-900\/50 bg-gray-50 dark:bg-[#444654]\">\n<div class=\"flex p-4 gap-4 text-base md:gap-6 md:max-w-2xl lg:max-w-[38rem] xl:max-w-3xl md:py-6 lg:px-0 m-auto\">\n<div class=\"relative flex w-[calc(100%-50px)] flex-col gap-1 md:gap-3 lg:w-[calc(100%-115px)]\">\n<div class=\"flex flex-grow flex-col gap-3\">\n<div class=\"min-h-[20px] flex flex-col items-start gap-3 overflow-x-auto whitespace-pre-wrap break-words\">\n<div class=\"markdown prose w-full break-words dark:prose-invert light\">\n<p>Il modulo a banda larga mobile WWAN 3G\/GPS\/HSPA+ Ericsson H5321 originale \u00e8 un modulo wireless di alta qualit\u00e0 progettato per una connettivit\u00e0 avanzata. Sui dispositivi compatibili. Con questo modulo installato, gli utenti possono accedere a dati 3G, servizi GPS e connettivit\u00e0 HSPA+, offrendo un accesso a banda larga mobile veloce e affidabile.<\/p>\n<p>Questo modulo \u00e8 prodotto da Ericsson, un nome affidabile nel settore delle telecomunicazioni, noto per la sua tecnologia all\u2019avanguardia e i suoi prodotti affidabili. Il modulo H5321 \u00e8 stato meticolosamente progettato e testato per soddisfare rigorosi standard di qualit\u00e0, garantendo prestazioni ottimali e una perfetta integrazione con i dispositivi compatibili.<\/p>\n<p>Il modulo a banda larga mobile WWAN Ericsson H5321 supporta la connettivit\u00e0 3G, consentendo agli utenti di accedere a Internet e rimanere connessi anche in movimento. Offre inoltre funzionalit\u00e0 GPS, consentendo un posizionamento accurato e servizi basati sulla posizione per varie applicazioni.<\/p>\n<p>Inoltre, il modulo supporta la tecnologia HSPA+ (High-Speed Packet Access Plus), che offre velocit\u00e0 di trasferimento dati pi\u00f9 elevate rispetto alle reti 3G standard. Ci\u00f2 consente una navigazione pi\u00f9 fluida, download pi\u00f9 rapidi e prestazioni migliori per le attivit\u00e0 che richiedono un utilizzo intensivo di dati. <\/p>\n<p>Il modulo a banda larga mobile Ericsson H5321 3G\/GPS\/HSPA+ WWAN originale \u00e8 compatibile con laptop, tablet e altri dispositivi mobili selezionati. Offre agli utenti la flessibilit\u00e0 di rimanere connessi ovunque sia disponibile una rete mobile compatibile, rendendolo ideale per professionisti e viaggiatori che necessitano di un accesso a Internet affidabile in movimento.<\/p>\n<p>Si prega di verificare la compatibilit\u00e0 con dispositivi specifici prima dell\u2019installazione. Si consiglia l\u2019installazione da parte di un professionista per garantire il corretto funzionamento e l\u2019integrazione con il dispositivo host.<\/p>\n<p>In sintesi, il modulo a banda larga mobile Ericsson H5321 3G\/GPS\/HSPA+ WWAN originale \u00e8 un modulo wireless di alta qualit\u00e0 che consente la connettivit\u00e0 3G, GPS e HSPA+ su dispositivi compatibili. Grazie a un accesso a banda larga mobile veloce e affidabile, gli utenti possono rimanere connessi, accedere a Internet e usufruire di servizi basati sulla posizione con facilit\u00e0. <\/p>\n<\/div>\n<\/div>\n<\/div>\n<div class=\"flex justify-between lg:block\">\n<div class=\"text-xs flex items-center justify-center gap-1 self-center pt-2 !invisible\"><\/div>\n<div class=\"text-gray-400 flex self-end lg:self-center justify-center mt-2 gap-2 md:gap-3 lg:gap-1 lg:absolute lg:top-0 lg:translate-x-full lg:right-0 lg:mt-0 lg:pl-2 visible\">\n<p>\u00a0 <\/p>\n<div class=\"flex gap-1\"><\/div>\n<\/div>\n<\/div>\n<\/div>\n<\/div>\n<\/div>\n<div class=\"h-32 md:h-48 flex-shrink-0\"><\/div>\n<p>\u00a0<\/p>\n<\/div>\n<\/div>\n<\/div>\n<\/div>\n<\/div>\n<div class=\"absolute bottom-0 left-0 w-full border-t md:border-t-0 dark:border-white\/20 md:border-transparent md:dark:border-transparent md:bg-vert-light-gradient bg-white dark:bg-gray-800 md:!bg-transparent dark:md:bg-vert-dark-gradient pt-2 md:pl-2 md:w-[calc(100%-.5rem)]\">\n<div class=\"relative flex h-full flex-1 items-stretch md:flex-col\" role=\"presentation\">\n<div>\n<div class=\"h-full flex ml-1 md:w-full md:m-auto md:mb-4 gap-0 md:gap-2 justify-center\"><\/div>\n<\/div>\n<\/div>\n<\/div>\n","protected":false},"excerpt":{"rendered":"<p>Il modulo a banda larga mobile WWAN 3G\/GPS\/HSPA+ originale Ericsson H5321 \u00e8 un modulo originale di alta qualit\u00e0 che consente la connettivit\u00e0 3G, GPS e HSPA+ sui dispositivi compatibili. Fornisce un accesso a banda larga mobile veloce e affidabile per la comunicazione dati e i servizi basati sulla posizione.<\/p>\n","protected":false},"featured_media":12103,"template":"","meta":[],"product_brand":[],"product_cat":[28],"product_tag":[],"class_list":{"0":"post-12034","1":"product","2":"type-product","3":"status-publish","4":"has-post-thumbnail","6":"product_cat-motherboards-board-parts","8":"first","9":"instock","10":"taxable","11":"shipping-taxable","12":"purchasable","13":"product-type-simple"},"_links":{"self":[{"href":"https:\/\/boreait.com\/it\/wp-json\/wp\/v2\/product\/12034","targetHints":{"allow":["GET"]}}],"collection":[{"href":"https:\/\/boreait.com\/it\/wp-json\/wp\/v2\/product"}],"about":[{"href":"https:\/\/boreait.com\/it\/wp-json\/wp\/v2\/types\/product"}],"wp:featuredmedia":[{"embeddable":true,"href":"https:\/\/boreait.com\/it\/wp-json\/wp\/v2\/media\/12103"}],"wp:attachment":[{"href":"https:\/\/boreait.com\/it\/wp-json\/wp\/v2\/media?parent=12034"}],"wp:term":[{"taxonomy":"product_brand","embeddable":true,"href":"https:\/\/boreait.com\/it\/wp-json\/wp\/v2\/product_brand?post=12034"},{"taxonomy":"product_cat","embeddable":true,"href":"https:\/\/boreait.com\/it\/wp-json\/wp\/v2\/product_cat?post=12034"},{"taxonomy":"product_tag","embeddable":true,"href":"https:\/\/boreait.com\/it\/wp-json\/wp\/v2\/product_tag?post=12034"}],"curies":[{"name":"wp","href":"https:\/\/api.w.org\/{rel}","templated":true}]}}