{"id":11918,"date":"2025-07-25T11:08:35","date_gmt":"2025-07-25T11:08:35","guid":{"rendered":"https:\/\/boreait.com\/it\/?post_type=product&#038;p=11918"},"modified":"2026-01-09T09:18:54","modified_gmt":"2026-01-09T09:18:54","slug":"scheda-connettore-disco-rigido-sata-originale-dell-latitude-e7450-2n4j0-02n4j0","status":"publish","type":"product","link":"https:\/\/boreait.com\/it\/product\/scheda-connettore-disco-rigido-sata-originale-dell-latitude-e7450-2n4j0-02n4j0\/","title":{"rendered":"SCHEDA CONNETTORE DISCO RIGIDO SATA ORIGINALE DELL LATITUDE E7450 2N4J0 02N4J0"},"content":{"rendered":"<p>La scheda di connessione del disco rigido SATA \u00e8 un componente essenziale che consente al laptop di comunicare con il disco rigido, consentendo il trasferimento e l\u2019archiviazione dei dati. Con il tempo, i connettori potrebbero usurarsi o danneggiarsi, causando problemi di trasferimento dati o persino il guasto completo del disco rigido. Non scendere a compromessi sulle prestazioni e non rischiare di perdere i tuoi dati preziosi: sostituisci la tua vecchia scheda di connessione con la scheda Dell 2N4J0 originale (02N4J0) e goditi la tranquillit\u00e0 di soluzioni di archiviazione affidabili.<\/p>\n<p>Progettata e prodotta da Dell, questa scheda di connessione del disco rigido SATA \u00e8 un componente OEM autentico, che garantisce il massimo livello di compatibilit\u00e0 e prestazioni per il tuo laptop Latitude E7450. Con il modello 2N4J0 (02N4J0), puoi essere certo che si adatter\u00e0 perfettamente e funzioner\u00e0 perfettamente con l\u2019hardware del tuo laptop.<\/p>\n<p>L\u2019installazione \u00e8 semplicissima, anche per chi non ha una vasta competenza tecnica. \u00c8 sufficiente rimuovere la vecchia scheda di connessione e sostituirla con la scheda di connessione del disco rigido SATA Dell 2N4J0 originale (02N4J0). Non c\u2019\u00e8 bisogno di preoccuparsi di compatibilit\u00e0 o procedure complicate: \u00e8 progettato per rendere il processo di aggiornamento semplice e intuitivo.<\/p>\n<p>Mantieni il tuo Dell Latitude E7450 al massimo delle sue prestazioni investendo nella scheda di connessione per disco rigido SATA Dell originale 2N4J0 (02N4J0). Ripristina le capacit\u00e0 di trasferimento dati e archiviazione ottimali, garantendo al tuo laptop le massime prestazioni. Non accontentarti di meno quando si tratta di componenti importanti per laptop: scegli la scheda Dell originale 2N4J0 (02N4J0) e scopri la differenza in termini di affidabilit\u00e0 e prestazioni.<\/p>\n","protected":false},"excerpt":{"rendered":"<p>Sfrutta appieno il potenziale del tuo Dell Latitude E7450 con la scheda di connessione per disco rigido SATA Dell originale 2N4J0 (02N4J0). Questa scheda di connessione di alta qualit\u00e0 \u00e8 la sostituzione perfetta per quella che hai gi\u00e0, garantendo una connettivit\u00e0 impeccabile e affidabile tra il disco rigido del tuo laptop e la scheda madre.<\/p>\n","protected":false},"featured_media":11972,"template":"","meta":[],"product_brand":[],"product_cat":[28],"product_tag":[18],"class_list":{"0":"post-11918","1":"product","2":"type-product","3":"status-publish","4":"has-post-thumbnail","6":"product_cat-motherboards-board-parts","7":"product_tag-dell","9":"first","10":"instock","11":"taxable","12":"shipping-taxable","13":"purchasable","14":"product-type-simple"},"_links":{"self":[{"href":"https:\/\/boreait.com\/it\/wp-json\/wp\/v2\/product\/11918","targetHints":{"allow":["GET"]}}],"collection":[{"href":"https:\/\/boreait.com\/it\/wp-json\/wp\/v2\/product"}],"about":[{"href":"https:\/\/boreait.com\/it\/wp-json\/wp\/v2\/types\/product"}],"wp:featuredmedia":[{"embeddable":true,"href":"https:\/\/boreait.com\/it\/wp-json\/wp\/v2\/media\/11972"}],"wp:attachment":[{"href":"https:\/\/boreait.com\/it\/wp-json\/wp\/v2\/media?parent=11918"}],"wp:term":[{"taxonomy":"product_brand","embeddable":true,"href":"https:\/\/boreait.com\/it\/wp-json\/wp\/v2\/product_brand?post=11918"},{"taxonomy":"product_cat","embeddable":true,"href":"https:\/\/boreait.com\/it\/wp-json\/wp\/v2\/product_cat?post=11918"},{"taxonomy":"product_tag","embeddable":true,"href":"https:\/\/boreait.com\/it\/wp-json\/wp\/v2\/product_tag?post=11918"}],"curies":[{"name":"wp","href":"https:\/\/api.w.org\/{rel}","templated":true}]}}