{"id":11828,"date":"2025-07-25T11:06:36","date_gmt":"2025-07-25T11:06:36","guid":{"rendered":"https:\/\/boreait.com\/it\/?post_type=product&#038;p=11828"},"modified":"2026-01-09T08:11:24","modified_gmt":"2026-01-09T08:11:24","slug":"ventola-di-raffreddamento-del-dissipatore-di-calore-13gnvx1am010-panasonic-udqfzzh32das","status":"publish","type":"product","link":"https:\/\/boreait.com\/it\/product\/ventola-di-raffreddamento-del-dissipatore-di-calore-13gnvx1am010-panasonic-udqfzzh32das\/","title":{"rendered":"Ventola di raffreddamento del dissipatore di calore 13GNVX1AM010 Panasonic UDQFZZH32DAS"},"content":{"rendered":"<p>La ventola Panasonic UDQFZZH32DAS \u00e8 progettata per un raffreddamento efficiente, contribuendo a mantenere temperature operative ottimali per il processore del laptop e altri componenti critici. Un raffreddamento adeguato \u00e8 essenziale per prevenire il surriscaldamento e potenziali danni ai componenti interni, garantendo prestazioni e longevit\u00e0 del laptop.<\/p>\n<p>Questa soluzione di raffreddamento \u00e8 progettata per essere compatibile con specifici modelli di laptop, quindi \u00e8 essenziale verificarne la compatibilit\u00e0 con il proprio laptop prima di acquistarla o installarla. Se si nota un aumento del rumore della ventola o un surriscaldamento del laptop, potrebbe essere un\u2019indicazione che il sistema di raffreddamento necessita di manutenzione e la sostituzione della ventola del dissipatore di calore pu\u00f2 essere una soluzione efficace.<\/p>\n<p>Quando si installa la ventola del dissipatore di calore 13GNVX1AM010 Panasonic UDQFZZH32DAS, \u00e8 fondamentale maneggiarla con cura e seguire le istruzioni del produttore per garantire un montaggio corretto e sicuro. In caso di dubbi sulla procedura di installazione, si consiglia di chiedere assistenza a un tecnico professionista. <\/p>\n<p>Investendo in questo gruppo di raffreddamento originale Panasonic, puoi ripristinare prestazioni di raffreddamento ottimali, mantenere l\u2019efficienza complessiva del tuo laptop e garantire un funzionamento fluido e affidabile durante attivit\u00e0 impegnative o un utilizzo prolungato. Scegli ricambi originali per il tuo laptop per garantire compatibilit\u00e0 e un raffreddamento efficiente, contribuendo in definitiva a una maggiore durata del tuo dispositivo.<\/p>\n","protected":false},"excerpt":{"rendered":"<p>Ventola di raffreddamento del dissipatore di calore 13GNVX1AM010 Panasonic UDQFZZH32DAS<\/p>\n","protected":false},"featured_media":11891,"template":"","meta":[],"product_brand":[],"product_cat":[34],"product_tag":[],"class_list":{"0":"post-11828","1":"product","2":"type-product","3":"status-publish","4":"has-post-thumbnail","6":"product_cat-cpu-fans-heatsinks","8":"first","9":"instock","10":"taxable","11":"shipping-taxable","12":"purchasable","13":"product-type-simple"},"_links":{"self":[{"href":"https:\/\/boreait.com\/it\/wp-json\/wp\/v2\/product\/11828","targetHints":{"allow":["GET"]}}],"collection":[{"href":"https:\/\/boreait.com\/it\/wp-json\/wp\/v2\/product"}],"about":[{"href":"https:\/\/boreait.com\/it\/wp-json\/wp\/v2\/types\/product"}],"wp:featuredmedia":[{"embeddable":true,"href":"https:\/\/boreait.com\/it\/wp-json\/wp\/v2\/media\/11891"}],"wp:attachment":[{"href":"https:\/\/boreait.com\/it\/wp-json\/wp\/v2\/media?parent=11828"}],"wp:term":[{"taxonomy":"product_brand","embeddable":true,"href":"https:\/\/boreait.com\/it\/wp-json\/wp\/v2\/product_brand?post=11828"},{"taxonomy":"product_cat","embeddable":true,"href":"https:\/\/boreait.com\/it\/wp-json\/wp\/v2\/product_cat?post=11828"},{"taxonomy":"product_tag","embeddable":true,"href":"https:\/\/boreait.com\/it\/wp-json\/wp\/v2\/product_tag?post=11828"}],"curies":[{"name":"wp","href":"https:\/\/api.w.org\/{rel}","templated":true}]}}