{"id":11823,"date":"2025-07-25T11:06:36","date_gmt":"2025-07-25T11:06:36","guid":{"rendered":"https:\/\/boreait.com\/it\/?post_type=product&#038;p=11823"},"modified":"2026-01-09T08:10:30","modified_gmt":"2026-01-09T08:10:30","slug":"hp-pavilion-dv7-4026eo-dissipatore-e-ventola-3mlx8tatp20","status":"publish","type":"product","link":"https:\/\/boreait.com\/it\/product\/hp-pavilion-dv7-4026eo-dissipatore-e-ventola-3mlx8tatp20\/","title":{"rendered":"HP Pavilion DV7-4026eo Dissipatore e ventola 3MLX8TATP20"},"content":{"rendered":"<p>Il dissipatore e ventola HP Pavilion DV7-4026eo 3MLX8TATP20 \u00e8 il ricambio perfetto per garantire che il tuo laptop rimanga fresco e funzioni al massimo delle prestazioni. Il surriscaldamento pu\u00f2 causare una riduzione delle prestazioni e potenziali danni ai componenti interni. Questo sistema di raffreddamento originale HP \u00e8 progettato specificamente per il modello Pavilion DV7-4026eo, garantendo una perfetta compatibilit\u00e0 e compatibilit\u00e0.<\/p>\n<p>Il sistema di raffreddamento \u00e8 costituito da un gruppo ventola e dissipatore di alta qualit\u00e0 che dissipa efficacemente il calore generato dai componenti del laptop. La ventola fa circolare l\u2019aria per rimuovere il calore in eccesso, evitando il surriscaldamento del sistema e mantenendo temperature di esercizio stabili.<\/p>\n<p>L\u2019installazione di questo gruppo ventola e dissipatore \u00e8 semplice, ma si consiglia di rivolgersi a un professionista se non si ha familiarit\u00e0 con le riparazioni di laptop. Con questo ricambio, puoi contare sulla qualit\u00e0 e l\u2019affidabilit\u00e0 dei prodotti HP, garantendo al tuo laptop prestazioni ottimali e una lunga durata. <\/p>\n<p>Assicuratevi che il vostro laptop HP Pavilion DV7-4026eo rimanga fresco e funzioni senza intoppi con il dissipatore e ventola originali HP Pavilion DV7-4026eo 3MLX8TATP20. Sperimentate prestazioni di sistema migliorate, rumorosit\u00e0 ridotta e una maggiore durata del laptop con questo ricambio essenziale. Mantenete il vostro laptop fluido ed efficiente, anche durante le attivit\u00e0 pi\u00f9 intense, con un sistema di raffreddamento perfettamente funzionante.<\/p>\n","protected":false},"excerpt":{"rendered":"<p>Mantieni il tuo laptop HP Pavilion DV7-4026eo fresco ed efficiente con questo gruppo ventola e dissipatore originale. Il sistema di raffreddamento 3MLX8TATP20 \u00e8 progettato per dissipare il calore in modo efficace, garantendo prestazioni ottimali e longevit\u00e0 al tuo laptop.<\/p>\n","protected":false},"featured_media":11886,"template":"","meta":[],"product_brand":[],"product_cat":[34],"product_tag":[26],"class_list":{"0":"post-11823","1":"product","2":"type-product","3":"status-publish","4":"has-post-thumbnail","6":"product_cat-cpu-fans-heatsinks","7":"product_tag-hp","9":"first","10":"instock","11":"taxable","12":"shipping-taxable","13":"purchasable","14":"product-type-simple"},"_links":{"self":[{"href":"https:\/\/boreait.com\/it\/wp-json\/wp\/v2\/product\/11823","targetHints":{"allow":["GET"]}}],"collection":[{"href":"https:\/\/boreait.com\/it\/wp-json\/wp\/v2\/product"}],"about":[{"href":"https:\/\/boreait.com\/it\/wp-json\/wp\/v2\/types\/product"}],"wp:featuredmedia":[{"embeddable":true,"href":"https:\/\/boreait.com\/it\/wp-json\/wp\/v2\/media\/11886"}],"wp:attachment":[{"href":"https:\/\/boreait.com\/it\/wp-json\/wp\/v2\/media?parent=11823"}],"wp:term":[{"taxonomy":"product_brand","embeddable":true,"href":"https:\/\/boreait.com\/it\/wp-json\/wp\/v2\/product_brand?post=11823"},{"taxonomy":"product_cat","embeddable":true,"href":"https:\/\/boreait.com\/it\/wp-json\/wp\/v2\/product_cat?post=11823"},{"taxonomy":"product_tag","embeddable":true,"href":"https:\/\/boreait.com\/it\/wp-json\/wp\/v2\/product_tag?post=11823"}],"curies":[{"name":"wp","href":"https:\/\/api.w.org\/{rel}","templated":true}]}}