{"id":11690,"date":"2025-07-25T11:03:46","date_gmt":"2025-07-25T11:03:46","guid":{"rendered":"https:\/\/boreait.com\/it\/?post_type=product&#038;p=11690"},"modified":"2025-07-25T11:05:27","modified_gmt":"2025-07-25T11:05:27","slug":"per-hp-scheda-wireless-wwan-originale-813559-005","status":"publish","type":"product","link":"https:\/\/boreait.com\/it\/product\/per-hp-scheda-wireless-wwan-originale-813559-005\/","title":{"rendered":"Per HP &#8211; Scheda wireless WWAN originale | 813559-005"},"content":{"rendered":"<p>Rimani connesso e goditi una connettivit\u00e0 mobile migliorata con la scheda wireless WWAN originale 813559-005 di HP. Questo accessorio originale HP \u00e8 progettato per fornire comunicazioni wireless senza interruzioni sui laptop HP compatibili, offrendoti la libert\u00e0 di accedere alle reti wireless ovunque tu vada.<\/p>\n<p>La scheda WWAN (Wireless Wide Area Network) consente al tuo laptop di connettersi alle reti cellulari, consentendoti di accedere a Internet anche in aree senza copertura Wi-Fi. Questa funzionalit\u00e0 \u00e8 particolarmente utile per i professionisti che viaggiano spesso o devono lavorare da remoto. Con questa scheda WWAN installata, puoi accedere a Internet, controllare la posta elettronica ed eseguire attivit\u00e0 online con facilit\u00e0, ovunque ti trovi.<\/p>\n<p>Progettata per offrire velocit\u00e0 Internet pi\u00f9 elevate e connessioni affidabili, la scheda wireless WWAN originale 813559-005 \u00e8 un prodotto HP di alta qualit\u00e0 che soddisfa rigorosi standard prestazionali. Garantisce comunicazioni wireless stabili e sicure, consentendoti di rimanere produttivo e connesso anche in movimento. <\/p>\n<p>L\u2019installazione della scheda WWAN \u00e8 semplice e intuitiva e si integra perfettamente con le funzionalit\u00e0 wireless esistenti del tuo laptop HP. Che tu abbia bisogno di accedere a risorse online durante un viaggio di lavoro o di rimanere connesso durante i tuoi spostamenti quotidiani, la scheda wireless WWAN originale 813559-005 \u00e8 un\u2019aggiunta preziosa per il tuo laptop HP.<\/p>\n<p>Aggiorna il tuo laptop HP con questo accessorio originale HP e goditi la comodit\u00e0 di una connettivit\u00e0 mobile migliorata. Di\u2019 addio alla copertura Wi-Fi limitata e scopri un accesso a Internet affidabile ovunque ti trovi con la scheda wireless WWAN originale 813559-005. Affidati all\u2019impegno di HP per la qualit\u00e0 e le prestazioni e rimani connesso ovunque con questa affidabile scheda WWAN.<\/p>\n","protected":false},"excerpt":{"rendered":"<p>Aggiorna il tuo laptop HP con la scheda wireless WWAN originale 813559-005 per una connettivit\u00e0 mobile migliorata. Questo accessorio originale HP ti consente di accedere alle reti wireless, per rimanere connesso ovunque ti trovi. Goditi velocit\u00e0 internet pi\u00f9 elevate e connessioni affidabili con questa scheda WWAN di alta qualit\u00e0.<\/p>\n","protected":false},"featured_media":11768,"template":"","meta":[],"product_brand":[],"product_cat":[28],"product_tag":[26],"class_list":{"0":"post-11690","1":"product","2":"type-product","3":"status-publish","4":"has-post-thumbnail","6":"product_cat-motherboards-board-parts","7":"product_tag-hp","9":"first","10":"instock","11":"taxable","12":"shipping-taxable","13":"purchasable","14":"product-type-simple"},"_links":{"self":[{"href":"https:\/\/boreait.com\/it\/wp-json\/wp\/v2\/product\/11690","targetHints":{"allow":["GET"]}}],"collection":[{"href":"https:\/\/boreait.com\/it\/wp-json\/wp\/v2\/product"}],"about":[{"href":"https:\/\/boreait.com\/it\/wp-json\/wp\/v2\/types\/product"}],"wp:featuredmedia":[{"embeddable":true,"href":"https:\/\/boreait.com\/it\/wp-json\/wp\/v2\/media\/11768"}],"wp:attachment":[{"href":"https:\/\/boreait.com\/it\/wp-json\/wp\/v2\/media?parent=11690"}],"wp:term":[{"taxonomy":"product_brand","embeddable":true,"href":"https:\/\/boreait.com\/it\/wp-json\/wp\/v2\/product_brand?post=11690"},{"taxonomy":"product_cat","embeddable":true,"href":"https:\/\/boreait.com\/it\/wp-json\/wp\/v2\/product_cat?post=11690"},{"taxonomy":"product_tag","embeddable":true,"href":"https:\/\/boreait.com\/it\/wp-json\/wp\/v2\/product_tag?post=11690"}],"curies":[{"name":"wp","href":"https:\/\/api.w.org\/{rel}","templated":true}]}}