{"id":11625,"date":"2025-07-25T11:02:35","date_gmt":"2025-07-25T11:02:35","guid":{"rendered":"https:\/\/boreait.com\/it\/?post_type=product&#038;p=11625"},"modified":"2025-07-25T11:03:37","modified_gmt":"2025-07-25T11:03:37","slug":"tastiera-singola-per-hp-elitebook-x360-1030-g3-g2-us-l10860-001-hpm16a63usj9201-tasti-neri-retroilluminati","status":"publish","type":"product","link":"https:\/\/boreait.com\/it\/product\/tastiera-singola-per-hp-elitebook-x360-1030-g3-g2-us-l10860-001-hpm16a63usj9201-tasti-neri-retroilluminati\/","title":{"rendered":"Tastiera singola per HP EliteBook x360 1030 G3 G2 US L10860-001 HPM16A63USJ9201 Tasti neri retroilluminati"},"content":{"rendered":"<p><strong>Riceverai un singolo tasto dalla tastiera mostrata nella foto dell\u2019annuncio! I tasti disponibili sono mostrati nell\u2019immagine!<\/strong><\/p>\n<p>Massimizza le funzionalit\u00e0 del tuo laptop con il nostro ricambio Single Key di alta qualit\u00e0 per HP EliteBook x360 1030 G3 G2. Realizzato per adattarsi perfettamente alla tastiera del tuo EliteBook x360, questo ricambio Single Key \u00e8 specificamente progettato per i modelli L10860-001 HPM16A63USJ9201. I tasti neri retroilluminati non solo offrono un\u2019estetica elegante e moderna, ma migliorano anche la visibilit\u00e0 in condizioni di scarsa illuminazione o durante l\u2019uso notturno.<\/p>\n<p>Il nostro tasto sostitutivo \u00e8 realizzato secondo gli elevati standard di qualit\u00e0 a cui sono abituati gli utenti HP EliteBook. Garantisce un abbinamento ideale con la tua tastiera attuale, conferendole un aspetto e una sensazione come nuovi. Il suo design robusto ne garantisce la longevit\u00e0, offrendoti una soluzione sostenibile ed economica per il danneggiamento o la perdita di singoli tasti. <\/p>\n<p>Questo tasto \u00e8 progettato tenendo conto del layout della tastiera statunitense, allineandosi alla sensazione tattile e alla profondit\u00e0 di pressione specifiche delle tastiere HP. \u00c8 incredibilmente facile da installare, quindi puoi sostituire i tuoi tasti vecchi o danneggiati senza bisogno di assistenza professionale.<\/p>\n<p>Il venditore fornisce informazioni importanti da considerare prima di acquistare il kit di tasti sostitutivi, inclusa la variazione delle clip a seconda del produttore della tastiera. Si consiglia all\u2019acquirente di guardare le immagini fornite per assicurarsi che le clip sui tasti sostitutivi corrispondano a quelle della propria tastiera. Se sono necessari ulteriori chiarimenti o una foto del tasto, l\u2019acquirente pu\u00f2 contattare il venditore tramite il link \u201cChiedi al venditore\u201d e ricevere una risposta entro 24 ore.<\/p>\n<p>L\u2019acquirente ricever\u00e0 un tasto della tastiera con clip in plastica e un gommino sotto il tasto. Tuttavia, il venditore sottolinea l\u2019importanza di verificare la compatibilit\u00e0 prima dell\u2019acquisto, poich\u00e9 avere lo stesso modello di laptop o lo stesso codice prodotto della tastiera non garantisce il funzionamento dei tasti sostitutivi. L\u2019acquirente \u00e8 invitato a confrontare la clip della propria chiave attuale con le immagini fornite e, in caso di dubbi, a inviare una foto al venditore per una valutazione.<\/p>\n<p>Per acquistare le chiavi sostitutive, l\u2019acquirente deve comunicare al venditore quale chiave desidera acquistare. L\u2019elenco delle chiavi disponibili \u00e8 disponibile nell\u2019inserzione. L\u2019acquirente pu\u00f2 scrivere una nota al venditore durante l\u2019acquisto o contattarlo dopo l\u2019acquisto tramite la pagina della cronologia degli acquisti di eBay. Si consiglia all\u2019acquirente di indicare se sta acquistando un tasto Maiusc sinistro o destro, Ctrl o Alt, e se sta acquistando tasti superiori o tasti del tastierino numerico in caso di tasti numerici. Se l\u2019acquirente non comunica al venditore quale chiave desidera acquistare, l\u2019ordine non verr\u00e0 elaborato. <\/p>\n<p>Layout: USA \/ US<\/p>\n<p>Attualmente disponiamo di tutti i tasti disponibili come mostrato nella foto dell\u2019annuncio, inclusi:<\/p>\n<p>esc f1 f2 f3 f4 f5 f6 f8 f9 f10 f11 f12 \u201cscorri\u201d \u201cpausa\u201d \u201cinserisci\u201d \u201ccancella\u201d<\/p>\n<p>tilde 2 3 4 5 6 7 8 9 0 \u2013 = backspace \u201chome\u201d<\/p>\n<p>tab w e r y i o p [ ]  \u201cpagina su\u201d<\/p>\n<p>bloc maiusc s f j l \u201cinvio\u201d \u201cpagina gi\u00f9\u201d<\/p>\n<p>maiusc sinistro z x c . \/ \u201cmaiusc destro\u201d \u201cfine\u201d<\/p>\n<p>\u201cfn\u201d \u201cwindows\u201d \u201calt sinistro\u201d \u201calt destro\u201d \u201cmenu\u201d \u201cctrl destro\u201d<\/p>\n<p>\u201cdestra\u201d<\/p>\n","protected":false},"excerpt":{"rendered":"<p>Migliora la tua esperienza con HP EliteBook x360 1030 G3 G2 con il nostro ricambio Single Key premium, modello L10860-001 HPM16A63USJ9201, caratterizzato da un&#8217;elegante finitura nera e da un design retroilluminato per un abbinamento perfetto e una visibilit\u00e0 superiore.<\/p>\n","protected":false},"featured_media":11677,"template":"","meta":[],"product_brand":[],"product_cat":[25],"product_tag":[26],"class_list":{"0":"post-11625","1":"product","2":"type-product","3":"status-publish","4":"has-post-thumbnail","6":"product_cat-individual-keyboard-keys","7":"product_tag-hp","9":"first","10":"instock","11":"taxable","12":"shipping-taxable","13":"purchasable","14":"product-type-simple"},"_links":{"self":[{"href":"https:\/\/boreait.com\/it\/wp-json\/wp\/v2\/product\/11625","targetHints":{"allow":["GET"]}}],"collection":[{"href":"https:\/\/boreait.com\/it\/wp-json\/wp\/v2\/product"}],"about":[{"href":"https:\/\/boreait.com\/it\/wp-json\/wp\/v2\/types\/product"}],"wp:featuredmedia":[{"embeddable":true,"href":"https:\/\/boreait.com\/it\/wp-json\/wp\/v2\/media\/11677"}],"wp:attachment":[{"href":"https:\/\/boreait.com\/it\/wp-json\/wp\/v2\/media?parent=11625"}],"wp:term":[{"taxonomy":"product_brand","embeddable":true,"href":"https:\/\/boreait.com\/it\/wp-json\/wp\/v2\/product_brand?post=11625"},{"taxonomy":"product_cat","embeddable":true,"href":"https:\/\/boreait.com\/it\/wp-json\/wp\/v2\/product_cat?post=11625"},{"taxonomy":"product_tag","embeddable":true,"href":"https:\/\/boreait.com\/it\/wp-json\/wp\/v2\/product_tag?post=11625"}],"curies":[{"name":"wp","href":"https:\/\/api.w.org\/{rel}","templated":true}]}}