{"id":11624,"date":"2025-07-25T11:02:34","date_gmt":"2025-07-25T11:02:34","guid":{"rendered":"https:\/\/boreait.com\/it\/?post_type=product&#038;p=11624"},"modified":"2026-01-07T09:01:22","modified_gmt":"2026-01-07T09:01:22","slug":"scheda-cam-per-webcam-hp-probook-640-g1-724294-1h0","status":"publish","type":"product","link":"https:\/\/boreait.com\/it\/product\/scheda-cam-per-webcam-hp-probook-640-g1-724294-1h0\/","title":{"rendered":"Scheda CAM per webcam HP ProBook 640 G1 724294-1H0"},"content":{"rendered":"<p>La scheda webcam CAM per HP ProBook 640 G1 724294-1H0 \u00e8 un componente di ricambio progettato per ripristinare la funzionalit\u00e0 della webcam del tuo laptop HP ProBook 640 G1. Se la tua attuale scheda webcam non funziona correttamente o \u00e8 danneggiata, questa scheda sostitutiva ti aiuter\u00e0 a ripristinare videoconferenze, registrazioni video e altre funzionalit\u00e0 webcam chiare e affidabili.<\/p>\n<p>Questo componente di ricambio originale HP garantisce compatibilit\u00e0 e prestazioni affidabili. \u00c8 progettato specificamente per il modello ProBook 640 G1, garantendo una perfetta compatibilit\u00e0 e un\u2019integrazione perfetta con l\u2019hardware e il software del tuo laptop. La scheda webcam \u00e8 un componente essenziale che cattura i segnali video e ti consente di comunicare tramite applicazioni di videoconferenza o di registrare video con facilit\u00e0.<\/p>\n<p>Quando sostituisci la scheda webcam, \u00e8 importante seguire le istruzioni del produttore o, se non hai familiarit\u00e0 con la sostituzione dell\u2019hardware dei laptop, consultare un professionista. Assicurati di spegnere il laptop e di scollegarlo dalla fonte di alimentazione prima di iniziare la procedura di installazione. <\/p>\n<p>Investi nella scheda CAM per webcam HP ProBook 640 G1 724294-1H0 per godere di comunicazioni video e funzionalit\u00e0 di registrazione nitide e affidabili sul tuo laptop ProBook 640 G1. Rimani in contatto con colleghi, amici e familiari tramite videochiamate e cattura facilmente i momenti pi\u00f9 memorabili.<\/p>\n","protected":false},"excerpt":{"rendered":"<p>Sostituisci la scheda webcam difettosa o danneggiata con la scheda webcam CAM per HP ProBook 640 G1 724294-1H0. Questo ricambio originale HP garantisce videoconferenze e registrazioni video chiare e affidabili per il tuo laptop ProBook 640 G1.<\/p>\n","protected":false},"featured_media":11676,"template":"","meta":[],"product_brand":[],"product_cat":[24],"product_tag":[26],"class_list":{"0":"post-11624","1":"product","2":"type-product","3":"status-publish","4":"has-post-thumbnail","6":"product_cat-laptop-camera","7":"product_tag-hp","9":"first","10":"instock","11":"taxable","12":"shipping-taxable","13":"purchasable","14":"product-type-simple"},"_links":{"self":[{"href":"https:\/\/boreait.com\/it\/wp-json\/wp\/v2\/product\/11624","targetHints":{"allow":["GET"]}}],"collection":[{"href":"https:\/\/boreait.com\/it\/wp-json\/wp\/v2\/product"}],"about":[{"href":"https:\/\/boreait.com\/it\/wp-json\/wp\/v2\/types\/product"}],"wp:featuredmedia":[{"embeddable":true,"href":"https:\/\/boreait.com\/it\/wp-json\/wp\/v2\/media\/11676"}],"wp:attachment":[{"href":"https:\/\/boreait.com\/it\/wp-json\/wp\/v2\/media?parent=11624"}],"wp:term":[{"taxonomy":"product_brand","embeddable":true,"href":"https:\/\/boreait.com\/it\/wp-json\/wp\/v2\/product_brand?post=11624"},{"taxonomy":"product_cat","embeddable":true,"href":"https:\/\/boreait.com\/it\/wp-json\/wp\/v2\/product_cat?post=11624"},{"taxonomy":"product_tag","embeddable":true,"href":"https:\/\/boreait.com\/it\/wp-json\/wp\/v2\/product_tag?post=11624"}],"curies":[{"name":"wp","href":"https:\/\/api.w.org\/{rel}","templated":true}]}}