{"id":11593,"date":"2025-07-25T11:01:47","date_gmt":"2025-07-25T11:01:47","guid":{"rendered":"https:\/\/boreait.com\/it\/?post_type=product&#038;p=11593"},"modified":"2026-01-07T08:40:41","modified_gmt":"2026-01-07T08:40:41","slug":"710663-001-scheda-wlan-dell-intel-wireless-802-11ac-wi-fi-bluetooth-4-0","status":"publish","type":"product","link":"https:\/\/boreait.com\/it\/product\/710663-001-scheda-wlan-dell-intel-wireless-802-11ac-wi-fi-bluetooth-4-0\/","title":{"rendered":"710663-001 Scheda WLAN Dell Intel Wireless 802.11Ac Wi-Fi Bluetooth 4.0"},"content":{"rendered":"<p>Migliora le funzionalit\u00e0 wireless del tuo laptop Dell con la scheda WLAN Dell Intel Wireless 802.11Ac Wi-Fi Bluetooth 4.0. Progettata per offrire una connettivit\u00e0 wireless ad alte prestazioni, questa scheda offre velocit\u00e0 Internet pi\u00f9 elevate, connessioni wireless affidabili e una connettivit\u00e0 Bluetooth impeccabile per un\u2019esperienza di elaborazione impeccabile.<\/p>\n<p>La scheda WLAN Dell Intel Wireless 802.11Ac Wi-Fi Bluetooth 4.0 utilizza la pi\u00f9 recente tecnologia wireless 802.11ac, offrendo velocit\u00e0 di trasferimento dati pi\u00f9 elevate e una maggiore efficienza di rete rispetto alle generazioni precedenti. Grazie al supporto per frequenze dual-band, puoi connetterti a reti wireless sia a 2,4 GHz che a 5 GHz, per connessioni Internet pi\u00f9 veloci e stabili.<\/p>\n<p>Oltre alle funzionalit\u00e0 Wi-Fi avanzate, questa scheda supporta anche la tecnologia Bluetooth 4.0. Puoi connettere facilmente dispositivi Bluetooth come tastiere, mouse, cuffie e altoparlanti wireless per un\u2019esperienza wireless senza problemi. Goditi la libert\u00e0 e la praticit\u00e0 della connessione wireless senza bisogno di cavi o adattatori aggiuntivi. <\/p>\n<p>Il processo di installazione \u00e8 semplice e garantisce un aggiornamento senza problemi per il tuo laptop Dell. \u00c8 sufficiente sostituire la scheda wireless esistente con la scheda Dell Intel Wireless 802.11Ac Wifi Bluetooth 4.0 WLAN e seguire le istruzioni del produttore per una corretta installazione.<\/p>\n<p>Aggiorna la connettivit\u00e0 wireless del tuo laptop Dell con la scheda Dell Intel Wireless 802.11Ac Wifi Bluetooth 4.0 WLAN e scopri velocit\u00e0 Internet pi\u00f9 elevate, connessioni wireless affidabili e una connettivit\u00e0 Bluetooth impeccabile. Rimani connesso ovunque tu vada e goditi un\u2019esperienza di elaborazione pi\u00f9 fluida con prestazioni wireless migliorate.<\/p>\n","protected":false},"excerpt":{"rendered":"<p>Aggiorna la connettivit\u00e0 wireless del tuo laptop Dell con la scheda WLAN Dell Intel Wireless 802.11Ac Wi-Fi Bluetooth 4.0. Goditi velocit\u00e0 internet pi\u00f9 elevate, connessioni wireless affidabili e una connettivit\u00e0 Bluetooth impeccabile per un&#8217;esperienza di elaborazione fluida.<\/p>\n","protected":false},"featured_media":11655,"template":"","meta":[],"product_brand":[],"product_cat":[28],"product_tag":[18],"class_list":{"0":"post-11593","1":"product","2":"type-product","3":"status-publish","4":"has-post-thumbnail","6":"product_cat-motherboards-board-parts","7":"product_tag-dell","9":"first","10":"instock","11":"taxable","12":"shipping-taxable","13":"purchasable","14":"product-type-simple"},"_links":{"self":[{"href":"https:\/\/boreait.com\/it\/wp-json\/wp\/v2\/product\/11593","targetHints":{"allow":["GET"]}}],"collection":[{"href":"https:\/\/boreait.com\/it\/wp-json\/wp\/v2\/product"}],"about":[{"href":"https:\/\/boreait.com\/it\/wp-json\/wp\/v2\/types\/product"}],"wp:featuredmedia":[{"embeddable":true,"href":"https:\/\/boreait.com\/it\/wp-json\/wp\/v2\/media\/11655"}],"wp:attachment":[{"href":"https:\/\/boreait.com\/it\/wp-json\/wp\/v2\/media?parent=11593"}],"wp:term":[{"taxonomy":"product_brand","embeddable":true,"href":"https:\/\/boreait.com\/it\/wp-json\/wp\/v2\/product_brand?post=11593"},{"taxonomy":"product_cat","embeddable":true,"href":"https:\/\/boreait.com\/it\/wp-json\/wp\/v2\/product_cat?post=11593"},{"taxonomy":"product_tag","embeddable":true,"href":"https:\/\/boreait.com\/it\/wp-json\/wp\/v2\/product_tag?post=11593"}],"curies":[{"name":"wp","href":"https:\/\/api.w.org\/{rel}","templated":true}]}}