{"id":11551,"date":"2025-07-25T11:00:34","date_gmt":"2025-07-25T11:00:34","guid":{"rendered":"https:\/\/boreait.com\/it\/?post_type=product&#038;p=11551"},"modified":"2025-07-25T11:02:28","modified_gmt":"2025-07-25T11:02:28","slug":"023-4003e-0001-altoparlanti-per-lenovo-thinkpad-x1-carbon-3rd","status":"publish","type":"product","link":"https:\/\/boreait.com\/it\/product\/023-4003e-0001-altoparlanti-per-lenovo-thinkpad-x1-carbon-3rd\/","title":{"rendered":"023.4003E.0001 Altoparlanti per Lenovo Thinkpad X1 Carbon 3rd"},"content":{"rendered":"<p>Gli altoparlanti 023.4003E.0001 per Lenovo Thinkpad X1 Carbon di terza generazione sono la soluzione perfetta se riscontri problemi con l\u2019audio del tuo laptop o se gli altoparlanti sono danneggiati o difettosi. Questi altoparlanti sono progettati specificamente per il modello X1 Carbon di terza generazione, garantendo compatibilit\u00e0 e facilit\u00e0 di installazione.<\/p>\n<p>Con questi altoparlanti sostitutivi, puoi goderti un suono nitido e immersivo mentre guardi film, ascolti musica o partecipi a videoconferenze. Gli altoparlanti offrono una riproduzione audio di alta qualit\u00e0, permettendoti di godere appieno della ricchezza e della profondit\u00e0 dei tuoi contenuti multimediali.<\/p>\n<p>Questi altoparlanti originali Lenovo sono costruiti per soddisfare i pi\u00f9 elevati standard di qualit\u00e0 e durata. Sono progettati per offrire prestazioni di lunga durata, garantendoti di poter godere delle capacit\u00e0 audio del tuo laptop per gli anni a venire. Grazie alla loro progettazione precisa, questi altoparlanti offrono una riproduzione audio accurata su un\u2019ampia gamma di frequenze, con alti nitidi, medi bilanciati e bassi profondi. <\/p>\n<p>La sostituzione degli altoparlanti danneggiati o usurati con gli altoparlanti 023.4003E.0001 per Lenovo Thinkpad X1 Carbon di terza generazione ripristiner\u00e0 le prestazioni audio del tuo laptop e migliorer\u00e0 la tua esperienza multimediale complessiva.<\/p>\n","protected":false},"excerpt":{"rendered":"<p>Gli altoparlanti 023.4003E.0001 per Lenovo Thinkpad X1 Carbon (3rd) sono altoparlanti di ricambio originali, progettati per ripristinare l&#8217;alta qualit\u00e0 audio del tuo laptop. Questi altoparlanti offrono un suono nitido e coinvolgente, migliorando la tua esperienza multimediale.<\/p>\n","protected":false},"featured_media":11620,"template":"","meta":[],"product_brand":[],"product_cat":[19],"product_tag":[27],"class_list":{"0":"post-11551","1":"product","2":"type-product","3":"status-publish","4":"has-post-thumbnail","6":"product_cat-laptop-speakers","7":"product_tag-lenovo","9":"first","10":"instock","11":"taxable","12":"shipping-taxable","13":"purchasable","14":"product-type-simple"},"_links":{"self":[{"href":"https:\/\/boreait.com\/it\/wp-json\/wp\/v2\/product\/11551","targetHints":{"allow":["GET"]}}],"collection":[{"href":"https:\/\/boreait.com\/it\/wp-json\/wp\/v2\/product"}],"about":[{"href":"https:\/\/boreait.com\/it\/wp-json\/wp\/v2\/types\/product"}],"wp:featuredmedia":[{"embeddable":true,"href":"https:\/\/boreait.com\/it\/wp-json\/wp\/v2\/media\/11620"}],"wp:attachment":[{"href":"https:\/\/boreait.com\/it\/wp-json\/wp\/v2\/media?parent=11551"}],"wp:term":[{"taxonomy":"product_brand","embeddable":true,"href":"https:\/\/boreait.com\/it\/wp-json\/wp\/v2\/product_brand?post=11551"},{"taxonomy":"product_cat","embeddable":true,"href":"https:\/\/boreait.com\/it\/wp-json\/wp\/v2\/product_cat?post=11551"},{"taxonomy":"product_tag","embeddable":true,"href":"https:\/\/boreait.com\/it\/wp-json\/wp\/v2\/product_tag?post=11551"}],"curies":[{"name":"wp","href":"https:\/\/api.w.org\/{rel}","templated":true}]}}