{"id":11541,"date":"2025-07-25T11:00:09","date_gmt":"2025-07-25T11:00:09","guid":{"rendered":"https:\/\/boreait.com\/it\/?post_type=product&#038;p=11541"},"modified":"2026-01-14T07:37:15","modified_gmt":"2026-01-14T07:37:15","slug":"0vx90n-per-supporto-disco-rigido-sata-per-dell-latitude-e5570","status":"publish","type":"product","link":"https:\/\/boreait.com\/it\/product\/0vx90n-per-supporto-disco-rigido-sata-per-dell-latitude-e5570\/","title":{"rendered":"0VX90N per supporto disco rigido SATA per Dell Latitude E5570"},"content":{"rendered":"<div class=\"group w-full text-gray-800 dark:text-gray-100 border-b border-black\/10 dark:border-gray-900\/50 bg-gray-50 dark:bg-[#444654]\">\n<div class=\"flex p-4 gap-4 text-base md:gap-6 md:max-w-2xl lg:max-w-[38rem] xl:max-w-3xl md:py-6 lg:px-0 m-auto\">\n<div class=\"relative flex w-[calc(100%-50px)] flex-col gap-1 md:gap-3 lg:w-[calc(100%-115px)]\">\n<div class=\"flex flex-grow flex-col gap-3\">\n<div class=\"min-h-[20px] flex items-start overflow-x-auto whitespace-pre-wrap break-words flex-col gap-4\">\n<div class=\"markdown prose w-full break-words dark:prose-invert light\">\n<p>La staffa per hard disk SATA 0VX90N \u00e8 la soluzione perfetta per aggiungere ulteriore spazio di archiviazione al tuo laptop Dell Latitude E5570. Che tu abbia bisogno di pi\u00f9 spazio per archiviare file, applicazioni o contenuti multimediali, questa staffa offre un modo comodo e sicuro per installare un hard disk SATA o un SSD.<\/p>\n<p>Progettata con precisione e compatibilit\u00e0, questa staffa per hard disk originale Dell garantisce un corretto adattamento e allineamento con i componenti interni del tuo laptop. \u00c8 facile da installare e richiede competenze tecniche minime. \u00c8 sufficiente rimuovere la staffa esistente dal laptop, fissare la nuova staffa al suo posto e collegare saldamente il tuo hard disk SATA o SSD. <\/p>\n<p>Aggiungendo un disco rigido o un SSD aggiuntivo al tuo Dell Latitude E5570, potrai usufruire di una maggiore capacit\u00e0 di archiviazione per i tuoi file, velocit\u00e0 di accesso e trasferimento dati pi\u00f9 elevate e prestazioni complessive del sistema migliorate. Che tu abbia bisogno di spazio extra per lavoro professionale, contenuti multimediali o file personali, questa staffa offre una soluzione di archiviazione affidabile ed efficiente.<\/p>\n<p>Aggiorna il tuo Dell Latitude E5570 con la staffa per disco rigido SATA 0VX90N e sfrutta i vantaggi di uno spazio di archiviazione aggiuntivo. Espandi la capacit\u00e0 del tuo laptop, migliorane le prestazioni e la produttivit\u00e0. Con questo ricambio originale Dell, puoi fidarti della sua qualit\u00e0 e della sua compatibilit\u00e0 con il tuo laptop. <\/p>\n<\/div>\n<\/div>\n<\/div>\n<div class=\"flex justify-between lg:block\">\n<div class=\"text-xs flex items-center justify-center gap-1 self-center pt-2 !invisible\"><\/div>\n<div class=\"text-gray-400 flex self-end lg:self-center justify-center mt-2 gap-2 md:gap-3 lg:gap-1 lg:absolute lg:top-0 lg:translate-x-full lg:right-0 lg:mt-0 lg:pl-2 visible\">\n<p>\u00a0<\/p>\n<div class=\"flex gap-1\"><\/div>\n<\/div>\n<\/div>\n<\/div>\n<\/div>\n<\/div>\n","protected":false},"excerpt":{"rendered":"<p>La staffa per disco rigido SATA 0VX90N \u00e8 un ricambio originale Dell, progettato specificamente per il laptop Dell Latitude E5570. Consente di installare e collegare in modo sicuro un disco rigido SATA o un&#8217;unit\u00e0 a stato solido (SSD) al laptop, espandendone la capacit\u00e0 di archiviazione e migliorandone le prestazioni complessive.<\/p>\n","protected":false},"featured_media":11615,"template":"","meta":[],"product_brand":[],"product_cat":[17],"product_tag":[18],"class_list":{"0":"post-11541","1":"product","2":"type-product","3":"status-publish","4":"has-post-thumbnail","6":"product_cat-laptop-housing","7":"product_tag-dell","9":"first","10":"instock","11":"taxable","12":"shipping-taxable","13":"purchasable","14":"product-type-simple"},"_links":{"self":[{"href":"https:\/\/boreait.com\/it\/wp-json\/wp\/v2\/product\/11541","targetHints":{"allow":["GET"]}}],"collection":[{"href":"https:\/\/boreait.com\/it\/wp-json\/wp\/v2\/product"}],"about":[{"href":"https:\/\/boreait.com\/it\/wp-json\/wp\/v2\/types\/product"}],"wp:featuredmedia":[{"embeddable":true,"href":"https:\/\/boreait.com\/it\/wp-json\/wp\/v2\/media\/11615"}],"wp:attachment":[{"href":"https:\/\/boreait.com\/it\/wp-json\/wp\/v2\/media?parent=11541"}],"wp:term":[{"taxonomy":"product_brand","embeddable":true,"href":"https:\/\/boreait.com\/it\/wp-json\/wp\/v2\/product_brand?post=11541"},{"taxonomy":"product_cat","embeddable":true,"href":"https:\/\/boreait.com\/it\/wp-json\/wp\/v2\/product_cat?post=11541"},{"taxonomy":"product_tag","embeddable":true,"href":"https:\/\/boreait.com\/it\/wp-json\/wp\/v2\/product_tag?post=11541"}],"curies":[{"name":"wp","href":"https:\/\/api.w.org\/{rel}","templated":true}]}}