{"id":11492,"date":"2025-07-25T10:59:19","date_gmt":"2025-07-25T10:59:19","guid":{"rendered":"https:\/\/boreait.com\/it\/?post_type=product&#038;p=11492"},"modified":"2026-01-07T08:25:14","modified_gmt":"2026-01-07T08:25:14","slug":"modulo-bluetooth-wifi-intel-8260-ngw-set-per-dell-mini-3020-3060-3040-3050-9020-7040","status":"publish","type":"product","link":"https:\/\/boreait.com\/it\/product\/modulo-bluetooth-wifi-intel-8260-ngw-set-per-dell-mini-3020-3060-3040-3050-9020-7040\/","title":{"rendered":"Modulo Bluetooth WiFi Intel 8260 NGW SET per Dell MINI 3020 3060 3040 3050 9020 7040"},"content":{"rendered":"<p>Migliora le funzionalit\u00e0 wireless del tuo desktop Dell MINI 3020, 3060, 3040, 3050, 9020 o 7040 con il set di moduli Bluetooth Intel 8260 NGW WiFi. Questo set include una potente scheda wireless che fornisce una connettivit\u00e0 wireless affidabile e ad alta velocit\u00e0 per il tuo desktop.<\/p>\n<p>Il modulo Bluetooth Intel 8260 NGW WiFi supporta il pi\u00f9 recente standard WiFi 802.11ac, offrendo velocit\u00e0 pi\u00f9 elevate, una portata migliorata e interferenze ridotte rispetto ai precedenti standard WiFi. Con questo modulo, potrai giocare, guardare contenuti in streaming e scaricare online in modo fluido e senza interruzioni.<\/p>\n<p>Inoltre, il modulo \u00e8 dotato di tecnologia Bluetooth 4.2, che consente di collegare periferiche wireless come tastiere, mouse e cuffie. Puoi facilmente associare il tuo desktop a dispositivi abilitati Bluetooth per un trasferimento dati fluido e un comodo controllo wireless. <\/p>\n<p>L\u2019installazione del modulo Bluetooth WiFi Intel 8260 NGW \u00e8 semplice e richiede solo conoscenze informatiche di base. Il modulo \u00e8 compatibile con i modelli di desktop Dell specificati e si inserisce saldamente nello slot PCIe disponibile, garantendo una connessione stabile e affidabile.<\/p>\n<p>Aggiorna il tuo desktop Dell MINI con il set di moduli Bluetooth WiFi Intel 8260 NGW e goditi una connettivit\u00e0 wireless veloce, affidabile e pratica. Rimani connesso, riproduci contenuti multimediali in streaming e lavora in modo efficiente senza il fastidio di cavi aggrovigliati. Con questo aggiornamento, il tuo desktop sar\u00e0 dotato delle pi\u00f9 recenti tecnologie wireless, offrendo un\u2019esperienza di elaborazione migliorata.<\/p>\n","protected":false},"excerpt":{"rendered":"<p>Aggiorna il tuo desktop Dell MINI 3020, 3060, 3040, 3050, 9020 o 7040 con il set di moduli WiFi Bluetooth Intel 8260 NGW. Questo set include una scheda wireless ad alte prestazioni che supporta le pi\u00f9 recenti tecnologie WiFi e Bluetooth, consentendoti di godere di una connettivit\u00e0 wireless veloce e affidabile per il tuo desktop.<\/p>\n","protected":false},"featured_media":11545,"template":"","meta":[],"product_brand":[],"product_cat":[28],"product_tag":[18],"class_list":{"0":"post-11492","1":"product","2":"type-product","3":"status-publish","4":"has-post-thumbnail","6":"product_cat-motherboards-board-parts","7":"product_tag-dell","9":"first","10":"instock","11":"taxable","12":"shipping-taxable","13":"purchasable","14":"product-type-simple"},"_links":{"self":[{"href":"https:\/\/boreait.com\/it\/wp-json\/wp\/v2\/product\/11492","targetHints":{"allow":["GET"]}}],"collection":[{"href":"https:\/\/boreait.com\/it\/wp-json\/wp\/v2\/product"}],"about":[{"href":"https:\/\/boreait.com\/it\/wp-json\/wp\/v2\/types\/product"}],"wp:featuredmedia":[{"embeddable":true,"href":"https:\/\/boreait.com\/it\/wp-json\/wp\/v2\/media\/11545"}],"wp:attachment":[{"href":"https:\/\/boreait.com\/it\/wp-json\/wp\/v2\/media?parent=11492"}],"wp:term":[{"taxonomy":"product_brand","embeddable":true,"href":"https:\/\/boreait.com\/it\/wp-json\/wp\/v2\/product_brand?post=11492"},{"taxonomy":"product_cat","embeddable":true,"href":"https:\/\/boreait.com\/it\/wp-json\/wp\/v2\/product_cat?post=11492"},{"taxonomy":"product_tag","embeddable":true,"href":"https:\/\/boreait.com\/it\/wp-json\/wp\/v2\/product_tag?post=11492"}],"curies":[{"name":"wp","href":"https:\/\/api.w.org\/{rel}","templated":true}]}}