{"id":11475,"date":"2025-07-25T10:58:55","date_gmt":"2025-07-25T10:58:55","guid":{"rendered":"https:\/\/boreait.com\/it\/?post_type=product&#038;p=11475"},"modified":"2025-07-25T10:59:54","modified_gmt":"2025-07-25T10:59:54","slug":"memoria-per-computer-non-ecc-ddr3-1rx8-pc3-10600u-1333-mhz-bulk-5-x-2-gb-carry-ca3u1333c4g9-b","status":"publish","type":"product","link":"https:\/\/boreait.com\/it\/product\/memoria-per-computer-non-ecc-ddr3-1rx8-pc3-10600u-1333-mhz-bulk-5-x-2-gb-carry-ca3u1333c4g9-b\/","title":{"rendered":"Memoria per computer non ECC DDR3 1Rx8 PC3-10600U 1333 MHz BULK 5 x 2 GB Carry CA3U1333C4G9-B"},"content":{"rendered":"<p>Carry 2GB 1RX8 PC3-10800U-999 CA3U1333C4G9-B<\/p>\n<p>ELPIDA 2GB 2Rx8 PC3-8500R-7-10-BP 0934AXH0521A<\/p>\n<p>\u00a0<\/p>\n<p>Aumenta la capacit\u00e0 di memoria del tuo computer con il modulo di memoria DDR3 Carry CA3U1333C4G9-B da 2GB. Questo modulo di memoria non ECC \u00e8 progettato per migliorare le prestazioni del computer offrendo un\u2019elaborazione dei dati pi\u00f9 rapida e funzionalit\u00e0 multitasking migliorate.<\/p>\n<p>Con una velocit\u00e0 di 1333 MHz, questo modulo di memoria garantisce un trasferimento dati rapido ed efficiente, consentendo di eseguire pi\u00f9 applicazioni contemporaneamente senza ritardi o rallentamenti. Che tu stia lavorando ad attivit\u00e0 complesse, giocando o eseguendo editing multimediale, questo modulo di memoria garantisce prestazioni fluide e reattive. <\/p>\n<p>La capacit\u00e0 di 2 GB offre ampio spazio per l\u2019archiviazione e l\u2019accesso ai dati, consentendo di lavorare con file di grandi dimensioni ed eseguire applicazioni ad alta intensit\u00e0 di memoria con facilit\u00e0. Consente inoltre un multitasking efficiente, consentendo di passare da un programma all\u2019altro senza interruzioni.<\/p>\n<p>L\u2019installazione \u00e8 semplice e pu\u00f2 essere eseguita seguendo le istruzioni del produttore o, se necessario, richiedendo assistenza professionale. \u00c8 sufficiente inserire il modulo di memoria nell\u2019apposito slot sulla scheda madre del computer e verr\u00e0 automaticamente riconosciuto dal sistema.<\/p>\n<p>Aggiorna la memoria del tuo computer con l\u2019affidabile e performante modulo di memoria Carry CA3U1333C4G9-B DDR3 da 2 GB. Che tu sia un utente occasionale o un utente esperto, questo modulo di memoria migliorer\u00e0 la tua esperienza di elaborazione offrendo un\u2019elaborazione dei dati pi\u00f9 rapida e prestazioni complessive del sistema migliorate.<\/p>\n","protected":false},"excerpt":{"rendered":"<p>Migliora le prestazioni del tuo computer con questo modulo di memoria DDR3 Carry CA3U1333C4G9-B da 2 GB. Con una velocit\u00e0 di 1333 MHz e una capacit\u00e0 di 2 GB, offre un&#8217;elaborazione dati rapida ed efficiente per un multitasking migliorato e prestazioni generali del sistema pi\u00f9 fluide.<\/p>\n","protected":false},"featured_media":11528,"template":"","meta":[],"product_brand":[],"product_cat":[38,37],"product_tag":[],"class_list":{"0":"post-11475","1":"product","2":"type-product","3":"status-publish","4":"has-post-thumbnail","6":"product_cat-ddr3-ddr3l","7":"product_cat-ram-memory","9":"first","10":"instock","11":"taxable","12":"shipping-taxable","13":"purchasable","14":"product-type-simple"},"_links":{"self":[{"href":"https:\/\/boreait.com\/it\/wp-json\/wp\/v2\/product\/11475","targetHints":{"allow":["GET"]}}],"collection":[{"href":"https:\/\/boreait.com\/it\/wp-json\/wp\/v2\/product"}],"about":[{"href":"https:\/\/boreait.com\/it\/wp-json\/wp\/v2\/types\/product"}],"wp:featuredmedia":[{"embeddable":true,"href":"https:\/\/boreait.com\/it\/wp-json\/wp\/v2\/media\/11528"}],"wp:attachment":[{"href":"https:\/\/boreait.com\/it\/wp-json\/wp\/v2\/media?parent=11475"}],"wp:term":[{"taxonomy":"product_brand","embeddable":true,"href":"https:\/\/boreait.com\/it\/wp-json\/wp\/v2\/product_brand?post=11475"},{"taxonomy":"product_cat","embeddable":true,"href":"https:\/\/boreait.com\/it\/wp-json\/wp\/v2\/product_cat?post=11475"},{"taxonomy":"product_tag","embeddable":true,"href":"https:\/\/boreait.com\/it\/wp-json\/wp\/v2\/product_tag?post=11475"}],"curies":[{"name":"wp","href":"https:\/\/api.w.org\/{rel}","templated":true}]}}