{"id":11337,"date":"2025-07-25T10:56:32","date_gmt":"2025-07-25T10:56:32","guid":{"rendered":"https:\/\/boreait.com\/it\/?post_type=product&#038;p=11337"},"modified":"2025-07-25T10:57:10","modified_gmt":"2025-07-25T10:57:10","slug":"a144n1-per-dell-latitude-e5450-custodia-protettiva-per-poggiapolsi-c-ap13d000d00","status":"publish","type":"product","link":"https:\/\/boreait.com\/it\/product\/a144n1-per-dell-latitude-e5450-custodia-protettiva-per-poggiapolsi-c-ap13d000d00\/","title":{"rendered":"A144N1 per Dell Latitude E5450 Custodia protettiva per poggiapolsi C AP13D000D00"},"content":{"rendered":"<div class=\"s-item__title s-item__title--with-icon\"><span role=\"heading\">CN-A144N1 PER POGGIAPOLSI DELL LATITUDE E5450 CON TOUCHPAD<\/span><\/div>\n<div>\n<p>Migliora l\u2019aspetto e la protezione del tuo laptop Dell Latitude E5450 con la cover C del poggiapolsi A144N1. Questo ricambio originale Dell \u00e8 progettato per adattarsi perfettamente al tuo laptop e offrire un aspetto elegante e professionale.<\/p>\n<p>Nel tempo, la cover C del poggiapolsi del tuo laptop pu\u00f2 graffiarsi, creparsi o danneggiarsi, compromettendo sia l\u2019estetica che la protezione dei componenti interni. Sostituendo la cover con la cover C del poggiapolsi A144N1, puoi ripristinare l\u2019aspetto originale e proteggere i delicati componenti interni. <\/p>\n<p>La cover A144N1 Palmrest Cover C Case Cover Shell proviene direttamente da Dell, garantendo compatibilit\u00e0, affidabilit\u00e0 e prestazioni ottimali per il tuo laptop Latitude E5450. \u00c8 realizzata con materiali di alta qualit\u00e0 che offrono resistenza e un aspetto e una sensazione al tatto di alta qualit\u00e0.<\/p>\n<p>L\u2019installazione della cover A144N1 Palmrest Cover C Case Cover Shell \u00e8 un processo semplice. \u00c8 sufficiente rimuovere la vecchia cover e sostituirla con quella nuova, garantendo un allineamento corretto e un fissaggio sicuro. \u00c8 una soluzione conveniente che ti consente di ripristinare l\u2019aspetto elegante e la protezione del tuo laptop senza dover sostituire l\u2019intero sistema.<\/p>\n<p>Proteggi e migliora l\u2019estetica del tuo laptop Dell Latitude E5450 con la cover A144N1 Palmrest Cover C Case Cover Shell. Rinnova il look del tuo laptop e goditi i vantaggi dei ricambi originali Dell. Acquista da noi ora e scopri la differenza.<\/p>\n<\/div>\n","protected":false},"excerpt":{"rendered":"<p>Sostituisci la cover C del poggiapolsi del tuo laptop Dell Latitude E5450 con la cover C del poggiapolsi A144N1. Questo ricambio originale Dell garantisce una vestibilit\u00e0 perfetta e ripristina l&#8217;aspetto elegante del tuo laptop. Proteggi i componenti interni e migliora l&#8217;estetica generale del tuo Dell Latitude E5450. Acquista subito e rinnova la cover del poggiapolsi del tuo laptop.<\/p>\n","protected":false},"featured_media":11392,"template":"","meta":[],"product_brand":[],"product_cat":[17],"product_tag":[18],"class_list":{"0":"post-11337","1":"product","2":"type-product","3":"status-publish","4":"has-post-thumbnail","6":"product_cat-laptop-housing","7":"product_tag-dell","9":"first","10":"instock","11":"taxable","12":"shipping-taxable","13":"purchasable","14":"product-type-simple"},"_links":{"self":[{"href":"https:\/\/boreait.com\/it\/wp-json\/wp\/v2\/product\/11337","targetHints":{"allow":["GET"]}}],"collection":[{"href":"https:\/\/boreait.com\/it\/wp-json\/wp\/v2\/product"}],"about":[{"href":"https:\/\/boreait.com\/it\/wp-json\/wp\/v2\/types\/product"}],"wp:featuredmedia":[{"embeddable":true,"href":"https:\/\/boreait.com\/it\/wp-json\/wp\/v2\/media\/11392"}],"wp:attachment":[{"href":"https:\/\/boreait.com\/it\/wp-json\/wp\/v2\/media?parent=11337"}],"wp:term":[{"taxonomy":"product_brand","embeddable":true,"href":"https:\/\/boreait.com\/it\/wp-json\/wp\/v2\/product_brand?post=11337"},{"taxonomy":"product_cat","embeddable":true,"href":"https:\/\/boreait.com\/it\/wp-json\/wp\/v2\/product_cat?post=11337"},{"taxonomy":"product_tag","embeddable":true,"href":"https:\/\/boreait.com\/it\/wp-json\/wp\/v2\/product_tag?post=11337"}],"curies":[{"name":"wp","href":"https:\/\/api.w.org\/{rel}","templated":true}]}}