{"id":11336,"date":"2025-07-25T10:56:32","date_gmt":"2025-07-25T10:56:32","guid":{"rendered":"https:\/\/boreait.com\/it\/?post_type=product&#038;p=11336"},"modified":"2025-07-25T10:57:03","modified_gmt":"2025-07-25T10:57:03","slug":"custodia-superiore-con-touchpad-e-poggiapolsi-ap0hi000611-di-acer-aspire-5750g","status":"publish","type":"product","link":"https:\/\/boreait.com\/it\/product\/custodia-superiore-con-touchpad-e-poggiapolsi-ap0hi000611-di-acer-aspire-5750g\/","title":{"rendered":"Custodia superiore con touchpad e poggiapolsi AP0HI000611 di Acer Aspire 5750G"},"content":{"rendered":"<div class=\"s-item__title\"><span role=\"heading\"><span role=\"heading\">Touchpad Acer 201007-282201<\/p>\n<p><\/span><\/span>Migliora la funzionalit\u00e0 e l\u2019aspetto del tuo laptop Acer Aspire 5750G con la cover superiore per touchpad e poggiapolsi AP0HI000611. Questo ricambio originale Acer \u00e8 progettato per adattarsi perfettamente al tuo laptop e offrire un\u2019esperienza touchpad impeccabile. Col tempo, la cover superiore per touchpad e poggiapolsi del tuo laptop pu\u00f2 usurarsi, graffiarsi o danneggiarsi, compromettendone sia la funzionalit\u00e0 che l\u2019estetica. Sostituendo la cover superiore con la cover superiore per touchpad e poggiapolsi AP0HI000611, puoi ripristinare il corretto funzionamento del touchpad e proteggere i componenti interni del tuo Acer Aspire 5750G.<\/p>\n<p>La cover superiore per touchpad e poggiapolsi AP0HI000611 \u00e8 fornita direttamente da Acer, garantendo compatibilit\u00e0, affidabilit\u00e0 e prestazioni ottimali per il tuo laptop. \u00c8 realizzato con materiali di alta qualit\u00e0 che garantiscono resistenza e un aspetto e una sensazione al tatto di alta qualit\u00e0.<\/p>\n<p>L\u2019installazione della cover superiore per touchpad e poggiapolsi AP0HI000611 \u00e8 un processo semplice. \u00c8 sufficiente rimuovere la vecchia cover superiore e sostituirla con quella nuova, garantendo un allineamento corretto e un fissaggio sicuro. \u00c8 una soluzione conveniente che consente di ripristinare la funzionalit\u00e0 e l\u2019estetica del laptop senza dover sostituire l\u2019intero sistema.<\/p>\n<p>Goditi un touchpad fluido e proteggi i componenti interni del tuo Acer Aspire 5750G con la cover superiore per touchpad e poggiapolsi AP0HI000611. Rinnova l\u2019aspetto del tuo laptop e scopri i vantaggi dei ricambi originali Acer.<\/p>\n<\/div>\n","protected":false},"excerpt":{"rendered":"<p>Sostituisci la cover superiore del touchpad del poggiapolsi del tuo laptop Acer Aspire 5750G con la cover superiore del touchpad del poggiapolsi AP0HI000611. Questo ricambio originale Acer garantisce una perfetta aderenza e ripristina la funzionalit\u00e0 e l&#8217;estetica del tuo laptop. Goditi un touchpad fluido e proteggi i componenti interni del tuo Acer Aspire 5750G. Acquista subito e rinnova la cover superiore del touchpad del tuo laptop.<\/p>\n","protected":false},"featured_media":11389,"template":"","meta":[],"product_brand":[],"product_cat":[17],"product_tag":[30,26],"class_list":{"0":"post-11336","1":"product","2":"type-product","3":"status-publish","4":"has-post-thumbnail","6":"product_cat-laptop-housing","7":"product_tag-acer","8":"product_tag-hp","10":"first","11":"instock","12":"taxable","13":"shipping-taxable","14":"purchasable","15":"product-type-simple"},"_links":{"self":[{"href":"https:\/\/boreait.com\/it\/wp-json\/wp\/v2\/product\/11336","targetHints":{"allow":["GET"]}}],"collection":[{"href":"https:\/\/boreait.com\/it\/wp-json\/wp\/v2\/product"}],"about":[{"href":"https:\/\/boreait.com\/it\/wp-json\/wp\/v2\/types\/product"}],"wp:featuredmedia":[{"embeddable":true,"href":"https:\/\/boreait.com\/it\/wp-json\/wp\/v2\/media\/11389"}],"wp:attachment":[{"href":"https:\/\/boreait.com\/it\/wp-json\/wp\/v2\/media?parent=11336"}],"wp:term":[{"taxonomy":"product_brand","embeddable":true,"href":"https:\/\/boreait.com\/it\/wp-json\/wp\/v2\/product_brand?post=11336"},{"taxonomy":"product_cat","embeddable":true,"href":"https:\/\/boreait.com\/it\/wp-json\/wp\/v2\/product_cat?post=11336"},{"taxonomy":"product_tag","embeddable":true,"href":"https:\/\/boreait.com\/it\/wp-json\/wp\/v2\/product_tag?post=11336"}],"curies":[{"name":"wp","href":"https:\/\/api.w.org\/{rel}","templated":true}]}}