{"id":11243,"date":"2025-07-25T10:55:23","date_gmt":"2025-07-25T10:55:23","guid":{"rendered":"https:\/\/boreait.com\/it\/?post_type=product&#038;p=11243"},"modified":"2026-01-14T07:34:19","modified_gmt":"2026-01-14T07:34:19","slug":"memoria-ram-per-laptop-samsung-da-4-gb-ddr3l-1600-mhz-pc3l-12800s-1rx8-sodimm-a-204-pin-m471b173db0-yk0","status":"publish","type":"product","link":"https:\/\/boreait.com\/it\/product\/memoria-ram-per-laptop-samsung-da-4-gb-ddr3l-1600-mhz-pc3l-12800s-1rx8-sodimm-a-204-pin-m471b173db0-yk0\/","title":{"rendered":"Memoria RAM per laptop Samsung da 4 GB DDR3L 1600 MHz PC3L 12800S 1Rx8 SODIMM a 204 pin m471b173db0-yk0"},"content":{"rendered":"<p>Informazioni su Samsung 4gb m471b173db0-yk0: Il modulo RAM utilizza la tecnologia DDR3L, acronimo di \u201cDouble Data Rate 3 Low Voltage\u201d. Questa tecnologia consente velocit\u00e0 di trasferimento dati pi\u00f9 elevate e prestazioni complessive del sistema migliorate rispetto ai vecchi moduli DDR2. La \u201cL\u201d in DDR3L indica il funzionamento a bassa tensione, ovvero funziona a una tensione inferiore (1,35 V) rispetto ai moduli DDR3 standard, con conseguente riduzione del consumo energetico e della generazione di calore.<\/p>\n<p>La memoria opera a una velocit\u00e0 di clock di 1600 MHz (o 1,6 GHz), che determina la velocit\u00e0 con cui i dati possono essere letti o scritti sul modulo. Una velocit\u00e0 di clock pi\u00f9 elevata si traduce in un trasferimento dati pi\u00f9 rapido e in una migliore reattivit\u00e0 del sistema.<\/p>\n<p>La specifica PC3L 12800S indica che il modulo RAM \u00e8 conforme allo standard PC3L-12800, equivalente a DDR3-1600. La \u201cS\u201d sta per Small Outline Dual Inline Memory Module (SODIMM), un modulo di memoria progettato specificamente per laptop e sistemi con fattore di forma ridotto. Il modulo ha 204 pin, il numero di pin standard per i moduli SODIMM.<\/p>\n<p>La designazione 1Rx8 indica che il modulo ha un singolo rank e utilizza otto chip di memoria su un lato. Questa configurazione consente un accesso efficiente ai dati e prestazioni di memoria migliorate.<\/p>\n<p>Nel complesso, la RAM per laptop PC3L 12800S 1Rx8 da 4 GB DDR3L 1600 MHz SODIMM a 204 pin \u00e8 un modulo di memoria affidabile ed efficiente dal punto di vista energetico in grado di migliorare le prestazioni e la reattivit\u00e0 del laptop, rendendolo adatto alle attivit\u00e0 quotidiane, alla navigazione web e al multitasking leggero.<\/p>\n","protected":false},"excerpt":{"rendered":"<p>La RAM per laptop da 4 GB DDR3L 1600 MHz PC3L 12800S 1Rx8 SODIMM a 204 pin \u00e8 un modulo di memoria ad alte prestazioni progettato specificamente per computer portatili. Offre una capacit\u00e0 di 4 GB, sufficiente per la maggior parte delle attivit\u00e0 quotidiane e per il multitasking leggero.<\/p>\n","protected":false},"featured_media":11302,"template":"","meta":[],"product_brand":[],"product_cat":[38,37],"product_tag":[],"class_list":{"0":"post-11243","1":"product","2":"type-product","3":"status-publish","4":"has-post-thumbnail","6":"product_cat-ddr3-ddr3l","7":"product_cat-ram-memory","9":"first","10":"instock","11":"taxable","12":"shipping-taxable","13":"purchasable","14":"product-type-simple"},"_links":{"self":[{"href":"https:\/\/boreait.com\/it\/wp-json\/wp\/v2\/product\/11243","targetHints":{"allow":["GET"]}}],"collection":[{"href":"https:\/\/boreait.com\/it\/wp-json\/wp\/v2\/product"}],"about":[{"href":"https:\/\/boreait.com\/it\/wp-json\/wp\/v2\/types\/product"}],"wp:featuredmedia":[{"embeddable":true,"href":"https:\/\/boreait.com\/it\/wp-json\/wp\/v2\/media\/11302"}],"wp:attachment":[{"href":"https:\/\/boreait.com\/it\/wp-json\/wp\/v2\/media?parent=11243"}],"wp:term":[{"taxonomy":"product_brand","embeddable":true,"href":"https:\/\/boreait.com\/it\/wp-json\/wp\/v2\/product_brand?post=11243"},{"taxonomy":"product_cat","embeddable":true,"href":"https:\/\/boreait.com\/it\/wp-json\/wp\/v2\/product_cat?post=11243"},{"taxonomy":"product_tag","embeddable":true,"href":"https:\/\/boreait.com\/it\/wp-json\/wp\/v2\/product_tag?post=11243"}],"curies":[{"name":"wp","href":"https:\/\/api.w.org\/{rel}","templated":true}]}}