{"id":11242,"date":"2025-07-25T10:55:23","date_gmt":"2025-07-25T10:55:23","guid":{"rendered":"https:\/\/boreait.com\/it\/?post_type=product&#038;p=11242"},"modified":"2025-07-25T10:55:51","modified_gmt":"2025-07-25T10:55:51","slug":"processore-intel-core-i5-3470-6m-cache-fino-a-360-ghz-sr0t8","status":"publish","type":"product","link":"https:\/\/boreait.com\/it\/product\/processore-intel-core-i5-3470-6m-cache-fino-a-360-ghz-sr0t8\/","title":{"rendered":"Processore Intel\u00ae Core\u2122 i5-3470 6M Cache, fino a 3,60 GHz SR0T8"},"content":{"rendered":"<p>Dotato di una cache da 6 MB, il processore Intel\u00ae Core\u2122 i5-3470 SR0T8 offre un accesso ai dati rapidissimo, consentendo di recuperare ed elaborare le informazioni con una velocit\u00e0 notevole. Che si tratti di multitasking tra pi\u00f9 applicazioni o di eseguire programmi ad alto consumo di risorse, questo processore garantisce un funzionamento fluido senza compromettere le prestazioni.<\/p>\n<p>Con una velocit\u00e0 di clock di base fino a 3,20 GHz, il processore Intel\u00ae Core\u2122 i5-3470 offre prestazioni rapide e reattive, gestendo senza problemi le attivit\u00e0 di elaborazione quotidiane. Hai bisogno di una spinta extra? Grazie alla tecnologia Intel\u00ae Turbo Boost, il processore pu\u00f2 aumentare dinamicamente la sua velocit\u00e0 di clock fino a 3,60 GHz, offrendo prestazioni eccezionali quando ne hai pi\u00f9 bisogno.<\/p>\n<p>Basato sull\u2019architettura avanzata di Intel, questo processore offre una maggiore efficienza energetica, garantendo prestazioni ottimali e riducendo al minimo il consumo energetico. Ci\u00f2 significa che puoi godere dei vantaggi dell\u2019elaborazione ad alta velocit\u00e0 senza preoccuparti di un consumo energetico eccessivo o della generazione di calore. <\/p>\n<p>Il processore Intel\u00ae Core\u2122 i5-3470 \u00e8 estremamente versatile e compatibile con un\u2019ampia gamma di dispositivi e sistemi. Che tu stia assemblando un computer desktop o aggiornando la tua configurazione esistente, questo processore offre la flessibilit\u00e0 di cui hai bisogno. Supporta vari tipi di socket ed \u00e8 compatibile con i sistemi operativi Windows e macOS, garantendo una perfetta integrazione nel tuo ambiente preferito.<\/p>\n<p>Che tu sia un professionista alla ricerca di prestazioni affidabili per attivit\u00e0 impegnative o un utente occasionale che desidera migliorare la propria esperienza di elaborazione, il processore Intel\u00ae Core\u2122 i5-3470 \u00e8 una scelta eccellente. Sperimenta velocit\u00e0, efficienza e reattivit\u00e0 eccezionali con questo straordinario processore e porta le tue capacit\u00e0 di elaborazione a un livello superiore.<\/p>\n","protected":false},"excerpt":{"rendered":"<p>Vi presentiamo il processore Intel\u00ae Core\u2122 i5-3470, una potente soluzione di elaborazione progettata per portare le vostre prestazioni e la vostra produttivit\u00e0 a nuovi livelli. Grazie alle sue straordinarie funzionalit\u00e0 e alla tecnologia all&#8217;avanguardia, questo processore offre un&#8217;esperienza di elaborazione fluida ed efficiente.<\/p>\n","protected":false},"featured_media":11301,"template":"","meta":[],"product_brand":[],"product_cat":[40],"product_tag":[],"class_list":{"0":"post-11242","1":"product","2":"type-product","3":"status-publish","4":"has-post-thumbnail","6":"product_cat-processors-cpu","8":"first","9":"instock","10":"taxable","11":"shipping-taxable","12":"purchasable","13":"product-type-simple"},"_links":{"self":[{"href":"https:\/\/boreait.com\/it\/wp-json\/wp\/v2\/product\/11242","targetHints":{"allow":["GET"]}}],"collection":[{"href":"https:\/\/boreait.com\/it\/wp-json\/wp\/v2\/product"}],"about":[{"href":"https:\/\/boreait.com\/it\/wp-json\/wp\/v2\/types\/product"}],"wp:featuredmedia":[{"embeddable":true,"href":"https:\/\/boreait.com\/it\/wp-json\/wp\/v2\/media\/11301"}],"wp:attachment":[{"href":"https:\/\/boreait.com\/it\/wp-json\/wp\/v2\/media?parent=11242"}],"wp:term":[{"taxonomy":"product_brand","embeddable":true,"href":"https:\/\/boreait.com\/it\/wp-json\/wp\/v2\/product_brand?post=11242"},{"taxonomy":"product_cat","embeddable":true,"href":"https:\/\/boreait.com\/it\/wp-json\/wp\/v2\/product_cat?post=11242"},{"taxonomy":"product_tag","embeddable":true,"href":"https:\/\/boreait.com\/it\/wp-json\/wp\/v2\/product_tag?post=11242"}],"curies":[{"name":"wp","href":"https:\/\/api.w.org\/{rel}","templated":true}]}}