{"id":11241,"date":"2025-07-25T10:55:23","date_gmt":"2025-07-25T10:55:23","guid":{"rendered":"https:\/\/boreait.com\/it\/?post_type=product&#038;p=11241"},"modified":"2026-01-14T07:34:04","modified_gmt":"2026-01-14T07:34:04","slug":"processore-intel-core-i5-4460-sr1qk","status":"publish","type":"product","link":"https:\/\/boreait.com\/it\/product\/processore-intel-core-i5-4460-sr1qk\/","title":{"rendered":"Processore Intel\u00ae Core\u2122 i5-4460 SR1QK"},"content":{"rendered":"<p>Dotato di una cache di ben 6 MB, il processore Core\u2122 i5-4460 SR1QK garantisce una reattivit\u00e0 fulminea e capacit\u00e0 multitasking impeccabili. Indipendentemente da quanto siano impegnative le tue attivit\u00e0, questo processore le gestir\u00e0 con facilit\u00e0, offrendo prestazioni fluide ed efficienti.<\/p>\n<p>Con una velocit\u00e0 di clock che pu\u00f2 raggiungere i 3,40 GHz, il processore Core\u2122 i5-4460 offre un\u2019incredibile potenza di elaborazione. Che tu stia eseguendo applicazioni ad alto consumo di risorse, modificando contenuti multimediali ad alta risoluzione o giocando ai videogiochi pi\u00f9 recenti, questo processore offre velocit\u00e0 e reattivit\u00e0 eccezionali, garantendo un\u2019esperienza di elaborazione impeccabile.<\/p>\n<p>Il processore Intel\u00ae Core\u2122 i5-4460 vanta anche l\u2019avanzata tecnologia Intel\u00ae Turbo Boost, che aumenta dinamicamente la velocit\u00e0 di clock in base al carico di lavoro. Ci\u00f2 significa che quando hai bisogno di una maggiore potenza, il processore regola automaticamente la sua frequenza, fornendo un significativo aumento delle prestazioni senza alcun intervento manuale. <\/p>\n<p>Basato sull\u2019architettura all\u2019avanguardia di Intel, questo processore offre un consumo energetico efficiente, garantendo prestazioni di elaborazione elevate senza sacrificare l\u2019efficienza energetica. Che siate attenti all\u2019ambiente o semplicemente desideriate ridurre le bollette elettriche, il processore Core\u2122 i5-4460 \u00e8 una scelta eccellente.<\/p>\n<p>Oltre alle sue prestazioni eccezionali, questo processore \u00e8 progettato anche per offrire un\u2019esperienza visiva fluida e immersiva. Grazie alla scheda grafica Intel\u00ae HD integrata, supporta immagini straordinarie, colori vivaci e un rendering grafico fluido, consentendo di godere di film, giochi e contenuti multimediali con dettagli mozzafiato.<\/p>\n<p>Migliora la tua esperienza di elaborazione con il processore Intel\u00ae Core\u2122 i5-4460. Grazie alle sue prestazioni impressionanti, al consumo energetico efficiente e alle capacit\u00e0 grafiche immersive, questo processore \u00e8 la scelta perfetta per gli utenti che cercano una soluzione affidabile e ad alte prestazioni. Sfrutta il tuo vero potenziale e affronta qualsiasi attivit\u00e0 con sicurezza grazie a questo processore all\u2019avanguardia.<\/p>\n","protected":false},"excerpt":{"rendered":"<p>Vi presentiamo il processore Intel\u00ae Core\u2122 i5-4460, una potente soluzione di elaborazione progettata per aumentare la produttivit\u00e0 e migliorare le esperienze digitali. Grazie alla sua tecnologia all&#8217;avanguardia e alle prestazioni straordinarie, questo processore \u00e8 perfetto sia per il lavoro che per il tempo libero.<\/p>\n<p>&nbsp;<\/p>\n","protected":false},"featured_media":11300,"template":"","meta":[],"product_brand":[],"product_cat":[40],"product_tag":[],"class_list":{"0":"post-11241","1":"product","2":"type-product","3":"status-publish","4":"has-post-thumbnail","6":"product_cat-processors-cpu","8":"first","9":"instock","10":"taxable","11":"shipping-taxable","12":"purchasable","13":"product-type-simple"},"_links":{"self":[{"href":"https:\/\/boreait.com\/it\/wp-json\/wp\/v2\/product\/11241","targetHints":{"allow":["GET"]}}],"collection":[{"href":"https:\/\/boreait.com\/it\/wp-json\/wp\/v2\/product"}],"about":[{"href":"https:\/\/boreait.com\/it\/wp-json\/wp\/v2\/types\/product"}],"wp:featuredmedia":[{"embeddable":true,"href":"https:\/\/boreait.com\/it\/wp-json\/wp\/v2\/media\/11300"}],"wp:attachment":[{"href":"https:\/\/boreait.com\/it\/wp-json\/wp\/v2\/media?parent=11241"}],"wp:term":[{"taxonomy":"product_brand","embeddable":true,"href":"https:\/\/boreait.com\/it\/wp-json\/wp\/v2\/product_brand?post=11241"},{"taxonomy":"product_cat","embeddable":true,"href":"https:\/\/boreait.com\/it\/wp-json\/wp\/v2\/product_cat?post=11241"},{"taxonomy":"product_tag","embeddable":true,"href":"https:\/\/boreait.com\/it\/wp-json\/wp\/v2\/product_tag?post=11241"}],"curies":[{"name":"wp","href":"https:\/\/api.w.org\/{rel}","templated":true}]}}