{"id":11234,"date":"2025-07-25T10:55:23","date_gmt":"2025-07-25T10:55:23","guid":{"rendered":"https:\/\/boreait.com\/it\/?post_type=product&#038;p=11234"},"modified":"2026-01-14T07:33:12","modified_gmt":"2026-01-14T07:33:12","slug":"scheda-porta-usb-con-lettore-di-schede-sd-audio-originale-hp-zbook-15-g2-vbl20-ls-9245p","status":"publish","type":"product","link":"https:\/\/boreait.com\/it\/product\/scheda-porta-usb-con-lettore-di-schede-sd-audio-originale-hp-zbook-15-g2-vbl20-ls-9245p\/","title":{"rendered":"Scheda porta USB con lettore di schede SD audio originale HP ZBook 15 G2 VBL20 LS-9245P"},"content":{"rendered":"<p>Questa scheda \u00e8 un componente HP originale e autentico, che garantisce compatibilit\u00e0 e affidabilit\u00e0 con il laptop ZBook 15 G2. \u00c8 progettata per soddisfare gli elevati standard qualitativi stabiliti da HP, garantendo prestazioni ottimali e una perfetta integrazione con il sistema interno del laptop.<\/p>\n<p>La funzionalit\u00e0 audio consente agli utenti di collegare cuffie, altoparlanti o altri dispositivi audio per godere di un\u2019uscita audio di alta qualit\u00e0. Il lettore di schede SD consente il comodo trasferimento di dati dalle schede SD, comunemente utilizzate in fotocamere, smartphone e altri dispositivi, direttamente al laptop.<\/p>\n<p>Inoltre, le porte USB di questa scheda offrono ulteriori opzioni di connettivit\u00e0, consentendo agli utenti di collegare vari dispositivi USB come unit\u00e0 di archiviazione esterne, stampanti, tastiere, mouse e altro ancora. Ci\u00f2 aumenta la versatilit\u00e0 del laptop e ne amplia le potenzialit\u00e0 di utilizzo.<\/p>\n<p>Nel complesso, la scheda porta USB con lettore di schede SD audio originale HP ZBook 15 G2 VBL20 LS-9245P \u00e8 un componente affidabile ed essenziale che aggiunge funzionalit\u00e0 al laptop HP ZBook 15 G2. L\u2019audio integrato, il lettore di schede SD e le porte USB lo rendono un\u2019aggiunta comoda e pratica per gli utenti che necessitano di opzioni di connettivit\u00e0 estese e di semplici capacit\u00e0 di trasferimento dati.<\/p>\n","protected":false},"excerpt":{"rendered":"<p>La scheda audio originale HP ZBook 15 G2 con lettore di schede SD e porta USB VBL20 LS-9245P \u00e8 un componente specializzato progettato specificamente per il modello di laptop HP ZBook 15 G2. Svolge molteplici funzioni, tra cui funzionalit\u00e0 audio, un lettore di schede SD e porte USB, il tutto integrato in un&#8217;unica scheda.<\/p>\n","protected":false},"featured_media":11267,"template":"","meta":[],"product_brand":[],"product_cat":[28],"product_tag":[26],"class_list":{"0":"post-11234","1":"product","2":"type-product","3":"status-publish","4":"has-post-thumbnail","6":"product_cat-motherboards-board-parts","7":"product_tag-hp","9":"first","10":"instock","11":"taxable","12":"shipping-taxable","13":"purchasable","14":"product-type-simple"},"_links":{"self":[{"href":"https:\/\/boreait.com\/it\/wp-json\/wp\/v2\/product\/11234","targetHints":{"allow":["GET"]}}],"collection":[{"href":"https:\/\/boreait.com\/it\/wp-json\/wp\/v2\/product"}],"about":[{"href":"https:\/\/boreait.com\/it\/wp-json\/wp\/v2\/types\/product"}],"wp:featuredmedia":[{"embeddable":true,"href":"https:\/\/boreait.com\/it\/wp-json\/wp\/v2\/media\/11267"}],"wp:attachment":[{"href":"https:\/\/boreait.com\/it\/wp-json\/wp\/v2\/media?parent=11234"}],"wp:term":[{"taxonomy":"product_brand","embeddable":true,"href":"https:\/\/boreait.com\/it\/wp-json\/wp\/v2\/product_brand?post=11234"},{"taxonomy":"product_cat","embeddable":true,"href":"https:\/\/boreait.com\/it\/wp-json\/wp\/v2\/product_cat?post=11234"},{"taxonomy":"product_tag","embeddable":true,"href":"https:\/\/boreait.com\/it\/wp-json\/wp\/v2\/product_tag?post=11234"}],"curies":[{"name":"wp","href":"https:\/\/api.w.org\/{rel}","templated":true}]}}