{"id":11192,"date":"2025-07-25T10:55:00","date_gmt":"2025-07-25T10:55:00","guid":{"rendered":"https:\/\/boreait.com\/it\/?post_type=product&#038;p=11192"},"modified":"2026-01-14T07:32:53","modified_gmt":"2026-01-14T07:32:53","slug":"scheda-di-rete-wireless-intel-ultimate-n-6300-mini-pci-e-wifi-633anhmw","status":"publish","type":"product","link":"https:\/\/boreait.com\/it\/product\/scheda-di-rete-wireless-intel-ultimate-n-6300-mini-pci-e-wifi-633anhmw\/","title":{"rendered":"Scheda di rete wireless Intel Ultimate-n 6300 Mini Pci-e WiFi 633anhmw"},"content":{"rendered":"<div class=\"group w-full text-gray-800 dark:text-gray-100 border-b border-black\/10 dark:border-gray-900\/50 bg-gray-50 dark:bg-[#444654]\">\n<div class=\"flex p-4 gap-4 text-base md:gap-6 md:max-w-2xl lg:max-w-[38rem] xl:max-w-3xl md:py-6 lg:px-0 m-auto\">\n<div class=\"relative flex w-[calc(100%-50px)] flex-col gap-1 md:gap-3 lg:w-[calc(100%-115px)]\">\n<div class=\"flex flex-grow flex-col gap-3\">\n<div class=\"min-h-[20px] flex flex-col items-start gap-4 whitespace-pre-wrap break-words\">\n<div class=\"markdown prose w-full break-words dark:prose-invert light\">\n<p>La scheda 633ANHMW utilizza il formato PCI Express Mini Card, un design compatto comunemente utilizzato nei laptop per la connettivit\u00e0 wireless. \u00c8 compatibile con gli standard IEEE 802.11a\/b\/g\/n, offrendo una connettivit\u00e0 wireless affidabile con retrocompatibilit\u00e0 con i vecchi standard Wi-Fi.<\/p>\n<p>La scheda Intel Ultimate-N 6300 supporta tre flussi spaziali e opera su entrambe le bande di frequenza a 2,4 GHz e 5 GHz, offrendo velocit\u00e0 di trasferimento dati migliorate e una migliore qualit\u00e0 del segnale. Grazie alla tecnologia MIMO (Multiple-Input Multiple-Output), offre connessioni wireless pi\u00f9 veloci e affidabili, riducendo la probabilit\u00e0 di interferenze del segnale e perdita di pacchetti. <\/p>\n<p>Dotata dell\u2019avanzata tecnologia wireless Intel, la scheda Ultimate-N 6300 supporta velocit\u00e0 wireless fino a 450 Mbps, consentendo streaming fluido, gaming online e attivit\u00e0 ad alta intensit\u00e0 di dati. Supporta inoltre una gamma di funzionalit\u00e0 di sicurezza, tra cui la crittografia WPA e WPA2, garantendo comunicazioni wireless sicure.<\/p>\n<p>La scheda 633ANHMW \u00e8 nota per le sue prestazioni elevate e la sua stabilit\u00e0, che la rendono adatta ad applicazioni e scenari impegnativi in cui una connessione wireless affidabile \u00e8 fondamentale. \u00c8 una scelta popolare tra gli utenti che necessitano di una connettivit\u00e0 wireless ad alta velocit\u00e0 e affidabile per i propri laptop o dispositivi con fattore di forma ridotto.<\/p>\n<p>Nel complesso, la scheda di rete wireless Intel Ultimate-N 6300 Mini PCI-E WiFi (633ANHMW) offre eccellenti prestazioni wireless, funzionalit\u00e0 avanzate e connettivit\u00e0 affidabile, rendendola la scelta ideale per chi cerca un aggiornamento o una sostituzione per la propria scheda di rete wireless esistente. N<\/p>\n<\/div>\n<\/div>\n<\/div>\n<\/div>\n<\/div>\n<\/div>\n","protected":false},"excerpt":{"rendered":"<p>La scheda di rete wireless Intel Ultimate-N 6300 Mini PCI-E WiFi (633ANHMW) \u00e8 una scheda di rete wireless ad alte prestazioni progettata per l&#8217;uso in laptop e dispositivi di piccole dimensioni. \u00c8 prodotta da Intel, rinomata azienda tecnologica nota per i suoi componenti informatici di alta qualit\u00e0.<\/p>\n","protected":false},"featured_media":11256,"template":"","meta":[],"product_brand":[],"product_cat":[28],"product_tag":[],"class_list":{"0":"post-11192","1":"product","2":"type-product","3":"status-publish","4":"has-post-thumbnail","6":"product_cat-motherboards-board-parts","8":"first","9":"instock","10":"taxable","11":"shipping-taxable","12":"purchasable","13":"product-type-simple"},"_links":{"self":[{"href":"https:\/\/boreait.com\/it\/wp-json\/wp\/v2\/product\/11192","targetHints":{"allow":["GET"]}}],"collection":[{"href":"https:\/\/boreait.com\/it\/wp-json\/wp\/v2\/product"}],"about":[{"href":"https:\/\/boreait.com\/it\/wp-json\/wp\/v2\/types\/product"}],"wp:featuredmedia":[{"embeddable":true,"href":"https:\/\/boreait.com\/it\/wp-json\/wp\/v2\/media\/11256"}],"wp:attachment":[{"href":"https:\/\/boreait.com\/it\/wp-json\/wp\/v2\/media?parent=11192"}],"wp:term":[{"taxonomy":"product_brand","embeddable":true,"href":"https:\/\/boreait.com\/it\/wp-json\/wp\/v2\/product_brand?post=11192"},{"taxonomy":"product_cat","embeddable":true,"href":"https:\/\/boreait.com\/it\/wp-json\/wp\/v2\/product_cat?post=11192"},{"taxonomy":"product_tag","embeddable":true,"href":"https:\/\/boreait.com\/it\/wp-json\/wp\/v2\/product_tag?post=11192"}],"curies":[{"name":"wp","href":"https:\/\/api.w.org\/{rel}","templated":true}]}}