{"id":11157,"date":"2025-07-25T10:54:36","date_gmt":"2025-07-25T10:54:36","guid":{"rendered":"https:\/\/boreait.com\/it\/?post_type=product&#038;p=11157"},"modified":"2025-07-25T10:55:15","modified_gmt":"2025-07-25T10:55:15","slug":"scheda-audio-asus-per-j201sa","status":"publish","type":"product","link":"https:\/\/boreait.com\/it\/product\/scheda-audio-asus-per-j201sa\/","title":{"rendered":"Scheda audio Asus per J201SA"},"content":{"rendered":"<p>La scheda audio Asus vanta capacit\u00e0 di elaborazione audio avanzate, offrendo un audio ricco e immersivo con eccezionale chiarezza e profondit\u00e0. Utilizza tecnologie audio all\u2019avanguardia per riprodurre il suono con una precisione sorprendente, rendendolo perfetto sia per l\u2019uso multimediale che per le attivit\u00e0 audio professionali.<\/p>\n<p>Dotata di un convertitore digitale-analogico (DAC) di alta qualit\u00e0, la scheda audio garantisce che ogni dettaglio audio venga riprodotto fedelmente, dando vita a un palcoscenico sonoro incontaminato e realistico. Il DAC riduce al minimo la distorsione e il rumore, fornendo un segnale audio puro che esalta le sottili sfumature di musica, film e giochi.<\/p>\n<p>Inoltre, la scheda audio \u00e8 dotata di componenti di alta qualit\u00e0, tra cui condensatori audio ad alta fedelt\u00e0 e circuiti di amplificazione audio avanzati. Questi componenti lavorano in sinergia per offrire un\u2019uscita audio potente e dinamica, consentendo agli utenti di immergersi completamente nei propri contenuti preferiti.<\/p>\n<p>La scheda audio Asus per J201SA \u00e8 inoltre dotata di una vasta gamma di opzioni di connettivit\u00e0. Include diverse prese audio, come porte per cuffie e microfono, consentendo una perfetta integrazione con una variet\u00e0 di periferiche audio. Inoltre, supporta formati audio ad alta risoluzione, garantendo la compatibilit\u00e0 con cuffie e altoparlanti di livello audiofilo.<\/p>\n<p>In termini di design, la scheda audio \u00e8 meticolosamente progettata per ridurre al minimo le interferenze e massimizzare le prestazioni audio. \u00c8 schermata per ridurre le interferenze elettromagnetiche, prevenendo rumori e distorsioni indesiderati. Il formato compatto garantisce un\u2019installazione semplice e consente un utilizzo efficiente dello spazio all\u2019interno del laptop.<\/p>\n<p>Nel complesso, la scheda audio Asus per il J201SA testimonia l\u2019impegno del marchio nel fornire una qualit\u00e0 audio eccezionale. Esalta le capacit\u00e0 audio del laptop, offrendo un\u2019esperienza audio immersiva e accattivante che migliora l\u2019intrattenimento, la produttivit\u00e0 e le attivit\u00e0 creative.<\/p>\n","protected":false},"excerpt":{"rendered":"<p>La scheda audio Asus, progettata specificamente per il modello J201SA, \u00e8 una soluzione audio all&#8217;avanguardia che migliora l&#8217;esperienza audio del laptop. Questa scheda audio elegante e compatta si integra perfettamente nella scheda madre del laptop, garantendo prestazioni e compatibilit\u00e0 ottimali.<\/p>\n","protected":false},"featured_media":11216,"template":"","meta":[],"product_brand":[],"product_cat":[28],"product_tag":[31],"class_list":{"0":"post-11157","1":"product","2":"type-product","3":"status-publish","4":"has-post-thumbnail","6":"product_cat-motherboards-board-parts","7":"product_tag-asus","9":"first","10":"instock","11":"taxable","12":"shipping-taxable","13":"purchasable","14":"product-type-simple"},"_links":{"self":[{"href":"https:\/\/boreait.com\/it\/wp-json\/wp\/v2\/product\/11157","targetHints":{"allow":["GET"]}}],"collection":[{"href":"https:\/\/boreait.com\/it\/wp-json\/wp\/v2\/product"}],"about":[{"href":"https:\/\/boreait.com\/it\/wp-json\/wp\/v2\/types\/product"}],"wp:featuredmedia":[{"embeddable":true,"href":"https:\/\/boreait.com\/it\/wp-json\/wp\/v2\/media\/11216"}],"wp:attachment":[{"href":"https:\/\/boreait.com\/it\/wp-json\/wp\/v2\/media?parent=11157"}],"wp:term":[{"taxonomy":"product_brand","embeddable":true,"href":"https:\/\/boreait.com\/it\/wp-json\/wp\/v2\/product_brand?post=11157"},{"taxonomy":"product_cat","embeddable":true,"href":"https:\/\/boreait.com\/it\/wp-json\/wp\/v2\/product_cat?post=11157"},{"taxonomy":"product_tag","embeddable":true,"href":"https:\/\/boreait.com\/it\/wp-json\/wp\/v2\/product_tag?post=11157"}],"curies":[{"name":"wp","href":"https:\/\/api.w.org\/{rel}","templated":true}]}}